{"id":126,"date":"2026-01-31T09:03:01","date_gmt":"2026-01-31T09:03:01","guid":{"rendered":"https:\/\/lmbynathpro.fr\/?page_id=126"},"modified":"2026-03-27T09:39:22","modified_gmt":"2026-03-27T09:39:22","slug":"a-propos-assistante-independante","status":"publish","type":"page","link":"https:\/\/lmbynathpro.fr\/?page_id=126","title":{"rendered":"A propos"},"content":{"rendered":"\n<div class=\"wp-block-group alignfull is-style-default has-background is-layout-flow wp-block-group-is-layout-flow\" style=\"border-top-color:#000000;background-color:#ffffff;margin-top:0;margin-bottom:0;padding-top:50px;padding-right:0;padding-bottom:50px;padding-left:0\">\n<h3 class=\"wp-block-heading has-text-align-center has-text-color has-josefin-sans-font-family\" style=\"color:#000000;padding-bottom:50px;font-size:clamp(24.034px, 1.502rem + ((1vw - 3.2px) * 1.814), 40px);font-style:normal;font-weight:600\">Nathalie, assistante ind\u00e9pendante pour entrepreneurs et TPE\/PME<\/h3>\n\n\n\n<p class=\"has-text-align-center\" style=\"padding-right:var(--wp--preset--spacing--40);padding-left:var(--wp--preset--spacing--40);font-size:clamp(16.293px, 1.018rem + ((1vw - 3.2px) * 0.989), 25px);\"><strong>J\u2019accompagne les entrepreneurs, artisans et TPE\/PME dans la gestion de leur administratif, afin de leur permettre de se concentrer sur leur c\u0153ur de m\u00e9tier et de gagner du temps.<\/strong><\/p>\n<\/div>\n\n\n\n<div class=\"wp-block-media-text alignfull is-stacked-on-mobile has-background\" style=\"background:linear-gradient(135deg,rgb(255,255,255) 0%,rgb(221,170,230) 100%);padding-top:0;grid-template-columns:30% auto\"><figure class=\"wp-block-media-text__media\"><img fetchpriority=\"high\" decoding=\"async\" width=\"683\" height=\"1024\" src=\"http:\/\/lmbynathpro.fr\/wp-content\/uploads\/2026\/01\/48d3d249-d65e-4018-90e2-61362f357820-683x1024.png\" alt=\"\" class=\"wp-image-99 size-full\" srcset=\"https:\/\/lmbynathpro.fr\/wp-content\/uploads\/2026\/01\/48d3d249-d65e-4018-90e2-61362f357820-683x1024.png 683w, https:\/\/lmbynathpro.fr\/wp-content\/uploads\/2026\/01\/48d3d249-d65e-4018-90e2-61362f357820-200x300.png 200w, https:\/\/lmbynathpro.fr\/wp-content\/uploads\/2026\/01\/48d3d249-d65e-4018-90e2-61362f357820-768x1152.png 768w, https:\/\/lmbynathpro.fr\/wp-content\/uploads\/2026\/01\/48d3d249-d65e-4018-90e2-61362f357820.png 1024w\" sizes=\"(max-width: 683px) 100vw, 683px\" \/><\/figure><div class=\"wp-block-media-text__content\">\n<div class=\"wp-block-columns is-layout-flex wp-container-core-columns-is-layout-c2427383 wp-block-columns-is-layout-flex\" style=\"margin-top:0px;padding-top:0;padding-right:var(--wp--preset--spacing--80);padding-bottom:0\">\n<div class=\"wp-block-column is-layout-flow wp-container-core-column-is-layout-7bdd0b95 wp-block-column-is-layout-flow\" style=\"padding-top:0px;padding-right:20px;padding-bottom:0px;padding-left:20px;flex-basis:1900px\">\n<h3 class=\"wp-block-heading\" style=\"padding-top:var(--wp--preset--spacing--80);font-size:clamp(15.747px, 0.984rem + ((1vw - 3.2px) * 0.938), 24px);\">\ud83d\udc69\u200d\ud83d\udcbc <strong>Pr\u00e9sentation<\/strong><\/h3>\n\n\n\n<p style=\"padding-top:var(--wp--preset--spacing--30);font-size:clamp(14px, 0.875rem + ((1vw - 3.2px) * 0.341), 17px);\">Tout d\u2019abord, maman de deux enfants, j\u2019ai toujours nourri le d\u00e9sir profond d\u2019entreprendre et de construire un projet \u00e0 mon image, en accord avec mes valeurs et mon rythme de vie.<\/p>\n\n\n\n<p style=\"font-size:clamp(14px, 0.875rem + ((1vw - 3.2px) * 0.341), 17px);\">Apr\u00e8s plusieurs ann\u00e9es de r\u00e9flexion, de pr\u00e9paration et d\u2019exp\u00e9rience professionnelle, j\u2019ai choisi de devenir assistante virtuelle ind\u00e9pendante. Ainsi, je peux aujourd\u2019hui accompagner des professionnels dans leur quotidien administratif. De cette mani\u00e8re, je leur apporte du temps, de la s\u00e9r\u00e9nit\u00e9 et une organisation optimale.<\/p>\n\n\n\n<h3 class=\"wp-block-heading\" style=\"padding-top:var(--wp--preset--spacing--70);font-size:clamp(15.747px, 0.984rem + ((1vw - 3.2px) * 0.938), 24px);\">\ud83d\udccc <strong>Mon parcours<\/strong><\/h3>\n\n\n\n<p style=\"padding-top:var(--wp--preset--spacing--50);font-size:clamp(14px, 0.875rem + ((1vw - 3.2px) * 0.682), 20px);font-style:normal;font-weight:700\">\ud83c\udf93 Formation et premi\u00e8res exp\u00e9riences<\/p>\n\n\n\n<p style=\"padding-top:var(--wp--preset--spacing--30);font-size:clamp(14px, 0.875rem + ((1vw - 3.2px) * 0.341), 17px);\">Pour commencer, apr\u00e8s des \u00e9tudes en comptabilit\u00e9, puis un BTS d\u2019assistante de gestion, j\u2019ai exerc\u00e9 pendant plusieurs ann\u00e9es en entreprise. Durant cette p\u00e9riode, j\u2019ai eu l\u2019opportunit\u00e9 de g\u00e9rer simultan\u00e9ment les aspects administratifs et comptables de diff\u00e9rentes structures.<\/p>\n\n\n\n<p style=\"padding-top:var(--wp--preset--spacing--50);font-size:clamp(14px, 0.875rem + ((1vw - 3.2px) * 0.682), 20px);font-style:normal;font-weight:700\">\ud83d\udcbc Comp\u00e9tences d\u00e9velopp\u00e9es au fil des ann\u00e9es<\/p>\n\n\n\n<p style=\"padding-top:var(--wp--preset--spacing--30);font-size:clamp(14px, 0.875rem + ((1vw - 3.2px) * 0.341), 17px);\">Gr\u00e2ce \u00e0 ces exp\u00e9riences, j\u2019ai d\u00e9velopp\u00e9 une <strong>grande polyvalence<\/strong>, une <strong>rigueur professionnelle<\/strong> et un <strong>r\u00e9el sens de l\u2019organisation<\/strong>. Aujourd\u2019hui, je suis parfaitement \u00e0 l\u2019aise avec <strong>la gestion multi-dossiers, les outils num\u00e9riques et les d\u00e9lais serr\u00e9s<\/strong>. Je fais preuve d\u2019autonomie et de fiabilit\u00e9 dans toutes les situations.<\/p>\n\n\n\n<h3 class=\"wp-block-heading\" style=\"padding-top:var(--wp--preset--spacing--70);font-size:clamp(15.747px, 0.984rem + ((1vw - 3.2px) * 0.938), 24px);\">\u2705 <strong>Pourquoi me choisir comme assistante virtuelle<\/strong><\/h3>\n\n\n\n<p style=\"padding-top:var(--wp--preset--spacing--50);font-size:clamp(14px, 0.875rem + ((1vw - 3.2px) * 0.341), 17px);\">En choisissant mon accompagnement, vous b\u00e9n\u00e9ficiez de :<\/p>\n\n\n\n<ul class=\"wp-block-list\">\n<li style=\"font-size:clamp(14px, 0.875rem + ((1vw - 3.2px) * 0.341), 17px);\">Une organisation claire et structur\u00e9e de vos dossiers<\/li>\n\n\n\n<li style=\"font-size:clamp(14px, 0.875rem + ((1vw - 3.2px) * 0.341), 17px);\">Une r\u00e9duction des t\u00e2ches chronophages<\/li>\n\n\n\n<li style=\"font-size:clamp(14px, 0.875rem + ((1vw - 3.2px) * 0.341), 17px);\">Plus de temps pour vous concentrer sur le d\u00e9veloppement de votre activit\u00e9<\/li>\n<\/ul>\n\n\n\n<p class=\"has-text-align-left\" style=\"padding-top:var(--wp--preset--spacing--30);font-size:clamp(14px, 0.875rem + ((1vw - 3.2px) * 0.341), 17px);\">De plus, chaque solution est personnalis\u00e9e selon vos besoins, car chaque entrepreneur m\u00e9rite un accompagnement adapt\u00e9.<\/p>\n<\/div>\n<\/div>\n<\/div><\/div>\n\n\n\n<div class=\"wp-block-media-text alignfull has-media-on-the-right is-stacked-on-mobile is-vertically-aligned-top is-image-fill-element has-background\" style=\"background-color:#000000;padding-top:0;grid-template-columns:auto 20%\"><div class=\"wp-block-media-text__content\">\n<div class=\"wp-block-columns is-layout-flex wp-container-core-columns-is-layout-4bcf4433 wp-block-columns-is-layout-flex\" style=\"margin-top:0px;padding-top:0;padding-right:0;padding-bottom:0\">\n<div class=\"wp-block-column is-layout-flow wp-container-core-column-is-layout-7bdd0b95 wp-block-column-is-layout-flow\" style=\"padding-top:0px;padding-right:20px;padding-bottom:0px;padding-left:20px;flex-basis:1900px\">\n<p class=\"has-text-align-center has-text-color has-link-color wp-elements-a6c63f1d9c76a5bc9b2e77565c1315d1\" style=\"color:#ffffff;padding-top:var(--wp--preset--spacing--50);padding-bottom:var(--wp--preset--spacing--50);font-size:clamp(24.034px, 1.502rem + ((1vw - 3.2px) * 1.814), 40px);\">\ud83d\udca1 <strong>Pourquoi faire appel \u00e0 moi ?<\/strong><\/p>\n\n\n\n<div class=\"wp-block-columns has-background is-layout-flex wp-container-core-columns-is-layout-72ec5d5f wp-block-columns-is-layout-flex\" style=\"background-color:#050505;margin-top:0px;padding-top:var(--wp--preset--spacing--60);padding-bottom:0\">\n<div class=\"wp-block-column has-text-color has-link-color wp-elements-baa4d9b0b78d597c9083a42560cd02ca has-global-padding is-content-justification-left is-layout-constrained wp-container-core-column-is-layout-70b3a572 wp-block-column-is-layout-constrained\" style=\"color:#fefefe;padding-top:0px;padding-right:0px;padding-bottom:0px;padding-left:0px;flex-basis:1800px\">\n<p style=\"font-size:clamp(14px, 0.875rem + ((1vw - 3.2px) * 0.341), 17px);\">\u200bParce que je sais que, lorsqu\u2019on est entrepreneur, les journ\u00e9es ne suffisent jamais. N\u00e9anmoins, l\u2019administratif est indispensable. Il ne doit pas freiner votre d\u00e9veloppement.<\/p>\n\n\n\n<p style=\"padding-top:var(--wp--preset--spacing--50);font-size:clamp(14px, 0.875rem + ((1vw - 3.2px) * 0.341), 17px);\">Mon r\u00f4le est de vous aider \u00e0 :<\/p>\n\n\n\n<ul class=\"wp-block-list\">\n<li style=\"font-size:clamp(14px, 0.875rem + ((1vw - 3.2px) * 0.341), 17px);\">Vous <strong>soulager <\/strong>des t\u00e2ches administratives chronophages<\/li>\n\n\n\n<li style=\"font-size:clamp(14px, 0.875rem + ((1vw - 3.2px) * 0.341), 17px);\">Vous <strong>organiser <\/strong>au quotidien<\/li>\n\n\n\n<li style=\"font-size:clamp(14px, 0.875rem + ((1vw - 3.2px) * 0.341), 17px);\">Vous <strong>recentrer&nbsp;<\/strong>sur ce qui compte vraiment<\/li>\n<\/ul>\n\n\n\n<p style=\"padding-top:var(--wp--preset--spacing--40);font-size:clamp(14px, 0.875rem + ((1vw - 3.2px) * 0.341), 17px);\">\u200bC\u2019est pourquoi, je propose un accompagnement sur mesure, adapt\u00e9 \u00e0 vos besoins et \u00e0 votre rythme. De plus, cet accompagnement comprend la gestion des factures, le suivi administratif et l\u2019organisation quotidienne.<\/p>\n\n\n\n<p style=\"padding-top:var(--wp--preset--spacing--50);font-size:clamp(14px, 0.875rem + ((1vw - 3.2px) * 0.341), 17px);\"><strong>\ud83d\udc49 R\u00e9sultat : plus de clart\u00e9, plus de temps et l\u2019esprit plus l\u00e9ger.\u200b\u200b<\/strong><\/p>\n\n\n\n<p style=\"padding-top:var(--wp--preset--spacing--70);font-size:clamp(15.747px, 0.984rem + ((1vw - 3.2px) * 0.938), 24px);\">\ud83e\udd1d<strong>Ma fa\u00e7on de travailler\u200b<\/strong><\/p>\n\n\n\n<p style=\"padding-top:var(--wp--preset--spacing--40);font-size:clamp(14px, 0.875rem + ((1vw - 3.2px) * 0.341), 17px);\">Je crois profond\u00e9ment \u00e0 une relation de travail fond\u00e9e sur :<\/p>\n\n\n\n<ul class=\"wp-block-list\">\n<li style=\"font-size:clamp(14px, 0.875rem + ((1vw - 3.2px) * 0.341), 17px);\">la confiance<\/li>\n\n\n\n<li style=\"font-size:clamp(14px, 0.875rem + ((1vw - 3.2px) * 0.341), 17px);\">la transparence<\/li>\n\n\n\n<li style=\"font-size:clamp(14px, 0.875rem + ((1vw - 3.2px) * 0.341), 17px);\">l\u2019\u00e9coute<\/li>\n\n\n\n<li style=\"font-size:clamp(14px, 0.875rem + ((1vw - 3.2px) * 0.341), 17px);\">la fiabilit\u00e9<\/li>\n<\/ul>\n\n\n\n<p style=\"padding-top:var(--wp--preset--spacing--40);padding-bottom:var(--wp--preset--spacing--60);font-size:clamp(14px, 0.875rem + ((1vw - 3.2px) * 0.341), 17px);\">Par cons\u00e9quent, je m\u2019implique comme une <strong>v\u00e9ritable collaboratrice externe<\/strong>, <strong>r\u00e9active et engag\u00e9e<\/strong>. De plus, vous b\u00e9n\u00e9ficiez de cette implication sans les contraintes li\u00e9es \u00e0 une embauche.<\/p>\n\n\n\n<p style=\"font-size:clamp(15.747px, 0.984rem + ((1vw - 3.2px) * 0.938), 24px);\">\u2728 <strong>Et si nous commencions \u00e0 collaborer ?\u200b\u200b<\/strong><\/p>\n\n\n\n<p style=\"padding-top:var(--wp--preset--spacing--40);font-size:clamp(14px, 0.875rem + ((1vw - 3.2px) * 0.341), 17px);\">Par cons\u00e9quent, si vous recherchez une assistante virtuelle <strong>fiable, organis\u00e9e et impliqu\u00e9e<\/strong>. Dans ce cas, si vous souhaitez d\u00e9l\u00e9guer en toute confiance, alors \u00e9changeons ensemble. &nbsp; &nbsp; &nbsp; &nbsp; &nbsp; &nbsp; &nbsp;<\/p>\n\n\n\n<div class=\"wp-block-columns is-layout-flex wp-container-core-columns-is-layout-28f84493 wp-block-columns-is-layout-flex\">\n<div class=\"wp-block-column is-layout-flow wp-block-column-is-layout-flow\" style=\"flex-basis:100%\">\n<div class=\"wp-block-buttons has-background is-content-justification-center is-layout-flex wp-container-core-buttons-is-layout-f999af7e wp-block-buttons-is-layout-flex\" style=\"background-color:#fbfbfb00;padding-top:var(--wp--preset--spacing--40);padding-right:0;padding-bottom:0px;padding-left:0;text-decoration:underline\">\n<div class=\"wp-block-button\"><a class=\"wp-block-button__link has-text-color has-background has-link-color has-large-font-size has-text-align-center has-custom-font-size wp-element-button\" href=\"https:\/\/lmbynathpro.fr\/index.php\/formulaire-de-contact\/\" style=\"color:#ffffff;background-color:#fcfcfc05;padding-top:30px;padding-bottom:30px;text-decoration:underline\"><strong>\ud83d\udc49 Contactez-moi<\/strong><\/a><\/div>\n<\/div>\n<\/div>\n<\/div>\n\n\n\n<p class=\"has-text-align-center\" style=\"padding-top:0;font-size:clamp(14px, 0.875rem + ((1vw - 3.2px) * 0.341), 17px);\">pour \u00e9changer sur vos besoins et envisager une collaboration adapt\u00e9e \u00e0 votre activit\u00e9.\u200b<\/p>\n\n\n\n<p class=\"has-background\" style=\"background-color:#000000;padding-top:var(--wp--preset--spacing--60);padding-right:0;padding-bottom:0;padding-left:0;font-size:clamp(14px, 0.875rem + ((1vw - 3.2px) * 0.455), 18px);\">\u00c0 tr\u00e8s bient\u00f4t,<\/p>\n\n\n\n<p class=\"has-text-align-left\" style=\"padding-top:var(--wp--preset--spacing--30);font-size:clamp(14px, 0.875rem + ((1vw - 3.2px) * 0.455), 18px);\"><strong>Nathalie<\/strong><\/p>\n\n\n\n<p class=\"has-text-align-center has-text-color has-josefin-sans-font-family\" style=\"color:#000000;font-size:clamp(14px, 0.875rem + ((1vw - 3.2px) * 0.455), 18px);font-style:normal;font-weight:400\"><\/p>\n<\/div>\n<\/div>\n\n\n\n<p class=\"has-text-align-left\" style=\"padding-top:var(--wp--preset--spacing--30);font-size:clamp(14px, 0.875rem + ((1vw - 3.2px) * 0.341), 17px);\">De plus, chaque solution est personnalis\u00e9e selon vos besoins, car chaque entrepreneur m\u00e9rite un accompagnement adapt\u00e9.<\/p>\n<\/div>\n<\/div>\n<\/div><figure class=\"wp-block-media-text__media\"><img decoding=\"async\" width=\"768\" height=\"1024\" src=\"http:\/\/lmbynathpro.fr\/wp-content\/uploads\/2026\/01\/marissa-grootes-flRm0z3MEoA-unsplash-768x1024.jpg\" alt=\"\" class=\"wp-image-268 size-full\" style=\"object-position:50% 50%\" srcset=\"https:\/\/lmbynathpro.fr\/wp-content\/uploads\/2026\/01\/marissa-grootes-flRm0z3MEoA-unsplash-768x1024.jpg 768w, https:\/\/lmbynathpro.fr\/wp-content\/uploads\/2026\/01\/marissa-grootes-flRm0z3MEoA-unsplash-225x300.jpg 225w, https:\/\/lmbynathpro.fr\/wp-content\/uploads\/2026\/01\/marissa-grootes-flRm0z3MEoA-unsplash-1152x1536.jpg 1152w, https:\/\/lmbynathpro.fr\/wp-content\/uploads\/2026\/01\/marissa-grootes-flRm0z3MEoA-unsplash-1536x2048.jpg 1536w, https:\/\/lmbynathpro.fr\/wp-content\/uploads\/2026\/01\/marissa-grootes-flRm0z3MEoA-unsplash-scaled.jpg 1920w\" sizes=\"(max-width: 768px) 100vw, 768px\" \/><\/figure><\/div>\n\n\n\n<p><\/p>\n","protected":false},"excerpt":{"rendered":"<p>Nathalie, assistante ind\u00e9pendante pour entrepreneurs et TPE\/PME J\u2019accompagne les entrepreneurs, artisans et TPE\/PME dans la gestion de leur administratif, afin de leur permettre de se concentrer sur leur c\u0153ur de m\u00e9tier et de gagner du temps.<\/p>\n","protected":false},"author":1,"featured_media":0,"parent":0,"menu_order":1,"comment_status":"closed","ping_status":"closed","template":"","meta":{"footnotes":""},"class_list":["post-126","page","type-page","status-publish","hentry"],"yoast_head":"<!-- This site is optimized with the Yoast SEO plugin v27.2 - https:\/\/yoast.com\/product\/yoast-seo-wordpress\/ -->\n<title>A propos - LM By Nath Pro<\/title>\n<meta name=\"description\" content=\"Nathalie, votre assistante ind\u00e9pendante. Je vous pr\u00e9sente mon parcours, pourquoi mon travail peut aider \u00e0 vous concentrer sur votre m\u00e9tier\" \/>\n<meta name=\"robots\" content=\"index, follow, max-snippet:-1, max-image-preview:large, max-video-preview:-1\" \/>\n<link rel=\"canonical\" href=\"https:\/\/lmbynathpro.fr\/?page_id=126\" \/>\n<meta property=\"og:locale\" content=\"fr_FR\" \/>\n<meta property=\"og:type\" content=\"article\" \/>\n<meta property=\"og:title\" content=\"A propos - LM By Nath Pro\" \/>\n<meta property=\"og:description\" content=\"Nathalie, votre assistante ind\u00e9pendante. Je vous pr\u00e9sente mon parcours, pourquoi mon travail peut aider \u00e0 vous concentrer sur votre m\u00e9tier\" \/>\n<meta property=\"og:url\" content=\"https:\/\/lmbynathpro.fr\/?page_id=126\" \/>\n<meta property=\"og:site_name\" content=\"LM By Nath Pro\" \/>\n<meta property=\"article:publisher\" content=\"https:\/\/www.facebook.com\/LMByNathPro\" \/>\n<meta property=\"article:modified_time\" content=\"2026-03-27T09:39:22+00:00\" \/>\n<meta property=\"og:image\" content=\"http:\/\/lmbynathpro.fr\/wp-content\/uploads\/2026\/01\/48d3d249-d65e-4018-90e2-61362f357820-683x1024.png\" \/>\n<meta name=\"twitter:card\" content=\"summary_large_image\" \/>\n<meta name=\"twitter:label1\" content=\"Dur\u00e9e de lecture estim\u00e9e\" \/>\n\t<meta name=\"twitter:data1\" content=\"3 minutes\" \/>\n<script type=\"application\/ld+json\" class=\"yoast-schema-graph\">{\"@context\":\"https:\/\/schema.org\",\"@graph\":[{\"@type\":\"WebPage\",\"@id\":\"https:\/\/lmbynathpro.fr\/?page_id=126\",\"url\":\"https:\/\/lmbynathpro.fr\/?page_id=126\",\"name\":\"A propos - LM By Nath Pro\",\"isPartOf\":{\"@id\":\"https:\/\/lmbynathpro.fr\/#website\"},\"primaryImageOfPage\":{\"@id\":\"https:\/\/lmbynathpro.fr\/?page_id=126#primaryimage\"},\"image\":{\"@id\":\"https:\/\/lmbynathpro.fr\/?page_id=126#primaryimage\"},\"thumbnailUrl\":\"http:\/\/lmbynathpro.fr\/wp-content\/uploads\/2026\/01\/48d3d249-d65e-4018-90e2-61362f357820-683x1024.png\",\"datePublished\":\"2026-01-31T09:03:01+00:00\",\"dateModified\":\"2026-03-27T09:39:22+00:00\",\"description\":\"Nathalie, votre assistante ind\u00e9pendante. Je vous pr\u00e9sente mon parcours, pourquoi mon travail peut aider \u00e0 vous concentrer sur votre m\u00e9tier\",\"breadcrumb\":{\"@id\":\"https:\/\/lmbynathpro.fr\/?page_id=126#breadcrumb\"},\"inLanguage\":\"fr-FR\",\"potentialAction\":[{\"@type\":\"ReadAction\",\"target\":[\"https:\/\/lmbynathpro.fr\/?page_id=126\"]}]},{\"@type\":\"ImageObject\",\"inLanguage\":\"fr-FR\",\"@id\":\"https:\/\/lmbynathpro.fr\/?page_id=126#primaryimage\",\"url\":\"https:\/\/lmbynathpro.fr\/wp-content\/uploads\/2026\/01\/48d3d249-d65e-4018-90e2-61362f357820.png\",\"contentUrl\":\"https:\/\/lmbynathpro.fr\/wp-content\/uploads\/2026\/01\/48d3d249-d65e-4018-90e2-61362f357820.png\",\"width\":1024,\"height\":1536},{\"@type\":\"BreadcrumbList\",\"@id\":\"https:\/\/lmbynathpro.fr\/?page_id=126#breadcrumb\",\"itemListElement\":[{\"@type\":\"ListItem\",\"position\":1,\"name\":\"Accueil\",\"item\":\"https:\/\/lmbynathpro.fr\/\"},{\"@type\":\"ListItem\",\"position\":2,\"name\":\"A propos\"}]},{\"@type\":\"WebSite\",\"@id\":\"https:\/\/lmbynathpro.fr\/#website\",\"url\":\"https:\/\/lmbynathpro.fr\/\",\"name\":\"LM By Nath Pro\",\"description\":\"D\u00e9l\u00e9guez votre administratif, respirez... D\u00e9veloppez votre activit\u00e9 en toute s\u00e9r\u00e9nit\u00e9\",\"publisher\":{\"@id\":\"https:\/\/lmbynathpro.fr\/#organization\"},\"alternateName\":\"LM By Nath Pro\",\"potentialAction\":[{\"@type\":\"SearchAction\",\"target\":{\"@type\":\"EntryPoint\",\"urlTemplate\":\"https:\/\/lmbynathpro.fr\/?s={search_term_string}\"},\"query-input\":{\"@type\":\"PropertyValueSpecification\",\"valueRequired\":true,\"valueName\":\"search_term_string\"}}],\"inLanguage\":\"fr-FR\"},{\"@type\":\"Organization\",\"@id\":\"https:\/\/lmbynathpro.fr\/#organization\",\"name\":\"LM By Nath Pro\",\"url\":\"https:\/\/lmbynathpro.fr\/\",\"logo\":{\"@type\":\"ImageObject\",\"inLanguage\":\"fr-FR\",\"@id\":\"https:\/\/lmbynathpro.fr\/#\/schema\/logo\/image\/\",\"url\":\"https:\/\/lmbynathpro.fr\/wp-content\/uploads\/2026\/01\/photo.png\",\"contentUrl\":\"https:\/\/lmbynathpro.fr\/wp-content\/uploads\/2026\/01\/photo.png\",\"width\":427,\"height\":466,\"caption\":\"LM By Nath Pro\"},\"image\":{\"@id\":\"https:\/\/lmbynathpro.fr\/#\/schema\/logo\/image\/\"},\"sameAs\":[\"https:\/\/www.facebook.com\/LMByNathPro\",\"https:\/\/www.instagram.com\/lmbynathpro\/\",\"https:\/\/www.linkedin.com\/in\/nathalie-heduin-64a57a241\/\"]}]}<\/script>\n<!-- \/ Yoast SEO plugin. -->","yoast_head_json":{"title":"A propos - LM By Nath Pro","description":"Nathalie, votre assistante ind\u00e9pendante. Je vous pr\u00e9sente mon parcours, pourquoi mon travail peut aider \u00e0 vous concentrer sur votre m\u00e9tier","robots":{"index":"index","follow":"follow","max-snippet":"max-snippet:-1","max-image-preview":"max-image-preview:large","max-video-preview":"max-video-preview:-1"},"canonical":"https:\/\/lmbynathpro.fr\/?page_id=126","og_locale":"fr_FR","og_type":"article","og_title":"A propos - LM By Nath Pro","og_description":"Nathalie, votre assistante ind\u00e9pendante. Je vous pr\u00e9sente mon parcours, pourquoi mon travail peut aider \u00e0 vous concentrer sur votre m\u00e9tier","og_url":"https:\/\/lmbynathpro.fr\/?page_id=126","og_site_name":"LM By Nath Pro","article_publisher":"https:\/\/www.facebook.com\/LMByNathPro","article_modified_time":"2026-03-27T09:39:22+00:00","og_image":[{"url":"http:\/\/lmbynathpro.fr\/wp-content\/uploads\/2026\/01\/48d3d249-d65e-4018-90e2-61362f357820-683x1024.png","type":"","width":"","height":""}],"twitter_card":"summary_large_image","twitter_misc":{"Dur\u00e9e de lecture estim\u00e9e":"3 minutes"},"schema":{"@context":"https:\/\/schema.org","@graph":[{"@type":"WebPage","@id":"https:\/\/lmbynathpro.fr\/?page_id=126","url":"https:\/\/lmbynathpro.fr\/?page_id=126","name":"A propos - LM By Nath Pro","isPartOf":{"@id":"https:\/\/lmbynathpro.fr\/#website"},"primaryImageOfPage":{"@id":"https:\/\/lmbynathpro.fr\/?page_id=126#primaryimage"},"image":{"@id":"https:\/\/lmbynathpro.fr\/?page_id=126#primaryimage"},"thumbnailUrl":"http:\/\/lmbynathpro.fr\/wp-content\/uploads\/2026\/01\/48d3d249-d65e-4018-90e2-61362f357820-683x1024.png","datePublished":"2026-01-31T09:03:01+00:00","dateModified":"2026-03-27T09:39:22+00:00","description":"Nathalie, votre assistante ind\u00e9pendante. Je vous pr\u00e9sente mon parcours, pourquoi mon travail peut aider \u00e0 vous concentrer sur votre m\u00e9tier","breadcrumb":{"@id":"https:\/\/lmbynathpro.fr\/?page_id=126#breadcrumb"},"inLanguage":"fr-FR","potentialAction":[{"@type":"ReadAction","target":["https:\/\/lmbynathpro.fr\/?page_id=126"]}]},{"@type":"ImageObject","inLanguage":"fr-FR","@id":"https:\/\/lmbynathpro.fr\/?page_id=126#primaryimage","url":"https:\/\/lmbynathpro.fr\/wp-content\/uploads\/2026\/01\/48d3d249-d65e-4018-90e2-61362f357820.png","contentUrl":"https:\/\/lmbynathpro.fr\/wp-content\/uploads\/2026\/01\/48d3d249-d65e-4018-90e2-61362f357820.png","width":1024,"height":1536},{"@type":"BreadcrumbList","@id":"https:\/\/lmbynathpro.fr\/?page_id=126#breadcrumb","itemListElement":[{"@type":"ListItem","position":1,"name":"Accueil","item":"https:\/\/lmbynathpro.fr\/"},{"@type":"ListItem","position":2,"name":"A propos"}]},{"@type":"WebSite","@id":"https:\/\/lmbynathpro.fr\/#website","url":"https:\/\/lmbynathpro.fr\/","name":"LM By Nath Pro","description":"D\u00e9l\u00e9guez votre administratif, respirez... D\u00e9veloppez votre activit\u00e9 en toute s\u00e9r\u00e9nit\u00e9","publisher":{"@id":"https:\/\/lmbynathpro.fr\/#organization"},"alternateName":"LM By Nath Pro","potentialAction":[{"@type":"SearchAction","target":{"@type":"EntryPoint","urlTemplate":"https:\/\/lmbynathpro.fr\/?s={search_term_string}"},"query-input":{"@type":"PropertyValueSpecification","valueRequired":true,"valueName":"search_term_string"}}],"inLanguage":"fr-FR"},{"@type":"Organization","@id":"https:\/\/lmbynathpro.fr\/#organization","name":"LM By Nath Pro","url":"https:\/\/lmbynathpro.fr\/","logo":{"@type":"ImageObject","inLanguage":"fr-FR","@id":"https:\/\/lmbynathpro.fr\/#\/schema\/logo\/image\/","url":"https:\/\/lmbynathpro.fr\/wp-content\/uploads\/2026\/01\/photo.png","contentUrl":"https:\/\/lmbynathpro.fr\/wp-content\/uploads\/2026\/01\/photo.png","width":427,"height":466,"caption":"LM By Nath Pro"},"image":{"@id":"https:\/\/lmbynathpro.fr\/#\/schema\/logo\/image\/"},"sameAs":["https:\/\/www.facebook.com\/LMByNathPro","https:\/\/www.instagram.com\/lmbynathpro\/","https:\/\/www.linkedin.com\/in\/nathalie-heduin-64a57a241\/"]}]}},"_links":{"self":[{"href":"https:\/\/lmbynathpro.fr\/index.php?rest_route=\/wp\/v2\/pages\/126","targetHints":{"allow":["GET"]}}],"collection":[{"href":"https:\/\/lmbynathpro.fr\/index.php?rest_route=\/wp\/v2\/pages"}],"about":[{"href":"https:\/\/lmbynathpro.fr\/index.php?rest_route=\/wp\/v2\/types\/page"}],"author":[{"embeddable":true,"href":"https:\/\/lmbynathpro.fr\/index.php?rest_route=\/wp\/v2\/users\/1"}],"replies":[{"embeddable":true,"href":"https:\/\/lmbynathpro.fr\/index.php?rest_route=%2Fwp%2Fv2%2Fcomments&post=126"}],"version-history":[{"count":92,"href":"https:\/\/lmbynathpro.fr\/index.php?rest_route=\/wp\/v2\/pages\/126\/revisions"}],"predecessor-version":[{"id":999,"href":"https:\/\/lmbynathpro.fr\/index.php?rest_route=\/wp\/v2\/pages\/126\/revisions\/999"}],"wp:attachment":[{"href":"https:\/\/lmbynathpro.fr\/index.php?rest_route=%2Fwp%2Fv2%2Fmedia&parent=126"}],"curies":[{"name":"wp","href":"https:\/\/api.w.org\/{rel}","templated":true}]}}