{"id":124,"date":"2026-01-31T09:02:47","date_gmt":"2026-01-31T09:02:47","guid":{"rendered":"https:\/\/lmbynathpro.fr\/?page_id=124"},"modified":"2026-03-25T13:49:59","modified_gmt":"2026-03-25T13:49:59","slug":"accueil","status":"publish","type":"page","link":"https:\/\/lmbynathpro.fr\/","title":{"rendered":"Accueil"},"content":{"rendered":"\n<div class=\"wp-block-media-text alignfull is-stacked-on-mobile has-background\" style=\"border-top-color:#010101;border-bottom-color:#040404;background-color:#ddaae6;grid-template-columns:39% auto\"><figure class=\"wp-block-media-text__media\"><img decoding=\"async\" src=\"https:\/\/tyler.com\/wp-content\/uploads\/2023\/11\/Dolphine-Home-Hero-Cover-image.jpeg\" alt=\"Poste de travail d'assistante administrative et pr\u00e9-comptable\" class=\"wp-image-1534 size-full\"\/><\/figure><div class=\"wp-block-media-text__content\">\n<h2 class=\"wp-block-heading alignwide has-text-align-center has-text-color has-josefin-sans-font-family\" style=\"color:#000000;padding-top:0;padding-bottom:0;font-size:clamp(21.536px, 1.346rem + ((1vw - 3.2px) * 1.53), 35px);font-style:normal;font-weight:600;text-transform:none\">Gagnez du temps<\/h2>\n\n\n\n<p class=\"has-text-align-center\" style=\"font-size:clamp(18.959px, 1.185rem + ((1vw - 3.2px) * 1.255), 30px);\"><strong>Concentrez-vous sur votre coeur de m\u00e9tier<\/strong><\/p>\n\n\n\n<p class=\"has-text-align-center\" style=\"font-size:clamp(18.959px, 1.185rem + ((1vw - 3.2px) * 1.255), 30px);\"><strong>Assistante administrative &amp; pr\u00e9-comptabilit\u00e9 pour TPE, ind\u00e9pendants et PME<\/strong><\/p>\n\n\n\n<div class=\"wp-block-buttons is-content-justification-center is-layout-flex wp-container-core-buttons-is-layout-81ea0b43 wp-block-buttons-is-layout-flex\" style=\"margin-top:10px;margin-bottom:10px;padding-top:var(--wp--preset--spacing--40);padding-bottom:var(--wp--preset--spacing--40)\">\n<div class=\"wp-block-button has-custom-width wp-block-button__width-50 is-style-outline is-style-outline--1\"><a class=\"wp-block-button__link has-text-color has-background has-josefin-sans-font-family has-custom-font-size wp-element-button\" href=\"https:\/\/lmbynathpro.fr\/index.php\/formulaire-de-contact\/\" style=\"border-top-left-radius:10px;border-top-right-radius:10px;border-bottom-left-radius:10px;border-bottom-right-radius:10px;color:#ffffff;background-color:#111111;padding-top:15px;padding-right:var(--wp--preset--spacing--20);padding-bottom:15px;padding-left:var(--wp--preset--spacing--20);font-size:clamp(14px, 0.875rem + ((1vw - 3.2px) * 0.682), 20px);font-style:normal;font-weight:700\">\u00c9change gratuit<\/a><\/div>\n<\/div>\n<\/div><\/div>\n\n\n\n<div class=\"wp-block-group alignfull is-style-header-fixed has-background has-global-padding is-layout-constrained wp-container-core-group-is-layout-45720c8b wp-block-group-is-layout-constrained\" style=\"background-color:#fefefe;margin-top:0;margin-bottom:0;padding-top:80px;padding-right:0;padding-bottom:100px;padding-left:0\">\n<h3 class=\"wp-block-heading has-text-align-center has-text-color has-josefin-sans-font-family\" style=\"color:#000000;padding-bottom:0px;font-size:clamp(33.419px, 2.089rem + ((1vw - 3.2px) * 3.021), 60px);font-style:normal;font-weight:600;text-transform:uppercase\"><em>Pourquoi choisir LM By Nath&rsquo; Pro ?<\/em><\/h3>\n\n\n\n<p class=\"has-text-align-center has-text-color has-josefin-sans-font-family\" style=\"color:#000000;padding-top:0px;padding-right:0px;padding-bottom:0px;padding-left:0px;font-size:clamp(14px, 0.875rem + ((1vw - 3.2px) * 0.455), 18px);font-style:italic;font-weight:200\"><em>Parce que d\u00e9l\u00e9guer son administratif, c\u2019est avant tout une question de confiance.<\/em><\/p>\n\n\n\n<p class=\"has-text-color has-josefin-sans-font-family\" style=\"color:#000000;padding-top:90px;padding-right:0px;padding-bottom:10px;padding-left:0px;font-size:clamp(21.027px, 1.314rem + ((1vw - 3.2px) * 1.474), 34px);font-style:normal;font-weight:700\">Faire appel \u00e0 LM By Nath&rsquo; Pro&nbsp;<\/p>\n\n\n\n<p class=\"has-background\" style=\"background-color:#ffffff;font-size:clamp(14px, 0.875rem + ((1vw - 3.2px) * 0.341), 17px);\">Une collaboration flexible et professionnelle<\/p>\n\n\n\n<p style=\"font-size:clamp(14px, 0.875rem + ((1vw - 3.2px) * 0.341), 17px);\">D\u2019une part, vous b\u00e9n\u00e9ficiez de la souplesse d\u2019une assistante administrative ind\u00e9pendante. D\u2019autre part, cette flexibilit\u00e9 s\u2019allie \u00e0 la rigueur d\u2019une professionnelle exp\u00e9riment\u00e9e. Ainsi, vous profitez d\u2019un accompagnement efficace, sans les contraintes li\u00e9es \u00e0 l\u2019embauche d\u2019un salari\u00e9.<\/p>\n\n\n\n<p class=\"has-background\" style=\"background-color:#ffffff;font-size:clamp(14px, 0.875rem + ((1vw - 3.2px) * 0.341), 17px);\">Vous b\u00e9n\u00e9ficiez d\u2019un accompagnement sur mesure, pleinement adapt\u00e9 \u00e0 vos besoins r\u00e9els. De cette mani\u00e8re, vous pouvez vous concentrer sur l\u2019essentiel : <strong>le d\u00e9veloppement de votre activit\u00e9<\/strong>.<\/p>\n\n\n\n<h3 class=\"wp-block-heading has-large-font-size\" style=\"padding-top:var(--wp--preset--spacing--60);font-style:normal;font-weight:700\">\u2705 Les avantages<\/h3>\n\n\n\n<h3 class=\"wp-block-heading has-medium-font-size\" style=\"padding-top:var(--wp--preset--spacing--20)\">\ud83d\udd04 <strong>Souplesse totale<\/strong><\/h3>\n\n\n\n<p style=\"padding-top:0;font-size:clamp(14px, 0.875rem + ((1vw - 3.2px) * 0.341), 17px);\">Vous choisissez librement le rythme et le volume d\u2019intervention en fonction de votre charge de travail.<\/p>\n\n\n\n<h3 class=\"wp-block-heading has-medium-font-size\" style=\"padding-top:var(--wp--preset--spacing--30)\">\ud83d\udcb0 <strong>Ma\u00eetrise des co\u00fbts<\/strong><\/h3>\n\n\n\n<p style=\"font-size:clamp(14px, 0.875rem + ((1vw - 3.2px) * 0.341), 17px);\">Vous b\u00e9n\u00e9ficiez d\u2019une parfaite ma\u00eetrise budg\u00e9taire, sans engagement \u00e0 long terme et sans charges sociales.<\/p>\n\n\n\n<h3 class=\"wp-block-heading has-medium-font-size\" style=\"padding-top:var(--wp--preset--spacing--30)\">\ud83d\udd10<strong> Confidentialit\u00e9 garantie<\/strong><\/h3>\n\n\n\n<p style=\"font-size:clamp(14px, 0.875rem + ((1vw - 3.2px) * 0.341), 17px);\">Vos donn\u00e9es sont trait\u00e9es avec rigueur et discr\u00e9tion, dans le respect total de la confidentialit\u00e9.<\/p>\n\n\n\n<h3 class=\"wp-block-heading has-medium-font-size\" style=\"padding-top:var(--wp--preset--spacing--30)\">\u23f1\ufe0f <strong>Gain de temps et d\u2019efficacit\u00e9<\/strong><\/h3>\n\n\n\n<p style=\"font-size:clamp(14px, 0.875rem + ((1vw - 3.2px) * 0.341), 17px);\">Vous d\u00e9l\u00e9guez les t\u00e2ches chronophages. Ainsi, vous vous recentrez pleinement sur votre c\u0153ur de m\u00e9tier.<\/p>\n\n\n\n<div class=\"wp-block-group is-vertical is-layout-flex wp-container-core-group-is-layout-fe9cc265 wp-block-group-is-layout-flex\">\n<div class=\"wp-block-group is-style-default is-nowrap is-layout-flex wp-container-core-group-is-layout-6c531013 wp-block-group-is-layout-flex\">\n<div class=\"wp-block-group has-global-padding is-layout-constrained wp-container-core-group-is-layout-704e782a wp-block-group-is-layout-constrained\">\n<p style=\"padding-top:var(--wp--preset--spacing--40);font-size:clamp(14px, 0.875rem + ((1vw - 3.2px) * 0.682), 20px);\"><strong>\ud83e\udd1d Besoin d\u2019une assistante administrative fiable et professionnelle ?<\/strong> Contactez-moi d\u00e8s aujourd\u2019hui votre assistante ind\u00e9pendante administrative pour \u00e9changer sur vos besoins, et d\u00e9couvrir comment LM By Nath&rsquo; Pro peut simplifier votre quotidien professionnel.<\/p>\n<\/div>\n\n\n\n<div class=\"wp-block-buttons is-content-justification-space-between is-layout-flex wp-container-core-buttons-is-layout-7258ea3e wp-block-buttons-is-layout-flex\" style=\"padding-right:var(--wp--preset--spacing--80);padding-left:var(--wp--preset--spacing--80)\">\n<div class=\"wp-block-button has-custom-width wp-block-button__width-100\"><a class=\"wp-block-button__link has-text-color has-background has-link-color has-border-color has-medium-font-size has-text-align-center has-custom-font-size wp-element-button\" href=\"https:\/\/lmbynathpro.fr\/index.php\/formulaire-de-contact\/\" style=\"border-color:#010101;border-style:solid;border-width:1px;color:#010101;background-color:#ddaae6;padding-top:var(--wp--preset--spacing--30);padding-right:var(--wp--preset--spacing--30);padding-bottom:var(--wp--preset--spacing--30);padding-left:var(--wp--preset--spacing--30)\">\ud83d\udcc5 <strong>R\u00e9servez votre appel d\u00e9couverte<\/strong> <\/a><\/div>\n<\/div>\n<\/div>\n<\/div>\n<\/div>\n\n\n\n<div class=\"wp-block-group alignfull is-style-header-fixed has-background is-layout-flow wp-block-group-is-layout-flow\" style=\"background-color:#ffffff;margin-top:0;margin-bottom:0;padding-top:40px;padding-right:0;padding-bottom:100px;padding-left:0\">\n<div class=\"wp-block-cover alignfull is-light has-border-color\" style=\"border-color:#000000;border-width:2px;box-shadow:12px 12px 50px rgba(0, 0, 0, 0.4);min-height:256px;aspect-ratio:unset;\"><img decoding=\"async\" class=\"wp-block-cover__image-background wp-image-1534\" alt=\"Poste de travail d'assistante administrative et pr\u00e9-comptable\" src=\"https:\/\/tyler.com\/wp-content\/uploads\/2023\/11\/Dolphine-Home-Hero-Cover-image.jpeg\" style=\"object-position:70% 36%\" data-object-fit=\"cover\" data-object-position=\"70% 36%\"\/><span aria-hidden=\"true\" class=\"wp-block-cover__background has-background-dim-100 has-background-dim\" style=\"background-color:#ddaae6\"><\/span><div class=\"wp-block-cover__inner-container is-layout-flow wp-block-cover-is-layout-flow\">\n<h2 class=\"wp-block-heading alignwide has-text-align-center has-text-color has-josefin-sans-font-family\" style=\"color:#000000;padding-top:0;padding-bottom:0;font-size:clamp(28.836px, 1.802rem + ((1vw - 3.2px) * 2.405), 50px);font-style:normal;font-weight:600;text-transform:uppercase\">D\u00e9couvrez mes services sur mesure<\/h2>\n\n\n\n<p class=\"has-text-align-center\" style=\"font-size:clamp(14px, 0.875rem + ((1vw - 3.2px) * 0.682), 20px);\"><strong><em>une s\u00e9lection non exhaustive, car chaque entrepreneur m\u00e9rite une solution adapt\u00e9e \u00e0 ses besoins<\/em><\/strong><\/p>\n<\/div><\/div>\n\n\n\n<div class=\"wp-block-columns are-vertically-aligned-center is-layout-flex wp-container-core-columns-is-layout-58d9a479 wp-block-columns-is-layout-flex\" style=\"margin-top:0px;padding-top:7rem;padding-right:var(--wp--preset--spacing--50);padding-bottom:var(--wp--preset--spacing--50);padding-left:7rem\">\n<div class=\"wp-block-column is-vertically-aligned-center has-border-color has-background is-layout-flow wp-container-core-column-is-layout-0ce904cd wp-block-column-is-layout-flow\" style=\"border-color:#060606;border-style:dotted;border-top-left-radius:25px;border-top-right-radius:25px;border-bottom-left-radius:25px;border-bottom-right-radius:25px;background-color:#ddaae6;padding-top:50px;padding-right:50px;padding-bottom:50px;padding-left:50px;flex-basis:600px\">\n<h5 class=\"wp-block-heading has-text-align-center has-text-color has-josefin-sans-font-family\" style=\"color:#000000;padding-top:10px;padding-bottom:0;font-size:clamp(21.536px, 1.346rem + ((1vw - 3.2px) * 1.53), 35px);font-style:normal;font-weight:400;text-transform:none\"><strong>Pr\u00e9-comptabilit\u00e9<\/strong><\/h5>\n\n\n\n<p class=\"has-text-align-center has-text-color has-josefin-sans-font-family\" style=\"color:#000000;padding-top:20px;padding-bottom:50px;font-size:clamp(14px, 0.875rem + ((1vw - 3.2px) * 0.227), 16px);font-style:normal;font-weight:400\"><em>Gagnez du temps et restez concentr\u00e9 sur l\u2019essentiel<\/em><\/p>\n\n\n\n<h2 class=\"wp-block-heading has-medium-font-size\"><em>\u200b<\/em><em>\u200b<\/em><\/h2>\n\n\n\n<p class=\"has-text-align-left\" style=\"font-size:clamp(14px, 0.875rem + ((1vw - 3.2px) * 0.568), 19px);\">En tant qu\u2019entrepreneur, votre temps est pr\u00e9cieux. C\u2019est pourquoi, je vous accompagne dans la gestion de vos t\u00e2ches pr\u00e9-comptables. Ainsi, vous \u00eates lib\u00e9r\u00e9 des d\u00e9marches chronophages et pouvez garantir une organisation claire et efficace de vos documents financiers. La pr\u00e9paration des \u00e9l\u00e9ments pour votre expert-comptable, chaque \u00e9tape est g\u00e9r\u00e9e avec rigueur et confidentialit\u00e9.<\/p>\n\n\n\n<div class=\"wp-block-buttons is-content-justification-center is-nowrap is-layout-flex wp-container-core-buttons-is-layout-fffd8d8b wp-block-buttons-is-layout-flex\" style=\"padding-top:3.7rem\">\n<div class=\"wp-block-button is-style-outline is-style-outline--2\"><a class=\"wp-block-button__link has-text-color has-background has-link-color has-border-color has-custom-font-size wp-element-button\" href=\"https:\/\/lmbynathpro.fr\/index.php\/services-et-tarifs-assistante-administrative-pre-comptable\/\" style=\"border-color:#ffffff;border-style:solid;border-top-left-radius:14px;border-top-right-radius:14px;border-bottom-left-radius:14px;border-bottom-right-radius:14px;color:#ffffff;background-color:#040404;padding-top:var(--wp--preset--spacing--30);padding-right:var(--wp--preset--spacing--50);padding-bottom:var(--wp--preset--spacing--30);padding-left:var(--wp--preset--spacing--50);font-size:clamp(14px, 0.875rem + ((1vw - 3.2px) * 0.682), 20px);\"><strong>D\u00e9couvrir l&rsquo;offre &gt;<\/strong><\/a><\/div>\n<\/div>\n<\/div>\n\n\n\n<div class=\"wp-block-column is-vertically-aligned-center has-border-color has-background is-layout-flow wp-container-core-column-is-layout-0ce904cd wp-block-column-is-layout-flow\" style=\"border-color:#000000;border-style:dotted;border-top-left-radius:25px;border-top-right-radius:25px;border-bottom-left-radius:25px;border-bottom-right-radius:25px;background-color:#ddaae6;padding-top:50px;padding-right:50px;padding-bottom:50px;padding-left:50px;flex-basis:600px\">\n<h5 class=\"wp-block-heading has-text-align-center has-text-color has-josefin-sans-font-family\" style=\"color:#000000;padding-top:10px;padding-right:0;padding-bottom:0;font-size:clamp(21.536px, 1.346rem + ((1vw - 3.2px) * 1.53), 35px);font-style:normal;font-weight:400;text-transform:none\"><strong>Gestion administrative<\/strong><\/h5>\n\n\n\n<p class=\"has-text-align-center has-text-color has-josefin-sans-font-family\" style=\"color:#000000;margin-right:0;margin-left:0;padding-top:20px;padding-bottom:50px;font-size:clamp(14px, 0.875rem + ((1vw - 3.2px) * 0.227), 16px);font-style:normal;font-weight:400\"><em><em>Lib\u00e9rez-vous des t\u00e2ches r\u00e9p\u00e9titives et boostez votre productivit\u00e9<\/em><\/em><\/p>\n\n\n\n<p class=\"has-text-align-left has-text-color has-josefin-sans-font-family\" style=\"color:#000000;padding-top:var(--wp--preset--spacing--50);padding-bottom:var(--wp--preset--spacing--70);font-size:clamp(14px, 0.875rem + ((1vw - 3.2px) * 0.568), 19px);font-style:normal;font-weight:400\">La gestion administrative ne doit pas freiner la croissance de votre entreprise. Je vous accompagne en prenant en charge toutes les d\u00e9marches administratives essentielles, vous permettant ainsi de gagner en efficacit\u00e9 et de vous concentrer sur ce qui compte vraiment : faire prosp\u00e9rer votre activit\u00e9.<\/p>\n\n\n\n<div class=\"wp-block-buttons is-content-justification-center is-nowrap is-layout-flex wp-container-core-buttons-is-layout-1f95eb57 wp-block-buttons-is-layout-flex\" style=\"padding-top:var(--wp--preset--spacing--60);padding-bottom:0\">\n<div class=\"wp-block-button is-style-outline is-style-outline--3\"><a class=\"wp-block-button__link has-text-color has-background has-link-color has-border-color has-custom-font-size wp-element-button\" href=\"https:\/\/lmbynathpro.fr\/index.php\/services-et-tarifs-assistante-administrative-pre-comptable\/\" style=\"border-color:#ffffff;border-width:2px;border-top-left-radius:14px;border-top-right-radius:14px;border-bottom-left-radius:14px;border-bottom-right-radius:14px;color:#ffffff;background-color:#040404;padding-top:var(--wp--preset--spacing--30);padding-right:var(--wp--preset--spacing--50);padding-bottom:var(--wp--preset--spacing--30);padding-left:var(--wp--preset--spacing--50);font-size:clamp(14px, 0.875rem + ((1vw - 3.2px) * 0.682), 20px);\"><strong>D\u00e9couvrir l&rsquo;offre &gt;<\/strong><\/a><\/div>\n<\/div>\n<\/div>\n<\/div>\n\n\n\n<div class=\"wp-block-buttons is-content-justification-center is-layout-flex wp-container-core-buttons-is-layout-f27c6935 wp-block-buttons-is-layout-flex\" style=\"padding-top:var(--wp--preset--spacing--40)\">\n<div class=\"wp-block-button has-custom-width wp-block-button__width-75\"><a class=\"wp-block-button__link has-text-color has-background has-link-color has-custom-font-size wp-element-button\" href=\"https:\/\/lmbynathpro.fr\/index.php\/formulaire-de-contact\/\" style=\"border-top-left-radius:14px;border-top-right-radius:14px;border-bottom-left-radius:14px;border-bottom-right-radius:14px;color:#ffffff;background-color:#000000;padding-top:10px;padding-bottom:10px;font-size:clamp(21.536px, 1.346rem + ((1vw - 3.2px) * 1.53), 35px);\"><strong>Planifiez votre premier \u00e9change gratuit &gt;<\/strong><\/a><\/div>\n<\/div>\n<\/div>\n","protected":false},"excerpt":{"rendered":"<p>Pourquoi choisir LM By Nath&rsquo; Pro ? Parce que d\u00e9l\u00e9guer son administratif, c\u2019est avant tout une question de confiance. Faire appel \u00e0 LM By Nath&rsquo; Pro&nbsp; Une collaboration flexible et professionnelle D\u2019une part, vous b\u00e9n\u00e9ficiez de la souplesse d\u2019une assistante administrative ind\u00e9pendante. D\u2019autre part, cette flexibilit\u00e9 s\u2019allie \u00e0 la rigueur d\u2019une professionnelle exp\u00e9riment\u00e9e. Ainsi, vous [&hellip;]<\/p>\n","protected":false},"author":1,"featured_media":0,"parent":0,"menu_order":0,"comment_status":"closed","ping_status":"closed","template":"","meta":{"footnotes":""},"class_list":["post-124","page","type-page","status-publish","hentry"],"yoast_head":"<!-- This site is optimized with the Yoast SEO plugin v27.2 - https:\/\/yoast.com\/product\/yoast-seo-wordpress\/ -->\n<title>Nathalie - Assistante freelance Oise (60)<\/title>\n<meta name=\"description\" content=\"Assistante freelance dans l\u2019Oise : gestion administrative &amp; pr\u00e9paration comptable pour TPE, PME &amp; ind\u00e9pendants. Gagnez du temps.\" \/>\n<meta name=\"robots\" content=\"index, follow, max-snippet:-1, max-image-preview:large, max-video-preview:-1\" \/>\n<link rel=\"canonical\" href=\"https:\/\/lmbynathpro.fr\/\" \/>\n<meta property=\"og:locale\" content=\"fr_FR\" \/>\n<meta property=\"og:type\" content=\"article\" \/>\n<meta property=\"og:title\" content=\"Nathalie - Assistante freelance Oise (60)\" \/>\n<meta property=\"og:description\" content=\"Assistante freelance dans l\u2019Oise : gestion administrative &amp; pr\u00e9paration comptable pour TPE, PME &amp; ind\u00e9pendants. Gagnez du temps.\" \/>\n<meta property=\"og:url\" content=\"https:\/\/lmbynathpro.fr\/\" \/>\n<meta property=\"og:site_name\" content=\"LM By Nath Pro\" \/>\n<meta property=\"article:publisher\" content=\"https:\/\/www.facebook.com\/LMByNathPro\" \/>\n<meta property=\"article:modified_time\" content=\"2026-03-25T13:49:59+00:00\" \/>\n<meta property=\"og:image\" content=\"https:\/\/tyler.com\/wp-content\/uploads\/2023\/11\/Dolphine-Home-Hero-Cover-image.jpeg\" \/>\n<meta name=\"twitter:card\" content=\"summary_large_image\" \/>\n<meta name=\"twitter:label1\" content=\"Dur\u00e9e de lecture estim\u00e9e\" \/>\n\t<meta name=\"twitter:data1\" content=\"3 minutes\" \/>\n<script type=\"application\/ld+json\" class=\"yoast-schema-graph\">{\"@context\":\"https:\/\/schema.org\",\"@graph\":[{\"@type\":\"WebPage\",\"@id\":\"https:\/\/lmbynathpro.fr\/\",\"url\":\"https:\/\/lmbynathpro.fr\/\",\"name\":\"Nathalie - Assistante freelance Oise (60)\",\"isPartOf\":{\"@id\":\"https:\/\/lmbynathpro.fr\/#website\"},\"primaryImageOfPage\":{\"@id\":\"https:\/\/lmbynathpro.fr\/#primaryimage\"},\"image\":{\"@id\":\"https:\/\/lmbynathpro.fr\/#primaryimage\"},\"thumbnailUrl\":\"https:\/\/tyler.com\/wp-content\/uploads\/2023\/11\/Dolphine-Home-Hero-Cover-image.jpeg\",\"datePublished\":\"2026-01-31T09:02:47+00:00\",\"dateModified\":\"2026-03-25T13:49:59+00:00\",\"description\":\"Assistante freelance dans l\u2019Oise : gestion administrative & pr\u00e9paration comptable pour TPE, PME & ind\u00e9pendants. Gagnez du temps.\",\"breadcrumb\":{\"@id\":\"https:\/\/lmbynathpro.fr\/#breadcrumb\"},\"inLanguage\":\"fr-FR\",\"potentialAction\":[{\"@type\":\"ReadAction\",\"target\":[\"https:\/\/lmbynathpro.fr\/\"]}]},{\"@type\":\"ImageObject\",\"inLanguage\":\"fr-FR\",\"@id\":\"https:\/\/lmbynathpro.fr\/#primaryimage\",\"url\":\"https:\/\/tyler.com\/wp-content\/uploads\/2023\/11\/Dolphine-Home-Hero-Cover-image.jpeg\",\"contentUrl\":\"https:\/\/tyler.com\/wp-content\/uploads\/2023\/11\/Dolphine-Home-Hero-Cover-image.jpeg\"},{\"@type\":\"BreadcrumbList\",\"@id\":\"https:\/\/lmbynathpro.fr\/#breadcrumb\",\"itemListElement\":[{\"@type\":\"ListItem\",\"position\":1,\"name\":\"Accueil\",\"item\":\"https:\/\/lmbynathpro.fr\/\"},{\"@type\":\"ListItem\",\"position\":2,\"name\":\"Accueil\"}]},{\"@type\":\"WebSite\",\"@id\":\"https:\/\/lmbynathpro.fr\/#website\",\"url\":\"https:\/\/lmbynathpro.fr\/\",\"name\":\"LM By Nath Pro\",\"description\":\"D\u00e9l\u00e9guez votre administratif, respirez... D\u00e9veloppez votre activit\u00e9 en toute s\u00e9r\u00e9nit\u00e9\",\"publisher\":{\"@id\":\"https:\/\/lmbynathpro.fr\/#organization\"},\"alternateName\":\"LM By Nath Pro\",\"potentialAction\":[{\"@type\":\"SearchAction\",\"target\":{\"@type\":\"EntryPoint\",\"urlTemplate\":\"https:\/\/lmbynathpro.fr\/?s={search_term_string}\"},\"query-input\":{\"@type\":\"PropertyValueSpecification\",\"valueRequired\":true,\"valueName\":\"search_term_string\"}}],\"inLanguage\":\"fr-FR\"},{\"@type\":\"Organization\",\"@id\":\"https:\/\/lmbynathpro.fr\/#organization\",\"name\":\"LM By Nath Pro\",\"url\":\"https:\/\/lmbynathpro.fr\/\",\"logo\":{\"@type\":\"ImageObject\",\"inLanguage\":\"fr-FR\",\"@id\":\"https:\/\/lmbynathpro.fr\/#\/schema\/logo\/image\/\",\"url\":\"https:\/\/lmbynathpro.fr\/wp-content\/uploads\/2026\/01\/photo.png\",\"contentUrl\":\"https:\/\/lmbynathpro.fr\/wp-content\/uploads\/2026\/01\/photo.png\",\"width\":427,\"height\":466,\"caption\":\"LM By Nath Pro\"},\"image\":{\"@id\":\"https:\/\/lmbynathpro.fr\/#\/schema\/logo\/image\/\"},\"sameAs\":[\"https:\/\/www.facebook.com\/LMByNathPro\",\"https:\/\/www.instagram.com\/lmbynathpro\/\",\"https:\/\/www.linkedin.com\/in\/nathalie-heduin-64a57a241\/\"]}]}<\/script>\n<!-- \/ Yoast SEO plugin. -->","yoast_head_json":{"title":"Nathalie - Assistante freelance Oise (60)","description":"Assistante freelance dans l\u2019Oise : gestion administrative & pr\u00e9paration comptable pour TPE, PME & ind\u00e9pendants. Gagnez du temps.","robots":{"index":"index","follow":"follow","max-snippet":"max-snippet:-1","max-image-preview":"max-image-preview:large","max-video-preview":"max-video-preview:-1"},"canonical":"https:\/\/lmbynathpro.fr\/","og_locale":"fr_FR","og_type":"article","og_title":"Nathalie - Assistante freelance Oise (60)","og_description":"Assistante freelance dans l\u2019Oise : gestion administrative & pr\u00e9paration comptable pour TPE, PME & ind\u00e9pendants. Gagnez du temps.","og_url":"https:\/\/lmbynathpro.fr\/","og_site_name":"LM By Nath Pro","article_publisher":"https:\/\/www.facebook.com\/LMByNathPro","article_modified_time":"2026-03-25T13:49:59+00:00","og_image":[{"url":"https:\/\/tyler.com\/wp-content\/uploads\/2023\/11\/Dolphine-Home-Hero-Cover-image.jpeg","type":"","width":"","height":""}],"twitter_card":"summary_large_image","twitter_misc":{"Dur\u00e9e de lecture estim\u00e9e":"3 minutes"},"schema":{"@context":"https:\/\/schema.org","@graph":[{"@type":"WebPage","@id":"https:\/\/lmbynathpro.fr\/","url":"https:\/\/lmbynathpro.fr\/","name":"Nathalie - Assistante freelance Oise (60)","isPartOf":{"@id":"https:\/\/lmbynathpro.fr\/#website"},"primaryImageOfPage":{"@id":"https:\/\/lmbynathpro.fr\/#primaryimage"},"image":{"@id":"https:\/\/lmbynathpro.fr\/#primaryimage"},"thumbnailUrl":"https:\/\/tyler.com\/wp-content\/uploads\/2023\/11\/Dolphine-Home-Hero-Cover-image.jpeg","datePublished":"2026-01-31T09:02:47+00:00","dateModified":"2026-03-25T13:49:59+00:00","description":"Assistante freelance dans l\u2019Oise : gestion administrative & pr\u00e9paration comptable pour TPE, PME & ind\u00e9pendants. Gagnez du temps.","breadcrumb":{"@id":"https:\/\/lmbynathpro.fr\/#breadcrumb"},"inLanguage":"fr-FR","potentialAction":[{"@type":"ReadAction","target":["https:\/\/lmbynathpro.fr\/"]}]},{"@type":"ImageObject","inLanguage":"fr-FR","@id":"https:\/\/lmbynathpro.fr\/#primaryimage","url":"https:\/\/tyler.com\/wp-content\/uploads\/2023\/11\/Dolphine-Home-Hero-Cover-image.jpeg","contentUrl":"https:\/\/tyler.com\/wp-content\/uploads\/2023\/11\/Dolphine-Home-Hero-Cover-image.jpeg"},{"@type":"BreadcrumbList","@id":"https:\/\/lmbynathpro.fr\/#breadcrumb","itemListElement":[{"@type":"ListItem","position":1,"name":"Accueil","item":"https:\/\/lmbynathpro.fr\/"},{"@type":"ListItem","position":2,"name":"Accueil"}]},{"@type":"WebSite","@id":"https:\/\/lmbynathpro.fr\/#website","url":"https:\/\/lmbynathpro.fr\/","name":"LM By Nath Pro","description":"D\u00e9l\u00e9guez votre administratif, respirez... D\u00e9veloppez votre activit\u00e9 en toute s\u00e9r\u00e9nit\u00e9","publisher":{"@id":"https:\/\/lmbynathpro.fr\/#organization"},"alternateName":"LM By Nath Pro","potentialAction":[{"@type":"SearchAction","target":{"@type":"EntryPoint","urlTemplate":"https:\/\/lmbynathpro.fr\/?s={search_term_string}"},"query-input":{"@type":"PropertyValueSpecification","valueRequired":true,"valueName":"search_term_string"}}],"inLanguage":"fr-FR"},{"@type":"Organization","@id":"https:\/\/lmbynathpro.fr\/#organization","name":"LM By Nath Pro","url":"https:\/\/lmbynathpro.fr\/","logo":{"@type":"ImageObject","inLanguage":"fr-FR","@id":"https:\/\/lmbynathpro.fr\/#\/schema\/logo\/image\/","url":"https:\/\/lmbynathpro.fr\/wp-content\/uploads\/2026\/01\/photo.png","contentUrl":"https:\/\/lmbynathpro.fr\/wp-content\/uploads\/2026\/01\/photo.png","width":427,"height":466,"caption":"LM By Nath Pro"},"image":{"@id":"https:\/\/lmbynathpro.fr\/#\/schema\/logo\/image\/"},"sameAs":["https:\/\/www.facebook.com\/LMByNathPro","https:\/\/www.instagram.com\/lmbynathpro\/","https:\/\/www.linkedin.com\/in\/nathalie-heduin-64a57a241\/"]}]}},"_links":{"self":[{"href":"https:\/\/lmbynathpro.fr\/index.php?rest_route=\/wp\/v2\/pages\/124","targetHints":{"allow":["GET"]}}],"collection":[{"href":"https:\/\/lmbynathpro.fr\/index.php?rest_route=\/wp\/v2\/pages"}],"about":[{"href":"https:\/\/lmbynathpro.fr\/index.php?rest_route=\/wp\/v2\/types\/page"}],"author":[{"embeddable":true,"href":"https:\/\/lmbynathpro.fr\/index.php?rest_route=\/wp\/v2\/users\/1"}],"replies":[{"embeddable":true,"href":"https:\/\/lmbynathpro.fr\/index.php?rest_route=%2Fwp%2Fv2%2Fcomments&post=124"}],"version-history":[{"count":149,"href":"https:\/\/lmbynathpro.fr\/index.php?rest_route=\/wp\/v2\/pages\/124\/revisions"}],"predecessor-version":[{"id":1132,"href":"https:\/\/lmbynathpro.fr\/index.php?rest_route=\/wp\/v2\/pages\/124\/revisions\/1132"}],"wp:attachment":[{"href":"https:\/\/lmbynathpro.fr\/index.php?rest_route=%2Fwp%2Fv2%2Fmedia&parent=124"}],"curies":[{"name":"wp","href":"https:\/\/api.w.org\/{rel}","templated":true}]}}