{"id":1159,"date":"2026-03-25T14:34:07","date_gmt":"2026-03-25T14:34:07","guid":{"rendered":"https:\/\/lmbynathpro.fr\/?page_id=1159"},"modified":"2026-03-25T14:43:50","modified_gmt":"2026-03-25T14:43:50","slug":"les-7-erreurs-administratives-a-eviter-quand-on-est-entrepreneur","status":"publish","type":"page","link":"https:\/\/lmbynathpro.fr\/?page_id=1159","title":{"rendered":"Les 7 erreurs administratives \u00e0 \u00e9viter quand on est entrepreneur"},"content":{"rendered":"\n<div class=\"wp-block-cover alignfull is-light\" style=\"min-height:385px;aspect-ratio:unset;\"><img fetchpriority=\"high\" decoding=\"async\" width=\"1920\" height=\"1501\" class=\"wp-block-cover__image-background wp-image-1163 size-full\" alt=\"erreurs gestion administrative entrepreneur organisation\" src=\"https:\/\/lmbynathpro.fr\/wp-content\/uploads\/2026\/03\/myrfa-files-1614223_1920.jpg\" data-object-fit=\"cover\" srcset=\"https:\/\/lmbynathpro.fr\/wp-content\/uploads\/2026\/03\/myrfa-files-1614223_1920.jpg 1920w, https:\/\/lmbynathpro.fr\/wp-content\/uploads\/2026\/03\/myrfa-files-1614223_1920-300x235.jpg 300w, https:\/\/lmbynathpro.fr\/wp-content\/uploads\/2026\/03\/myrfa-files-1614223_1920-1024x801.jpg 1024w, https:\/\/lmbynathpro.fr\/wp-content\/uploads\/2026\/03\/myrfa-files-1614223_1920-768x600.jpg 768w, https:\/\/lmbynathpro.fr\/wp-content\/uploads\/2026\/03\/myrfa-files-1614223_1920-1536x1201.jpg 1536w\" sizes=\"(max-width: 1920px) 100vw, 1920px\" \/><span aria-hidden=\"true\" class=\"wp-block-cover__background has-background-dim-60 has-background-dim\" style=\"background-color:#f3f3f3\"><\/span><div class=\"wp-block-cover__inner-container has-global-padding is-layout-constrained wp-container-core-cover-is-layout-4383d167 wp-block-cover-is-layout-constrained\">\n<div class=\"wp-block-group is-vertical is-layout-flex wp-container-core-group-is-layout-50fe2b03 wp-block-group-is-layout-flex\" style=\"padding-top:var(--wp--preset--spacing--50)\">\n<div class=\"wp-block-columns alignwide is-layout-flex wp-container-core-columns-is-layout-28f84493 wp-block-columns-is-layout-flex\">\n<div class=\"wp-block-column has-global-padding is-layout-constrained wp-container-core-column-is-layout-9146eb6a wp-block-column-is-layout-constrained\" style=\"padding-right:10px;padding-left:10px;flex-basis:100%\">\n<div class=\"wp-block-group is-content-justification-center is-nowrap is-layout-flex wp-container-core-group-is-layout-23441af8 wp-block-group-is-layout-flex\">\n<div class=\"wp-block-group has-large-font-size is-vertical is-content-justification-center is-nowrap is-layout-flex wp-container-core-group-is-layout-3fb090f2 wp-block-group-is-layout-flex\" style=\"padding-top:0;padding-right:20px;padding-bottom:10px;padding-left:5rem\">\n<p class=\"has-text-align-center has-text-color\" style=\"color:#000000;padding-top:0;padding-right:0;font-size:clamp(33.419px, 2.089rem + ((1vw - 3.2px) * 3.021), 60px);font-style:normal;font-weight:700\">Les 7 erreurs administratives \u00e0 \u00e9viter quand on est entrepreneur<\/p>\n<\/div>\n<\/div>\n<\/div>\n<\/div>\n<\/div>\n<\/div><\/div>\n\n\n\n<div class=\"wp-block-group alignfull has-background has-global-padding is-layout-constrained wp-container-core-group-is-layout-c9af8629 wp-block-group-is-layout-constrained\" style=\"background-color:#ffffff;margin-top:0px;margin-bottom:0px;padding-top:100px;padding-right:var(--wp--preset--spacing--80);padding-bottom:50px;padding-left:var(--wp--preset--spacing--80)\">\n<p class=\"has-text-align-left has-text-color\" style=\"color:#292f45;font-size:clamp(14px, 0.875rem + ((1vw - 3.2px) * 0.682), 20px);\">La gestion administrative est essentielle pour les entrepreneurs, ind\u00e9pendants et petites entreprises. Pourtant, certaines erreurs administratives peuvent rapidement entra\u00eener une perte de temps, des probl\u00e8mes d\u2019organisation et m\u00eame des cons\u00e9quences financi\u00e8res.<br>Dans cet article, d\u00e9couvrez les erreurs administratives les plus fr\u00e9quentes et comment les \u00e9viter pour optimiser la gestion de votre activit\u00e9.<\/p>\n<\/div>\n\n\n\n<div class=\"wp-block-group alignwide has-global-padding is-layout-constrained wp-container-core-group-is-layout-eedb26da wp-block-group-is-layout-constrained\" style=\"padding-top:0px;padding-bottom:0px\">\n<div class=\"wp-block-columns alignwide is-layout-flex wp-container-core-columns-is-layout-1fee05b7 wp-block-columns-is-layout-flex\" style=\"margin-bottom:0px;padding-top:0;padding-right:0;padding-bottom:0;padding-left:0\">\n<div class=\"wp-block-column is-vertically-aligned-center is-layout-flow wp-container-core-column-is-layout-c94f03dd wp-block-column-is-layout-flow\" style=\"padding-top:0px;padding-right:30px;padding-bottom:0px;padding-left:50px\">\n<h5 class=\"wp-block-heading has-text-color has-josefin-sans-font-family\" style=\"color:#000000;padding-top:var(--wp--preset--spacing--50);font-size:clamp(14.082px, 0.88rem + ((1vw - 3.2px) * 0.786), 21px);font-style:normal;font-weight:400;text-transform:none\"><strong>1. Ne pas organiser ses documents<\/strong><\/h5>\n\n\n\n<p>L\u2019absence de classement est l\u2019une des erreurs les plus courantes.<br>Sans organisation, retrouver un document devient difficile et fait perdre un temps pr\u00e9cieux.<br>Mettre en place un syst\u00e8me de classement simple est indispensable.<\/p>\n<\/div>\n\n\n\n<div class=\"wp-block-column is-layout-flow wp-container-core-column-is-layout-ca467d2c wp-block-column-is-layout-flow\" style=\"border-style:none;border-width:0px;padding-top:30px;padding-right:30px;padding-bottom:30px;padding-left:50px\">\n<h5 class=\"wp-block-heading has-text-color has-josefin-sans-font-family\" style=\"color:#000000;padding-top:5.8rem;font-size:clamp(14.082px, 0.88rem + ((1vw - 3.2px) * 0.786), 21px);font-style:normal;font-weight:400;text-transform:none\"><strong>2. Reporter les t\u00e2ches administratives<\/strong><\/h5>\n\n\n\n<p>Remettre \u00e0 plus tard son administratif est une erreur fr\u00e9quente.<br>Les t\u00e2ches s\u2019accumulent rapidement et deviennent difficiles \u00e0 g\u00e9rer.<br>Il est important de traiter son administratif r\u00e9guli\u00e8rement.<\/p>\n\n\n\n<p class=\"has-text-color has-josefin-sans-font-family\" style=\"color:#000000;padding-right:0px;font-size:clamp(14px, 0.875rem + ((1vw - 3.2px) * 0.455), 18px);font-style:normal;font-weight:400\"><br><br><\/p>\n<\/div>\n\n\n\n<div class=\"wp-block-column is-vertically-aligned-center is-layout-flow wp-container-core-column-is-layout-c94f03dd wp-block-column-is-layout-flow\" style=\"padding-top:0px;padding-right:30px;padding-bottom:0px;padding-left:50px\">\n<h5 class=\"wp-block-heading has-text-color has-josefin-sans-font-family\" style=\"color:#000000;padding-top:var(--wp--preset--spacing--60);font-size:clamp(14.082px, 0.88rem + ((1vw - 3.2px) * 0.786), 21px);font-style:normal;font-weight:400;text-transform:none\"><strong>3. N\u00e9gliger le suivi des factures<\/strong><\/h5>\n\n\n\n<p>Oublier d\u2019envoyer une facture ou de suivre un paiement peut impacter votre tr\u00e9sorerie.<br>Un suivi rigoureux est essentiel pour assurer la stabilit\u00e9 financi\u00e8re de votre activit\u00e9.<\/p>\n\n\n\n<p class=\"has-text-color has-josefin-sans-font-family\" style=\"color:#000000;padding-right:0px;font-size:clamp(14px, 0.875rem + ((1vw - 3.2px) * 0.455), 18px);font-style:normal;font-weight:400\"><br><br><\/p>\n<\/div>\n<\/div>\n<\/div>\n\n\n\n<div class=\"wp-block-columns alignwide is-layout-flex wp-container-core-columns-is-layout-1fee05b7 wp-block-columns-is-layout-flex\" style=\"margin-bottom:0px;padding-top:0;padding-right:0;padding-bottom:0;padding-left:0\">\n<div class=\"wp-block-column is-vertically-aligned-center is-layout-flow wp-container-core-column-is-layout-c94f03dd wp-block-column-is-layout-flow\" style=\"padding-top:0px;padding-right:30px;padding-bottom:0px;padding-left:50px\">\n<h5 class=\"wp-block-heading has-text-color has-josefin-sans-font-family\" style=\"color:#000000;padding-top:var(--wp--preset--spacing--50);font-size:clamp(14.082px, 0.88rem + ((1vw - 3.2px) * 0.786), 21px);font-style:normal;font-weight:400;text-transform:none\"><strong>4. Mal g\u00e9rer ses emails professionnels<\/strong><\/h5>\n\n\n\n<p>Une bo\u00eete mail non organis\u00e9e peut vite devenir ing\u00e9rable.<br>Les informations importantes risquent d\u2019\u00eatre perdues ou oubli\u00e9es.<br>Mettre en place un syst\u00e8me de tri est recommand\u00e9.<\/p>\n<\/div>\n\n\n\n<div class=\"wp-block-column is-layout-flow wp-container-core-column-is-layout-ca467d2c wp-block-column-is-layout-flow\" style=\"border-style:none;border-width:0px;padding-top:30px;padding-right:30px;padding-bottom:30px;padding-left:50px\">\n<h5 class=\"wp-block-heading has-text-color has-josefin-sans-font-family\" style=\"color:#000000;padding-top:5.8rem;font-size:clamp(14.082px, 0.88rem + ((1vw - 3.2px) * 0.786), 21px);font-style:normal;font-weight:400;text-transform:none\"><strong>5. Ne pas pr\u00e9parer ses documents comptables<\/strong><\/h5>\n\n\n\n<p>Attendre la derni\u00e8re minute pour pr\u00e9parer ses documents est une source de stress.<br>Une organisation r\u00e9guli\u00e8re permet d\u2019\u00e9viter les erreurs et de faciliter le travail du comptable.<\/p>\n\n\n\n<p class=\"has-text-color has-josefin-sans-font-family\" style=\"color:#000000;padding-right:0px;font-size:clamp(14px, 0.875rem + ((1vw - 3.2px) * 0.455), 18px);font-style:normal;font-weight:400\"><br><br><\/p>\n<\/div>\n\n\n\n<div class=\"wp-block-column is-vertically-aligned-center is-layout-flow wp-container-core-column-is-layout-c94f03dd wp-block-column-is-layout-flow\" style=\"padding-top:0px;padding-right:30px;padding-bottom:0px;padding-left:50px\">\n<h5 class=\"wp-block-heading has-text-color has-josefin-sans-font-family\" style=\"color:#000000;padding-top:var(--wp--preset--spacing--70);font-size:clamp(14.082px, 0.88rem + ((1vw - 3.2px) * 0.786), 21px);font-style:normal;font-weight:400;text-transform:none\"><strong>6. Ne pas utiliser d\u2019outils adapt\u00e9s<\/strong><\/h5>\n\n\n\n<p>Ne pas utiliser d\u2019outils de gestion peut ralentir votre productivit\u00e9.<br>Certains outils permettent de simplifier et d\u2019automatiser vos t\u00e2ches administratives.<\/p>\n\n\n\n<p class=\"has-text-color has-josefin-sans-font-family\" style=\"color:#000000;padding-right:0px;font-size:clamp(14px, 0.875rem + ((1vw - 3.2px) * 0.455), 18px);font-style:normal;font-weight:400\"><br><br><\/p>\n<\/div>\n<\/div>\n\n\n\n<div class=\"wp-block-columns alignwide is-layout-flex wp-container-core-columns-is-layout-1fee05b7 wp-block-columns-is-layout-flex\" style=\"margin-bottom:0px;padding-top:0;padding-right:0;padding-bottom:0;padding-left:0\">\n<div class=\"wp-block-column is-vertically-aligned-center is-layout-flow wp-container-core-column-is-layout-c94f03dd wp-block-column-is-layout-flow\" style=\"padding-top:0px;padding-right:30px;padding-bottom:0px;padding-left:50px\">\n<h5 class=\"wp-block-heading has-text-color has-josefin-sans-font-family\" style=\"color:#000000;padding-top:var(--wp--preset--spacing--50);font-size:clamp(14.082px, 0.88rem + ((1vw - 3.2px) * 0.786), 21px);font-style:normal;font-weight:400;text-transform:none\"><strong>7. Tout g\u00e9rer seul<\/strong><\/h5>\n\n\n\n<p>Vouloir tout faire soi-m\u00eame est une erreur fr\u00e9quente chez les entrepreneurs.<br>D\u00e9l\u00e9guer certaines t\u00e2ches permet de gagner du temps et de se concentrer sur son activit\u00e9 principale.<\/p>\n<\/div>\n\n\n\n<div class=\"wp-block-column is-layout-flow wp-container-core-column-is-layout-ca467d2c wp-block-column-is-layout-flow\" style=\"border-style:none;border-width:0px;padding-top:30px;padding-right:30px;padding-bottom:30px;padding-left:50px\">\n<h5 class=\"wp-block-heading has-text-color has-josefin-sans-font-family\" style=\"color:#000000;padding-top:var(--wp--preset--spacing--70);font-size:clamp(14.082px, 0.88rem + ((1vw - 3.2px) * 0.786), 21px);font-style:normal;font-weight:400;text-transform:none\"><\/h5>\n\n\n\n<p><\/p>\n\n\n\n<p class=\"has-text-color has-josefin-sans-font-family\" style=\"color:#000000;padding-right:0px;font-size:clamp(14px, 0.875rem + ((1vw - 3.2px) * 0.455), 18px);font-style:normal;font-weight:400\"><br><br><\/p>\n<\/div>\n\n\n\n<div class=\"wp-block-column is-vertically-aligned-center is-layout-flow wp-container-core-column-is-layout-c94f03dd wp-block-column-is-layout-flow\" style=\"padding-top:0px;padding-right:30px;padding-bottom:0px;padding-left:50px\">\n<h5 class=\"wp-block-heading has-text-color has-josefin-sans-font-family\" style=\"color:#000000;padding-top:0;font-size:clamp(14.082px, 0.88rem + ((1vw - 3.2px) * 0.786), 21px);font-style:normal;font-weight:400;text-transform:none\"><\/h5>\n\n\n\n<p><\/p>\n\n\n\n<p class=\"has-text-color has-josefin-sans-font-family\" style=\"color:#000000;padding-right:0px;font-size:clamp(14px, 0.875rem + ((1vw - 3.2px) * 0.455), 18px);font-style:normal;font-weight:400\"><br><br><\/p>\n<\/div>\n<\/div>\n\n\n\n<div class=\"wp-block-group alignfull has-background has-global-padding is-layout-constrained wp-container-core-group-is-layout-2c575615 wp-block-group-is-layout-constrained\" style=\"background-color:#ffffff;margin-top:0px;margin-bottom:0px;padding-top:120px;padding-right:var(--wp--preset--spacing--80);padding-bottom:100px;padding-left:var(--wp--preset--spacing--80)\">\n<p class=\"has-text-align-left has-text-color\" style=\"color:#292f45;font-size:clamp(14px, 0.875rem + ((1vw - 3.2px) * 0.682), 20px);\">\u00c9viter ces erreurs administratives permet de gagner du temps, de r\u00e9duire le stress et d\u2019am\u00e9liorer la gestion de votre entreprise.<br>Une organisation efficace est un v\u00e9ritable levier pour d\u00e9velopper votre activit\u00e9 sereinement.<\/p>\n\n\n\n<p class=\"has-text-align-left has-text-color\" style=\"color:#292f45;font-size:clamp(14px, 0.875rem + ((1vw - 3.2px) * 0.682), 20px);\">Vous souhaitez \u00e9viter ces erreurs et am\u00e9liorer votre gestion administrative ?<br>En tant qu\u2019assistante administrative ind\u00e9pendante, je vous accompagne dans l\u2019organisation et le suivi de votre administratif.<\/p>\n\n\n\n<div class=\"wp-block-buttons is-content-justification-center is-nowrap is-layout-flex wp-container-core-buttons-is-layout-3801a719 wp-block-buttons-is-layout-flex\" style=\"padding-right:0;padding-left:0\">\n<div class=\"wp-block-button has-custom-width wp-block-button__width-50\"><a class=\"wp-block-button__link has-text-color has-background has-link-color has-border-color has-medium-font-size has-text-align-center has-custom-font-size wp-element-button\" href=\"https:\/\/lmbynathpro.fr\/index.php\/formulaire-de-contact\/\" style=\"border-color:#010101;border-style:solid;border-width:1px;color:#ffffff;background-color:#000000;padding-top:var(--wp--preset--spacing--30);padding-right:var(--wp--preset--spacing--30);padding-bottom:var(--wp--preset--spacing--30);padding-left:var(--wp--preset--spacing--30)\"><strong>\ud83d\udc49 Contactez-moi pour \u00e9changer sur vos besoins.<\/strong><\/a><\/div>\n<\/div>\n<\/div>\n","protected":false},"excerpt":{"rendered":"<p>La gestion administrative est essentielle pour les entrepreneurs, ind\u00e9pendants et petites entreprises. Pourtant, certaines erreurs administratives peuvent rapidement entra\u00eener une perte de temps, des probl\u00e8mes d\u2019organisation et m\u00eame des cons\u00e9quences financi\u00e8res.Dans cet article, d\u00e9couvrez les erreurs administratives les plus fr\u00e9quentes et comment les \u00e9viter pour optimiser la gestion de votre activit\u00e9. 1. Ne pas organiser [&hellip;]<\/p>\n","protected":false},"author":1,"featured_media":0,"parent":0,"menu_order":0,"comment_status":"closed","ping_status":"closed","template":"","meta":{"footnotes":""},"class_list":["post-1159","page","type-page","status-publish","hentry"],"yoast_head":"<!-- This site is optimized with the Yoast SEO plugin v27.2 - https:\/\/yoast.com\/product\/yoast-seo-wordpress\/ -->\n<title>Blog LM By Nath Pro - Les erreurs administratives \u00e0 \u00e9viter quand on est entrepreneur<\/title>\n<meta name=\"description\" content=\"D\u00e9couvrez les erreurs administratives les plus fr\u00e9quentes chez les entrepreneurs et comment les \u00e9viter pour mieux g\u00e9rer votre activit\u00e9.\" \/>\n<meta name=\"robots\" content=\"index, follow, max-snippet:-1, max-image-preview:large, max-video-preview:-1\" \/>\n<link rel=\"canonical\" href=\"https:\/\/lmbynathpro.fr\/?page_id=1159\" \/>\n<meta property=\"og:locale\" content=\"fr_FR\" \/>\n<meta property=\"og:type\" content=\"article\" \/>\n<meta property=\"og:title\" content=\"Blog LM By Nath Pro - Les erreurs administratives \u00e0 \u00e9viter quand on est entrepreneur\" \/>\n<meta property=\"og:description\" content=\"D\u00e9couvrez les erreurs administratives les plus fr\u00e9quentes chez les entrepreneurs et comment les \u00e9viter pour mieux g\u00e9rer votre activit\u00e9.\" \/>\n<meta property=\"og:url\" content=\"https:\/\/lmbynathpro.fr\/?page_id=1159\" \/>\n<meta property=\"og:site_name\" content=\"LM By Nath Pro\" \/>\n<meta property=\"article:publisher\" content=\"https:\/\/www.facebook.com\/LMByNathPro\" \/>\n<meta property=\"article:modified_time\" content=\"2026-03-25T14:43:50+00:00\" \/>\n<meta property=\"og:image\" content=\"https:\/\/lmbynathpro.fr\/wp-content\/uploads\/2026\/03\/myrfa-files-1614223_1920.jpg\" \/>\n<meta name=\"twitter:card\" content=\"summary_large_image\" \/>\n<meta name=\"twitter:label1\" content=\"Dur\u00e9e de lecture estim\u00e9e\" \/>\n\t<meta name=\"twitter:data1\" content=\"3 minutes\" \/>\n<script type=\"application\/ld+json\" class=\"yoast-schema-graph\">{\"@context\":\"https:\/\/schema.org\",\"@graph\":[{\"@type\":\"WebPage\",\"@id\":\"https:\/\/lmbynathpro.fr\/?page_id=1159\",\"url\":\"https:\/\/lmbynathpro.fr\/?page_id=1159\",\"name\":\"Blog LM By Nath Pro - Les erreurs administratives \u00e0 \u00e9viter quand on est entrepreneur\",\"isPartOf\":{\"@id\":\"https:\/\/lmbynathpro.fr\/#website\"},\"primaryImageOfPage\":{\"@id\":\"https:\/\/lmbynathpro.fr\/?page_id=1159#primaryimage\"},\"image\":{\"@id\":\"https:\/\/lmbynathpro.fr\/?page_id=1159#primaryimage\"},\"thumbnailUrl\":\"https:\/\/lmbynathpro.fr\/wp-content\/uploads\/2026\/03\/myrfa-files-1614223_1920.jpg\",\"datePublished\":\"2026-03-25T14:34:07+00:00\",\"dateModified\":\"2026-03-25T14:43:50+00:00\",\"description\":\"D\u00e9couvrez les erreurs administratives les plus fr\u00e9quentes chez les entrepreneurs et comment les \u00e9viter pour mieux g\u00e9rer votre activit\u00e9.\",\"breadcrumb\":{\"@id\":\"https:\/\/lmbynathpro.fr\/?page_id=1159#breadcrumb\"},\"inLanguage\":\"fr-FR\",\"potentialAction\":[{\"@type\":\"ReadAction\",\"target\":[\"https:\/\/lmbynathpro.fr\/?page_id=1159\"]}]},{\"@type\":\"ImageObject\",\"inLanguage\":\"fr-FR\",\"@id\":\"https:\/\/lmbynathpro.fr\/?page_id=1159#primaryimage\",\"url\":\"https:\/\/lmbynathpro.fr\/wp-content\/uploads\/2026\/03\/myrfa-files-1614223_1920.jpg\",\"contentUrl\":\"https:\/\/lmbynathpro.fr\/wp-content\/uploads\/2026\/03\/myrfa-files-1614223_1920.jpg\",\"width\":1920,\"height\":1501},{\"@type\":\"BreadcrumbList\",\"@id\":\"https:\/\/lmbynathpro.fr\/?page_id=1159#breadcrumb\",\"itemListElement\":[{\"@type\":\"ListItem\",\"position\":1,\"name\":\"Accueil\",\"item\":\"https:\/\/lmbynathpro.fr\/\"},{\"@type\":\"ListItem\",\"position\":2,\"name\":\"Les 7 erreurs administratives \u00e0 \u00e9viter quand on est entrepreneur\"}]},{\"@type\":\"WebSite\",\"@id\":\"https:\/\/lmbynathpro.fr\/#website\",\"url\":\"https:\/\/lmbynathpro.fr\/\",\"name\":\"LM By Nath Pro\",\"description\":\"D\u00e9l\u00e9guez votre administratif, respirez... D\u00e9veloppez votre activit\u00e9 en toute s\u00e9r\u00e9nit\u00e9\",\"publisher\":{\"@id\":\"https:\/\/lmbynathpro.fr\/#organization\"},\"alternateName\":\"LM By Nath Pro\",\"potentialAction\":[{\"@type\":\"SearchAction\",\"target\":{\"@type\":\"EntryPoint\",\"urlTemplate\":\"https:\/\/lmbynathpro.fr\/?s={search_term_string}\"},\"query-input\":{\"@type\":\"PropertyValueSpecification\",\"valueRequired\":true,\"valueName\":\"search_term_string\"}}],\"inLanguage\":\"fr-FR\"},{\"@type\":\"Organization\",\"@id\":\"https:\/\/lmbynathpro.fr\/#organization\",\"name\":\"LM By Nath Pro\",\"url\":\"https:\/\/lmbynathpro.fr\/\",\"logo\":{\"@type\":\"ImageObject\",\"inLanguage\":\"fr-FR\",\"@id\":\"https:\/\/lmbynathpro.fr\/#\/schema\/logo\/image\/\",\"url\":\"https:\/\/lmbynathpro.fr\/wp-content\/uploads\/2026\/01\/photo.png\",\"contentUrl\":\"https:\/\/lmbynathpro.fr\/wp-content\/uploads\/2026\/01\/photo.png\",\"width\":427,\"height\":466,\"caption\":\"LM By Nath Pro\"},\"image\":{\"@id\":\"https:\/\/lmbynathpro.fr\/#\/schema\/logo\/image\/\"},\"sameAs\":[\"https:\/\/www.facebook.com\/LMByNathPro\",\"https:\/\/www.instagram.com\/lmbynathpro\/\",\"https:\/\/www.linkedin.com\/in\/nathalie-heduin-64a57a241\/\"]}]}<\/script>\n<!-- \/ Yoast SEO plugin. -->","yoast_head_json":{"title":"Blog LM By Nath Pro - Les erreurs administratives \u00e0 \u00e9viter quand on est entrepreneur","description":"D\u00e9couvrez les erreurs administratives les plus fr\u00e9quentes chez les entrepreneurs et comment les \u00e9viter pour mieux g\u00e9rer votre activit\u00e9.","robots":{"index":"index","follow":"follow","max-snippet":"max-snippet:-1","max-image-preview":"max-image-preview:large","max-video-preview":"max-video-preview:-1"},"canonical":"https:\/\/lmbynathpro.fr\/?page_id=1159","og_locale":"fr_FR","og_type":"article","og_title":"Blog LM By Nath Pro - Les erreurs administratives \u00e0 \u00e9viter quand on est entrepreneur","og_description":"D\u00e9couvrez les erreurs administratives les plus fr\u00e9quentes chez les entrepreneurs et comment les \u00e9viter pour mieux g\u00e9rer votre activit\u00e9.","og_url":"https:\/\/lmbynathpro.fr\/?page_id=1159","og_site_name":"LM By Nath Pro","article_publisher":"https:\/\/www.facebook.com\/LMByNathPro","article_modified_time":"2026-03-25T14:43:50+00:00","og_image":[{"url":"https:\/\/lmbynathpro.fr\/wp-content\/uploads\/2026\/03\/myrfa-files-1614223_1920.jpg","type":"","width":"","height":""}],"twitter_card":"summary_large_image","twitter_misc":{"Dur\u00e9e de lecture estim\u00e9e":"3 minutes"},"schema":{"@context":"https:\/\/schema.org","@graph":[{"@type":"WebPage","@id":"https:\/\/lmbynathpro.fr\/?page_id=1159","url":"https:\/\/lmbynathpro.fr\/?page_id=1159","name":"Blog LM By Nath Pro - Les erreurs administratives \u00e0 \u00e9viter quand on est entrepreneur","isPartOf":{"@id":"https:\/\/lmbynathpro.fr\/#website"},"primaryImageOfPage":{"@id":"https:\/\/lmbynathpro.fr\/?page_id=1159#primaryimage"},"image":{"@id":"https:\/\/lmbynathpro.fr\/?page_id=1159#primaryimage"},"thumbnailUrl":"https:\/\/lmbynathpro.fr\/wp-content\/uploads\/2026\/03\/myrfa-files-1614223_1920.jpg","datePublished":"2026-03-25T14:34:07+00:00","dateModified":"2026-03-25T14:43:50+00:00","description":"D\u00e9couvrez les erreurs administratives les plus fr\u00e9quentes chez les entrepreneurs et comment les \u00e9viter pour mieux g\u00e9rer votre activit\u00e9.","breadcrumb":{"@id":"https:\/\/lmbynathpro.fr\/?page_id=1159#breadcrumb"},"inLanguage":"fr-FR","potentialAction":[{"@type":"ReadAction","target":["https:\/\/lmbynathpro.fr\/?page_id=1159"]}]},{"@type":"ImageObject","inLanguage":"fr-FR","@id":"https:\/\/lmbynathpro.fr\/?page_id=1159#primaryimage","url":"https:\/\/lmbynathpro.fr\/wp-content\/uploads\/2026\/03\/myrfa-files-1614223_1920.jpg","contentUrl":"https:\/\/lmbynathpro.fr\/wp-content\/uploads\/2026\/03\/myrfa-files-1614223_1920.jpg","width":1920,"height":1501},{"@type":"BreadcrumbList","@id":"https:\/\/lmbynathpro.fr\/?page_id=1159#breadcrumb","itemListElement":[{"@type":"ListItem","position":1,"name":"Accueil","item":"https:\/\/lmbynathpro.fr\/"},{"@type":"ListItem","position":2,"name":"Les 7 erreurs administratives \u00e0 \u00e9viter quand on est entrepreneur"}]},{"@type":"WebSite","@id":"https:\/\/lmbynathpro.fr\/#website","url":"https:\/\/lmbynathpro.fr\/","name":"LM By Nath Pro","description":"D\u00e9l\u00e9guez votre administratif, respirez... D\u00e9veloppez votre activit\u00e9 en toute s\u00e9r\u00e9nit\u00e9","publisher":{"@id":"https:\/\/lmbynathpro.fr\/#organization"},"alternateName":"LM By Nath Pro","potentialAction":[{"@type":"SearchAction","target":{"@type":"EntryPoint","urlTemplate":"https:\/\/lmbynathpro.fr\/?s={search_term_string}"},"query-input":{"@type":"PropertyValueSpecification","valueRequired":true,"valueName":"search_term_string"}}],"inLanguage":"fr-FR"},{"@type":"Organization","@id":"https:\/\/lmbynathpro.fr\/#organization","name":"LM By Nath Pro","url":"https:\/\/lmbynathpro.fr\/","logo":{"@type":"ImageObject","inLanguage":"fr-FR","@id":"https:\/\/lmbynathpro.fr\/#\/schema\/logo\/image\/","url":"https:\/\/lmbynathpro.fr\/wp-content\/uploads\/2026\/01\/photo.png","contentUrl":"https:\/\/lmbynathpro.fr\/wp-content\/uploads\/2026\/01\/photo.png","width":427,"height":466,"caption":"LM By Nath Pro"},"image":{"@id":"https:\/\/lmbynathpro.fr\/#\/schema\/logo\/image\/"},"sameAs":["https:\/\/www.facebook.com\/LMByNathPro","https:\/\/www.instagram.com\/lmbynathpro\/","https:\/\/www.linkedin.com\/in\/nathalie-heduin-64a57a241\/"]}]}},"_links":{"self":[{"href":"https:\/\/lmbynathpro.fr\/index.php?rest_route=\/wp\/v2\/pages\/1159","targetHints":{"allow":["GET"]}}],"collection":[{"href":"https:\/\/lmbynathpro.fr\/index.php?rest_route=\/wp\/v2\/pages"}],"about":[{"href":"https:\/\/lmbynathpro.fr\/index.php?rest_route=\/wp\/v2\/types\/page"}],"author":[{"embeddable":true,"href":"https:\/\/lmbynathpro.fr\/index.php?rest_route=\/wp\/v2\/users\/1"}],"replies":[{"embeddable":true,"href":"https:\/\/lmbynathpro.fr\/index.php?rest_route=%2Fwp%2Fv2%2Fcomments&post=1159"}],"version-history":[{"count":5,"href":"https:\/\/lmbynathpro.fr\/index.php?rest_route=\/wp\/v2\/pages\/1159\/revisions"}],"predecessor-version":[{"id":1167,"href":"https:\/\/lmbynathpro.fr\/index.php?rest_route=\/wp\/v2\/pages\/1159\/revisions\/1167"}],"wp:attachment":[{"href":"https:\/\/lmbynathpro.fr\/index.php?rest_route=%2Fwp%2Fv2%2Fmedia&parent=1159"}],"curies":[{"name":"wp","href":"https:\/\/api.w.org\/{rel}","templated":true}]}}