{"id":1145,"date":"2026-03-25T14:12:48","date_gmt":"2026-03-25T14:12:48","guid":{"rendered":"https:\/\/lmbynathpro.fr\/?page_id=1145"},"modified":"2026-03-25T14:19:27","modified_gmt":"2026-03-25T14:19:27","slug":"comment-gagner-du-temps-sur-sa-gestion-administrative-quand-on-est-entrepreneur","status":"publish","type":"page","link":"https:\/\/lmbynathpro.fr\/?page_id=1145","title":{"rendered":"Comment gagner du temps sur sa gestion administrative quand on est entrepreneur ?"},"content":{"rendered":"\n<div class=\"wp-block-cover alignfull is-light\" style=\"min-height:385px;aspect-ratio:unset;\"><img fetchpriority=\"high\" decoding=\"async\" width=\"1920\" height=\"1280\" class=\"wp-block-cover__image-background wp-image-1146 size-full\" alt=\"gagner temps gestion administrative entrepreneur organisation\" src=\"http:\/\/lmbynathpro.fr\/wp-content\/uploads\/2026\/03\/stevepb-hourglass-1703349_1920.jpg\" style=\"object-position:27% 49%\" data-object-fit=\"cover\" data-object-position=\"27% 49%\" srcset=\"https:\/\/lmbynathpro.fr\/wp-content\/uploads\/2026\/03\/stevepb-hourglass-1703349_1920.jpg 1920w, https:\/\/lmbynathpro.fr\/wp-content\/uploads\/2026\/03\/stevepb-hourglass-1703349_1920-300x200.jpg 300w, https:\/\/lmbynathpro.fr\/wp-content\/uploads\/2026\/03\/stevepb-hourglass-1703349_1920-1024x683.jpg 1024w, https:\/\/lmbynathpro.fr\/wp-content\/uploads\/2026\/03\/stevepb-hourglass-1703349_1920-768x512.jpg 768w, https:\/\/lmbynathpro.fr\/wp-content\/uploads\/2026\/03\/stevepb-hourglass-1703349_1920-1536x1024.jpg 1536w\" sizes=\"(max-width: 1920px) 100vw, 1920px\" \/><span aria-hidden=\"true\" class=\"wp-block-cover__background has-background-dim-40 has-background-dim\" style=\"background-color:#f3f3f3\"><\/span><div class=\"wp-block-cover__inner-container has-global-padding is-layout-constrained wp-container-core-cover-is-layout-4383d167 wp-block-cover-is-layout-constrained\">\n<div class=\"wp-block-group is-vertical is-layout-flex wp-container-core-group-is-layout-50fe2b03 wp-block-group-is-layout-flex\" style=\"padding-top:var(--wp--preset--spacing--50)\">\n<div class=\"wp-block-columns alignwide is-layout-flex wp-container-core-columns-is-layout-28f84493 wp-block-columns-is-layout-flex\">\n<div class=\"wp-block-column has-global-padding is-layout-constrained wp-container-core-column-is-layout-9146eb6a wp-block-column-is-layout-constrained\" style=\"padding-right:10px;padding-left:10px;flex-basis:100%\">\n<div class=\"wp-block-group is-content-justification-center is-nowrap is-layout-flex wp-container-core-group-is-layout-23441af8 wp-block-group-is-layout-flex\">\n<div class=\"wp-block-group has-large-font-size is-vertical is-content-justification-center is-nowrap is-layout-flex wp-container-core-group-is-layout-3fb090f2 wp-block-group-is-layout-flex\" style=\"padding-top:0;padding-right:20px;padding-bottom:10px;padding-left:5rem\">\n<p class=\"has-text-align-center has-text-color\" style=\"color:#000000;padding-top:0;padding-right:0;font-size:clamp(33.419px, 2.089rem + ((1vw - 3.2px) * 3.021), 60px);font-style:normal;font-weight:700\">Comment gagner du temps sur sa gestion administrative quand on est entrepreneur ?<\/p>\n<\/div>\n<\/div>\n<\/div>\n<\/div>\n<\/div>\n<\/div><\/div>\n\n\n\n<div class=\"wp-block-group alignfull has-background has-global-padding is-layout-constrained wp-container-core-group-is-layout-c9af8629 wp-block-group-is-layout-constrained\" style=\"background-color:#ffffff;margin-top:0px;margin-bottom:0px;padding-top:100px;padding-right:var(--wp--preset--spacing--80);padding-bottom:50px;padding-left:var(--wp--preset--spacing--80)\">\n<p class=\"has-text-align-left has-text-color\" style=\"color:#292f45;font-size:clamp(14px, 0.875rem + ((1vw - 3.2px) * 0.682), 20px);\">La gestion administrative est une t\u00e2che indispensable pour les entrepreneurs, ind\u00e9pendants et petites entreprises. Pourtant, elle peut rapidement devenir chronophage et empi\u00e9ter sur le d\u00e9veloppement de votre activit\u00e9.<br>Entre les factures, les emails et l\u2019organisation des documents, il est essentiel de mettre en place des solutions efficaces pour gagner du temps.<br>D\u00e9couvrez dans cet article comment optimiser votre gestion administrative et am\u00e9liorer votre productivit\u00e9 au quotidien.<\/p>\n<\/div>\n\n\n\n<div class=\"wp-block-group alignwide has-global-padding is-layout-constrained wp-container-core-group-is-layout-eedb26da wp-block-group-is-layout-constrained\" style=\"padding-top:0px;padding-bottom:0px\">\n<div class=\"wp-block-columns alignwide is-layout-flex wp-container-core-columns-is-layout-1fee05b7 wp-block-columns-is-layout-flex\" style=\"margin-bottom:0px;padding-top:0;padding-right:0;padding-bottom:0;padding-left:0\">\n<div class=\"wp-block-column is-vertically-aligned-center is-layout-flow wp-container-core-column-is-layout-c94f03dd wp-block-column-is-layout-flow\" style=\"padding-top:0px;padding-right:30px;padding-bottom:0px;padding-left:50px\">\n<h5 class=\"wp-block-heading has-text-color has-josefin-sans-font-family\" style=\"color:#000000;padding-top:var(--wp--preset--spacing--50);font-size:clamp(14.082px, 0.88rem + ((1vw - 3.2px) * 0.786), 21px);font-style:normal;font-weight:400;text-transform:none\"><strong>1. Mettre en place une organisation simple et efficace<\/strong><\/h5>\n\n\n\n<p>Une bonne organisation est la base d\u2019une gestion administrative r\u00e9ussie.<br>Classez vos documents par cat\u00e9gories (factures, devis, clients, fournisseurs) et utilisez des dossiers clairs pour retrouver rapidement vos informations.<br>Une organisation structur\u00e9e vous permet de gagner du temps chaque jour.<\/p>\n<\/div>\n\n\n\n<div class=\"wp-block-column is-layout-flow wp-container-core-column-is-layout-ca467d2c wp-block-column-is-layout-flow\" style=\"border-style:none;border-width:0px;padding-top:30px;padding-right:30px;padding-bottom:30px;padding-left:50px\">\n<h5 class=\"wp-block-heading has-text-color has-josefin-sans-font-family\" style=\"color:#000000;padding-top:var(--wp--preset--spacing--70);font-size:clamp(14.082px, 0.88rem + ((1vw - 3.2px) * 0.786), 21px);font-style:normal;font-weight:400;text-transform:none\"><strong>2. Planifier des cr\u00e9neaux d\u00e9di\u00e9s \u00e0 l\u2019administratif<\/strong><\/h5>\n\n\n\n<p>L\u2019une des erreurs les plus fr\u00e9quentes est de g\u00e9rer son administratif au fil de l\u2019eau.<br>Pr\u00e9voir des cr\u00e9neaux d\u00e9di\u00e9s dans la semaine permet de traiter vos t\u00e2ches plus efficacement et d\u2019\u00e9viter l\u2019accumulation.<br>Par exemple, consacrer 1 \u00e0 2 heures par semaine peut suffire \u00e0 garder une gestion fluide.<\/p>\n\n\n\n<p class=\"has-text-color has-josefin-sans-font-family\" style=\"color:#000000;padding-right:0px;font-size:clamp(14px, 0.875rem + ((1vw - 3.2px) * 0.455), 18px);font-style:normal;font-weight:400\"><br><br><\/p>\n<\/div>\n\n\n\n<div class=\"wp-block-column is-vertically-aligned-center is-layout-flow wp-container-core-column-is-layout-c94f03dd wp-block-column-is-layout-flow\" style=\"padding-top:0px;padding-right:30px;padding-bottom:0px;padding-left:50px\">\n<h5 class=\"wp-block-heading has-text-color has-josefin-sans-font-family\" style=\"color:#000000;padding-top:0;font-size:clamp(14.082px, 0.88rem + ((1vw - 3.2px) * 0.786), 21px);font-style:normal;font-weight:400;text-transform:none\"><strong>3. Automatiser certaines t\u00e2ches administratives<\/strong><\/h5>\n\n\n\n<p>Aujourd\u2019hui, de nombreux outils permettent d\u2019automatiser certaines t\u00e2ches comme la facturation, les relances clients ou le classement des documents.<br>L\u2019automatisation permet de r\u00e9duire le temps pass\u00e9 sur des t\u00e2ches r\u00e9p\u00e9titives et d\u2019\u00e9viter les erreurs.<\/p>\n\n\n\n<p class=\"has-text-color has-josefin-sans-font-family\" style=\"color:#000000;padding-right:0px;font-size:clamp(14px, 0.875rem + ((1vw - 3.2px) * 0.455), 18px);font-style:normal;font-weight:400\"><br><br><\/p>\n<\/div>\n<\/div>\n<\/div>\n\n\n\n<div class=\"wp-block-columns alignwide is-layout-flex wp-container-core-columns-is-layout-1fee05b7 wp-block-columns-is-layout-flex\" style=\"margin-bottom:0px;padding-top:0;padding-right:0;padding-bottom:0;padding-left:0\">\n<div class=\"wp-block-column is-vertically-aligned-center is-layout-flow wp-container-core-column-is-layout-c94f03dd wp-block-column-is-layout-flow\" style=\"padding-top:0px;padding-right:30px;padding-bottom:0px;padding-left:50px\">\n<h5 class=\"wp-block-heading has-text-color has-josefin-sans-font-family\" style=\"color:#000000;font-size:clamp(14.082px, 0.88rem + ((1vw - 3.2px) * 0.786), 21px);font-style:normal;font-weight:400;text-transform:none\"><strong>4. \u00c9viter la procrastination administrative<\/strong><\/h5>\n\n\n\n<p>Remettre \u00e0 plus tard les t\u00e2ches administratives est un pi\u00e8ge courant.<br>Plus elles s\u2019accumulent, plus elles deviennent difficiles \u00e0 g\u00e9rer.<br>Traiter les t\u00e2ches au fur et \u00e0 mesure permet de garder le contr\u00f4le et de r\u00e9duire la charge mentale.<\/p>\n<\/div>\n\n\n\n<div class=\"wp-block-column is-layout-flow wp-container-core-column-is-layout-ca467d2c wp-block-column-is-layout-flow\" style=\"border-style:none;border-width:0px;padding-top:30px;padding-right:30px;padding-bottom:30px;padding-left:50px\">\n<h5 class=\"wp-block-heading has-text-color has-josefin-sans-font-family\" style=\"color:#000000;padding-top:6rem;font-size:clamp(14.082px, 0.88rem + ((1vw - 3.2px) * 0.786), 21px);font-style:normal;font-weight:400;text-transform:none\"><strong>5. D\u00e9l\u00e9guer sa gestion administrative<\/strong><\/h5>\n\n\n\n<p class=\"has-text-color has-josefin-sans-font-family\" style=\"color:#000000;padding-right:0px;font-size:clamp(14px, 0.875rem + ((1vw - 3.2px) * 0.455), 18px);font-style:normal;font-weight:400\">Externaliser son administratif est l\u2019une des solutions les plus efficaces pour gagner du temps.<br>Faire appel \u00e0 une assistante administrative ind\u00e9pendante permet de se lib\u00e9rer des t\u00e2ches chronophages et de se concentrer sur son c\u0153ur de m\u00e9tier.<br>C\u2019est un v\u00e9ritable levier pour d\u00e9velopper son activit\u00e9.<\/p>\n\n\n\n<p class=\"has-text-color has-josefin-sans-font-family\" style=\"color:#000000;padding-right:0px;font-size:clamp(14px, 0.875rem + ((1vw - 3.2px) * 0.455), 18px);font-style:normal;font-weight:400\"><br><\/p>\n<\/div>\n\n\n\n<div class=\"wp-block-column is-vertically-aligned-center is-layout-flow wp-container-core-column-is-layout-c94f03dd wp-block-column-is-layout-flow\" style=\"padding-top:0px;padding-right:30px;padding-bottom:0px;padding-left:50px\">\n<p class=\"has-text-color has-josefin-sans-font-family\" style=\"color:#000000;padding-right:40px;font-size:clamp(14px, 0.875rem + ((1vw - 3.2px) * 0.455), 18px);font-style:normal;font-weight:400\"><br><\/p>\n<\/div>\n<\/div>\n\n\n\n<div class=\"wp-block-group alignfull has-background has-global-padding is-layout-constrained wp-container-core-group-is-layout-2c575615 wp-block-group-is-layout-constrained\" style=\"background-color:#ffffff;margin-top:0px;margin-bottom:0px;padding-top:120px;padding-right:var(--wp--preset--spacing--80);padding-bottom:100px;padding-left:var(--wp--preset--spacing--80)\">\n<p class=\"has-text-align-left has-text-color\" style=\"color:#292f45;font-size:clamp(14px, 0.875rem + ((1vw - 3.2px) * 0.682), 20px);\">Gagner du temps sur sa gestion administrative est essentiel pour les entrepreneurs qui souhaitent d\u00e9velopper leur activit\u00e9 sereinement.<br>En mettant en place une organisation efficace, en automatisant certaines t\u00e2ches et en d\u00e9l\u00e9guant si n\u00e9cessaire, vous pouvez am\u00e9liorer votre productivit\u00e9 et r\u00e9duire votre charge de travail.<\/p>\n\n\n\n<p class=\"has-text-align-left has-text-color\" style=\"color:#292f45;font-size:clamp(14px, 0.875rem + ((1vw - 3.2px) * 0.682), 20px);\">Vous souhaitez gagner du temps et simplifier votre gestion administrative ?<br>En tant qu\u2019assistante administrative ind\u00e9pendante, je vous accompagne dans l\u2019organisation et la gestion de votre administratif au quotidien.<\/p>\n\n\n\n<div class=\"wp-block-buttons is-content-justification-center is-nowrap is-layout-flex wp-container-core-buttons-is-layout-3801a719 wp-block-buttons-is-layout-flex\" style=\"padding-right:0;padding-left:0\">\n<div class=\"wp-block-button has-custom-width wp-block-button__width-50\"><a class=\"wp-block-button__link has-text-color has-background has-link-color has-border-color has-medium-font-size has-text-align-center has-custom-font-size wp-element-button\" href=\"https:\/\/lmbynathpro.fr\/index.php\/formulaire-de-contact\/\" style=\"border-color:#010101;border-style:solid;border-width:1px;color:#ffffff;background-color:#000000;padding-top:var(--wp--preset--spacing--30);padding-right:var(--wp--preset--spacing--30);padding-bottom:var(--wp--preset--spacing--30);padding-left:var(--wp--preset--spacing--30)\"><strong>\ud83d\udc49 Contactez-moi pour \u00e9changer sur vos besoins.<\/strong><\/a><\/div>\n<\/div>\n<\/div>\n","protected":false},"excerpt":{"rendered":"<p>La gestion administrative est une t\u00e2che indispensable pour les entrepreneurs, ind\u00e9pendants et petites entreprises. Pourtant, elle peut rapidement devenir chronophage et empi\u00e9ter sur le d\u00e9veloppement de votre activit\u00e9.Entre les factures, les emails et l\u2019organisation des documents, il est essentiel de mettre en place des solutions efficaces pour gagner du temps.D\u00e9couvrez dans cet article comment optimiser [&hellip;]<\/p>\n","protected":false},"author":1,"featured_media":0,"parent":0,"menu_order":0,"comment_status":"closed","ping_status":"closed","template":"","meta":{"footnotes":""},"class_list":["post-1145","page","type-page","status-publish","hentry"],"yoast_head":"<!-- This site is optimized with the Yoast SEO plugin v27.2 - https:\/\/yoast.com\/product\/yoast-seo-wordpress\/ -->\n<title>Blog LM By Nath Pro - Gagner du temps sur sa gestion administrative<\/title>\n<meta name=\"description\" content=\"D\u00e9couvrez comment gagner du temps sur votre administratif gr\u00e2ce \u00e0 des conseils simples et efficaces pour entrepreneurs et ind\u00e9pendants.\" \/>\n<meta name=\"robots\" content=\"index, follow, max-snippet:-1, max-image-preview:large, max-video-preview:-1\" \/>\n<link rel=\"canonical\" href=\"https:\/\/lmbynathpro.fr\/?page_id=1145\" \/>\n<meta property=\"og:locale\" content=\"fr_FR\" \/>\n<meta property=\"og:type\" content=\"article\" \/>\n<meta property=\"og:title\" content=\"Blog LM By Nath Pro - Gagner du temps sur sa gestion administrative\" \/>\n<meta property=\"og:description\" content=\"D\u00e9couvrez comment gagner du temps sur votre administratif gr\u00e2ce \u00e0 des conseils simples et efficaces pour entrepreneurs et ind\u00e9pendants.\" \/>\n<meta property=\"og:url\" content=\"https:\/\/lmbynathpro.fr\/?page_id=1145\" \/>\n<meta property=\"og:site_name\" content=\"LM By Nath Pro\" \/>\n<meta property=\"article:publisher\" content=\"https:\/\/www.facebook.com\/LMByNathPro\" \/>\n<meta property=\"article:modified_time\" content=\"2026-03-25T14:19:27+00:00\" \/>\n<meta property=\"og:image\" content=\"http:\/\/lmbynathpro.fr\/wp-content\/uploads\/2026\/03\/stevepb-hourglass-1703349_1920.jpg\" \/>\n<meta name=\"twitter:card\" content=\"summary_large_image\" \/>\n<meta name=\"twitter:label1\" content=\"Dur\u00e9e de lecture estim\u00e9e\" \/>\n\t<meta name=\"twitter:data1\" content=\"3 minutes\" \/>\n<script type=\"application\/ld+json\" class=\"yoast-schema-graph\">{\"@context\":\"https:\/\/schema.org\",\"@graph\":[{\"@type\":\"WebPage\",\"@id\":\"https:\/\/lmbynathpro.fr\/?page_id=1145\",\"url\":\"https:\/\/lmbynathpro.fr\/?page_id=1145\",\"name\":\"Blog LM By Nath Pro - Gagner du temps sur sa gestion administrative\",\"isPartOf\":{\"@id\":\"https:\/\/lmbynathpro.fr\/#website\"},\"primaryImageOfPage\":{\"@id\":\"https:\/\/lmbynathpro.fr\/?page_id=1145#primaryimage\"},\"image\":{\"@id\":\"https:\/\/lmbynathpro.fr\/?page_id=1145#primaryimage\"},\"thumbnailUrl\":\"http:\/\/lmbynathpro.fr\/wp-content\/uploads\/2026\/03\/stevepb-hourglass-1703349_1920.jpg\",\"datePublished\":\"2026-03-25T14:12:48+00:00\",\"dateModified\":\"2026-03-25T14:19:27+00:00\",\"description\":\"D\u00e9couvrez comment gagner du temps sur votre administratif gr\u00e2ce \u00e0 des conseils simples et efficaces pour entrepreneurs et ind\u00e9pendants.\",\"breadcrumb\":{\"@id\":\"https:\/\/lmbynathpro.fr\/?page_id=1145#breadcrumb\"},\"inLanguage\":\"fr-FR\",\"potentialAction\":[{\"@type\":\"ReadAction\",\"target\":[\"https:\/\/lmbynathpro.fr\/?page_id=1145\"]}]},{\"@type\":\"ImageObject\",\"inLanguage\":\"fr-FR\",\"@id\":\"https:\/\/lmbynathpro.fr\/?page_id=1145#primaryimage\",\"url\":\"https:\/\/lmbynathpro.fr\/wp-content\/uploads\/2026\/03\/stevepb-hourglass-1703349_1920.jpg\",\"contentUrl\":\"https:\/\/lmbynathpro.fr\/wp-content\/uploads\/2026\/03\/stevepb-hourglass-1703349_1920.jpg\",\"width\":1920,\"height\":1280},{\"@type\":\"BreadcrumbList\",\"@id\":\"https:\/\/lmbynathpro.fr\/?page_id=1145#breadcrumb\",\"itemListElement\":[{\"@type\":\"ListItem\",\"position\":1,\"name\":\"Accueil\",\"item\":\"https:\/\/lmbynathpro.fr\/\"},{\"@type\":\"ListItem\",\"position\":2,\"name\":\"Comment gagner du temps sur sa gestion administrative quand on est entrepreneur ?\"}]},{\"@type\":\"WebSite\",\"@id\":\"https:\/\/lmbynathpro.fr\/#website\",\"url\":\"https:\/\/lmbynathpro.fr\/\",\"name\":\"LM By Nath Pro\",\"description\":\"D\u00e9l\u00e9guez votre administratif, respirez... D\u00e9veloppez votre activit\u00e9 en toute s\u00e9r\u00e9nit\u00e9\",\"publisher\":{\"@id\":\"https:\/\/lmbynathpro.fr\/#organization\"},\"alternateName\":\"LM By Nath Pro\",\"potentialAction\":[{\"@type\":\"SearchAction\",\"target\":{\"@type\":\"EntryPoint\",\"urlTemplate\":\"https:\/\/lmbynathpro.fr\/?s={search_term_string}\"},\"query-input\":{\"@type\":\"PropertyValueSpecification\",\"valueRequired\":true,\"valueName\":\"search_term_string\"}}],\"inLanguage\":\"fr-FR\"},{\"@type\":\"Organization\",\"@id\":\"https:\/\/lmbynathpro.fr\/#organization\",\"name\":\"LM By Nath Pro\",\"url\":\"https:\/\/lmbynathpro.fr\/\",\"logo\":{\"@type\":\"ImageObject\",\"inLanguage\":\"fr-FR\",\"@id\":\"https:\/\/lmbynathpro.fr\/#\/schema\/logo\/image\/\",\"url\":\"https:\/\/lmbynathpro.fr\/wp-content\/uploads\/2026\/01\/photo.png\",\"contentUrl\":\"https:\/\/lmbynathpro.fr\/wp-content\/uploads\/2026\/01\/photo.png\",\"width\":427,\"height\":466,\"caption\":\"LM By Nath Pro\"},\"image\":{\"@id\":\"https:\/\/lmbynathpro.fr\/#\/schema\/logo\/image\/\"},\"sameAs\":[\"https:\/\/www.facebook.com\/LMByNathPro\",\"https:\/\/www.instagram.com\/lmbynathpro\/\",\"https:\/\/www.linkedin.com\/in\/nathalie-heduin-64a57a241\/\"]}]}<\/script>\n<!-- \/ Yoast SEO plugin. -->","yoast_head_json":{"title":"Blog LM By Nath Pro - Gagner du temps sur sa gestion administrative","description":"D\u00e9couvrez comment gagner du temps sur votre administratif gr\u00e2ce \u00e0 des conseils simples et efficaces pour entrepreneurs et ind\u00e9pendants.","robots":{"index":"index","follow":"follow","max-snippet":"max-snippet:-1","max-image-preview":"max-image-preview:large","max-video-preview":"max-video-preview:-1"},"canonical":"https:\/\/lmbynathpro.fr\/?page_id=1145","og_locale":"fr_FR","og_type":"article","og_title":"Blog LM By Nath Pro - Gagner du temps sur sa gestion administrative","og_description":"D\u00e9couvrez comment gagner du temps sur votre administratif gr\u00e2ce \u00e0 des conseils simples et efficaces pour entrepreneurs et ind\u00e9pendants.","og_url":"https:\/\/lmbynathpro.fr\/?page_id=1145","og_site_name":"LM By Nath Pro","article_publisher":"https:\/\/www.facebook.com\/LMByNathPro","article_modified_time":"2026-03-25T14:19:27+00:00","og_image":[{"url":"http:\/\/lmbynathpro.fr\/wp-content\/uploads\/2026\/03\/stevepb-hourglass-1703349_1920.jpg","type":"","width":"","height":""}],"twitter_card":"summary_large_image","twitter_misc":{"Dur\u00e9e de lecture estim\u00e9e":"3 minutes"},"schema":{"@context":"https:\/\/schema.org","@graph":[{"@type":"WebPage","@id":"https:\/\/lmbynathpro.fr\/?page_id=1145","url":"https:\/\/lmbynathpro.fr\/?page_id=1145","name":"Blog LM By Nath Pro - Gagner du temps sur sa gestion administrative","isPartOf":{"@id":"https:\/\/lmbynathpro.fr\/#website"},"primaryImageOfPage":{"@id":"https:\/\/lmbynathpro.fr\/?page_id=1145#primaryimage"},"image":{"@id":"https:\/\/lmbynathpro.fr\/?page_id=1145#primaryimage"},"thumbnailUrl":"http:\/\/lmbynathpro.fr\/wp-content\/uploads\/2026\/03\/stevepb-hourglass-1703349_1920.jpg","datePublished":"2026-03-25T14:12:48+00:00","dateModified":"2026-03-25T14:19:27+00:00","description":"D\u00e9couvrez comment gagner du temps sur votre administratif gr\u00e2ce \u00e0 des conseils simples et efficaces pour entrepreneurs et ind\u00e9pendants.","breadcrumb":{"@id":"https:\/\/lmbynathpro.fr\/?page_id=1145#breadcrumb"},"inLanguage":"fr-FR","potentialAction":[{"@type":"ReadAction","target":["https:\/\/lmbynathpro.fr\/?page_id=1145"]}]},{"@type":"ImageObject","inLanguage":"fr-FR","@id":"https:\/\/lmbynathpro.fr\/?page_id=1145#primaryimage","url":"https:\/\/lmbynathpro.fr\/wp-content\/uploads\/2026\/03\/stevepb-hourglass-1703349_1920.jpg","contentUrl":"https:\/\/lmbynathpro.fr\/wp-content\/uploads\/2026\/03\/stevepb-hourglass-1703349_1920.jpg","width":1920,"height":1280},{"@type":"BreadcrumbList","@id":"https:\/\/lmbynathpro.fr\/?page_id=1145#breadcrumb","itemListElement":[{"@type":"ListItem","position":1,"name":"Accueil","item":"https:\/\/lmbynathpro.fr\/"},{"@type":"ListItem","position":2,"name":"Comment gagner du temps sur sa gestion administrative quand on est entrepreneur ?"}]},{"@type":"WebSite","@id":"https:\/\/lmbynathpro.fr\/#website","url":"https:\/\/lmbynathpro.fr\/","name":"LM By Nath Pro","description":"D\u00e9l\u00e9guez votre administratif, respirez... D\u00e9veloppez votre activit\u00e9 en toute s\u00e9r\u00e9nit\u00e9","publisher":{"@id":"https:\/\/lmbynathpro.fr\/#organization"},"alternateName":"LM By Nath Pro","potentialAction":[{"@type":"SearchAction","target":{"@type":"EntryPoint","urlTemplate":"https:\/\/lmbynathpro.fr\/?s={search_term_string}"},"query-input":{"@type":"PropertyValueSpecification","valueRequired":true,"valueName":"search_term_string"}}],"inLanguage":"fr-FR"},{"@type":"Organization","@id":"https:\/\/lmbynathpro.fr\/#organization","name":"LM By Nath Pro","url":"https:\/\/lmbynathpro.fr\/","logo":{"@type":"ImageObject","inLanguage":"fr-FR","@id":"https:\/\/lmbynathpro.fr\/#\/schema\/logo\/image\/","url":"https:\/\/lmbynathpro.fr\/wp-content\/uploads\/2026\/01\/photo.png","contentUrl":"https:\/\/lmbynathpro.fr\/wp-content\/uploads\/2026\/01\/photo.png","width":427,"height":466,"caption":"LM By Nath Pro"},"image":{"@id":"https:\/\/lmbynathpro.fr\/#\/schema\/logo\/image\/"},"sameAs":["https:\/\/www.facebook.com\/LMByNathPro","https:\/\/www.instagram.com\/lmbynathpro\/","https:\/\/www.linkedin.com\/in\/nathalie-heduin-64a57a241\/"]}]}},"_links":{"self":[{"href":"https:\/\/lmbynathpro.fr\/index.php?rest_route=\/wp\/v2\/pages\/1145","targetHints":{"allow":["GET"]}}],"collection":[{"href":"https:\/\/lmbynathpro.fr\/index.php?rest_route=\/wp\/v2\/pages"}],"about":[{"href":"https:\/\/lmbynathpro.fr\/index.php?rest_route=\/wp\/v2\/types\/page"}],"author":[{"embeddable":true,"href":"https:\/\/lmbynathpro.fr\/index.php?rest_route=\/wp\/v2\/users\/1"}],"replies":[{"embeddable":true,"href":"https:\/\/lmbynathpro.fr\/index.php?rest_route=%2Fwp%2Fv2%2Fcomments&post=1145"}],"version-history":[{"count":4,"href":"https:\/\/lmbynathpro.fr\/index.php?rest_route=\/wp\/v2\/pages\/1145\/revisions"}],"predecessor-version":[{"id":1153,"href":"https:\/\/lmbynathpro.fr\/index.php?rest_route=\/wp\/v2\/pages\/1145\/revisions\/1153"}],"wp:attachment":[{"href":"https:\/\/lmbynathpro.fr\/index.php?rest_route=%2Fwp%2Fv2%2Fmedia&parent=1145"}],"curies":[{"name":"wp","href":"https:\/\/api.w.org\/{rel}","templated":true}]}}