{"id":1123,"date":"2026-03-23T15:00:03","date_gmt":"2026-03-23T15:00:03","guid":{"rendered":"https:\/\/lmbynathpro.fr\/?page_id=1123"},"modified":"2026-03-25T14:22:29","modified_gmt":"2026-03-25T14:22:29","slug":"assistante-administrative-oise-val-doise-eure-pourquoi-externaliser-votre-administratif","status":"publish","type":"page","link":"https:\/\/lmbynathpro.fr\/?page_id=1123","title":{"rendered":"Pourquoi faire appel \u00e0 une assistante administrative dans l&rsquo;Oise \/ le Val-d\u2019Oise ?"},"content":{"rendered":"\n<div class=\"wp-block-cover alignfull is-light\" style=\"min-height:385px;aspect-ratio:unset;\"><img fetchpriority=\"high\" decoding=\"async\" width=\"699\" height=\"456\" class=\"wp-block-cover__image-background wp-image-1122 size-full\" alt=\"assistante administrative Oise Val-d\u2019Oise Eure gestion administrative entreprise\" src=\"http:\/\/lmbynathpro.fr\/wp-content\/uploads\/2026\/03\/localisation.png\" style=\"object-position:30% 89%\" data-object-fit=\"cover\" data-object-position=\"30% 89%\" srcset=\"https:\/\/lmbynathpro.fr\/wp-content\/uploads\/2026\/03\/localisation.png 699w, https:\/\/lmbynathpro.fr\/wp-content\/uploads\/2026\/03\/localisation-300x196.png 300w\" sizes=\"(max-width: 699px) 100vw, 699px\" \/><span aria-hidden=\"true\" class=\"wp-block-cover__background has-background-dim-60 has-background-dim\" style=\"background-color:#f3f3f3\"><\/span><div class=\"wp-block-cover__inner-container has-global-padding is-layout-constrained wp-container-core-cover-is-layout-4383d167 wp-block-cover-is-layout-constrained\">\n<div class=\"wp-block-group is-vertical is-layout-flex wp-container-core-group-is-layout-50fe2b03 wp-block-group-is-layout-flex\" style=\"padding-top:var(--wp--preset--spacing--50)\">\n<div class=\"wp-block-columns alignwide is-layout-flex wp-container-core-columns-is-layout-28f84493 wp-block-columns-is-layout-flex\">\n<div class=\"wp-block-column has-global-padding is-layout-constrained wp-container-core-column-is-layout-9146eb6a wp-block-column-is-layout-constrained\" style=\"padding-right:10px;padding-left:10px;flex-basis:100%\">\n<div class=\"wp-block-group is-content-justification-center is-nowrap is-layout-flex wp-container-core-group-is-layout-23441af8 wp-block-group-is-layout-flex\">\n<div class=\"wp-block-group has-large-font-size is-vertical is-content-justification-center is-nowrap is-layout-flex wp-container-core-group-is-layout-3fb090f2 wp-block-group-is-layout-flex\" style=\"padding-top:0;padding-right:20px;padding-bottom:10px;padding-left:5rem\">\n<p class=\"has-text-align-center has-text-color\" style=\"color:#000000;padding-top:0;padding-right:0;font-size:clamp(33.419px, 2.089rem + ((1vw - 3.2px) * 3.021), 60px);font-style:normal;font-weight:700\">Pourquoi faire appel \u00e0 une assistante administrative dans l&rsquo;Oise \/ le Val-d\u2019Oise \/ l&rsquo;Eure ?<\/p>\n<\/div>\n<\/div>\n<\/div>\n<\/div>\n<\/div>\n<\/div><\/div>\n\n\n\n<div class=\"wp-block-group alignfull has-background has-global-padding is-layout-constrained wp-container-core-group-is-layout-51463330 wp-block-group-is-layout-constrained\" style=\"background-color:#ffffff;margin-top:0px;margin-bottom:0px;padding-top:100px;padding-right:var(--wp--preset--spacing--80);padding-left:var(--wp--preset--spacing--80)\">\n<p class=\"has-text-align-left has-text-color\" style=\"color:#292f45;font-size:clamp(14px, 0.875rem + ((1vw - 3.2px) * 0.682), 20px);\">Faire appel \u00e0 une assistante administrative dans l&rsquo;Oise \/ le Val-d\u2019Oise \/ l&rsquo;Eure est une solution id\u00e9ale pour les entrepreneurs, ind\u00e9pendants, artisans et TPE qui souhaitent gagner du temps et optimiser leur gestion administrative.<br>Entre la gestion des factures, des documents et des obligations administratives, il est parfois difficile de tout g\u00e9rer seul.<br>D\u00e9couvrez pourquoi externaliser votre administratif \u00e0 proximit\u00e9 peut vous faire gagner en efficacit\u00e9 et en s\u00e9r\u00e9nit\u00e9.<\/p>\n<\/div>\n\n\n\n<div class=\"wp-block-group alignwide has-global-padding is-layout-constrained wp-container-core-group-is-layout-eedb26da wp-block-group-is-layout-constrained\" style=\"padding-top:0px;padding-bottom:0px\">\n<div class=\"wp-block-columns alignwide is-layout-flex wp-container-core-columns-is-layout-1fee05b7 wp-block-columns-is-layout-flex\" style=\"margin-bottom:0px;padding-top:0;padding-right:0;padding-bottom:0;padding-left:0\">\n<div class=\"wp-block-column is-vertically-aligned-center is-layout-flow wp-container-core-column-is-layout-c94f03dd wp-block-column-is-layout-flow\" style=\"padding-top:0px;padding-right:30px;padding-bottom:0px;padding-left:50px\">\n<h5 class=\"wp-block-heading has-text-color has-josefin-sans-font-family\" style=\"color:#000000;padding-top:0;font-size:clamp(14.082px, 0.88rem + ((1vw - 3.2px) * 0.786), 21px);font-style:normal;font-weight:400;text-transform:none\"><strong>1. Gagner du temps sur votre gestion administrative<\/strong><\/h5>\n\n\n\n<p class=\"has-text-color has-josefin-sans-font-family\" style=\"color:#000000;padding-right:0px;font-size:clamp(14px, 0.875rem + ((1vw - 3.2px) * 0.455), 18px);font-style:normal;font-weight:400\">La gestion administrative peut rapidement devenir chronophage : facturation, classement, emails, relances\u2026<br>Faire appel \u00e0 une assistante administrative vous permet de d\u00e9l\u00e9guer ces t\u00e2ches et de vous concentrer sur votre activit\u00e9 principale.<\/p>\n\n\n\n<p class=\"has-text-color has-josefin-sans-font-family\" style=\"color:#000000;padding-right:0px;font-size:clamp(14px, 0.875rem + ((1vw - 3.2px) * 0.455), 18px);font-style:normal;font-weight:400\"><\/p>\n<\/div>\n\n\n\n<div class=\"wp-block-column is-layout-flow wp-container-core-column-is-layout-ca467d2c wp-block-column-is-layout-flow\" style=\"border-style:none;border-width:0px;padding-top:30px;padding-right:30px;padding-bottom:30px;padding-left:50px\">\n<h5 class=\"wp-block-heading has-text-color has-josefin-sans-font-family\" style=\"color:#000000;padding-top:9rem;font-size:clamp(14.082px, 0.88rem + ((1vw - 3.2px) * 0.786), 21px);font-style:normal;font-weight:400;text-transform:none\"><strong>2. B\u00e9n\u00e9ficier d\u2019un accompagnement flexible et adapt\u00e9<\/strong><\/h5>\n\n\n\n<p>Contrairement \u00e0 une embauche, une assistante administrative ind\u00e9pendante propose des prestations flexibles selon vos besoins :<\/p>\n\n\n\n<ul class=\"wp-block-list\">\n<li>mission ponctuelle<\/li>\n\n\n\n<li>accompagnement r\u00e9gulier<\/li>\n\n\n\n<li>intervention \u00e0 distance<\/li>\n<\/ul>\n\n\n\n<p class=\"has-text-color has-josefin-sans-font-family\" style=\"color:#000000;padding-right:0px;font-size:clamp(14px, 0.875rem + ((1vw - 3.2px) * 0.455), 18px);font-style:normal;font-weight:400\">Cette flexibilit\u00e9 est particuli\u00e8rement adapt\u00e9e aux petites entreprises et aux ind\u00e9pendants.<\/p>\n\n\n\n<p class=\"has-text-color has-josefin-sans-font-family\" style=\"color:#000000;padding-right:0px;font-size:clamp(14px, 0.875rem + ((1vw - 3.2px) * 0.455), 18px);font-style:normal;font-weight:400\"><br><br><\/p>\n<\/div>\n\n\n\n<div class=\"wp-block-column is-vertically-aligned-center is-layout-flow wp-container-core-column-is-layout-c94f03dd wp-block-column-is-layout-flow\" style=\"padding-top:0px;padding-right:30px;padding-bottom:0px;padding-left:50px\">\n<h5 class=\"wp-block-heading has-text-color has-josefin-sans-font-family\" style=\"color:#000000;padding-top:0;font-size:clamp(14.082px, 0.88rem + ((1vw - 3.2px) * 0.786), 21px);font-style:normal;font-weight:400;text-transform:none\"><strong>3. Am\u00e9liorer l\u2019organisation de votre entreprise<\/strong><\/h5>\n\n\n\n<p class=\"has-text-color has-josefin-sans-font-family\" style=\"color:#000000;padding-right:0px;font-size:clamp(14px, 0.875rem + ((1vw - 3.2px) * 0.455), 18px);font-style:normal;font-weight:400\">Une bonne organisation administrative est essentielle pour le bon fonctionnement d\u2019une entreprise.<br>Une assistante administrative met en place des m\u00e9thodes simples et efficaces pour structurer vos documents et optimiser votre gestion.<\/p>\n\n\n\n<p class=\"has-text-color has-josefin-sans-font-family\" style=\"color:#000000;padding-right:0px;font-size:clamp(14px, 0.875rem + ((1vw - 3.2px) * 0.455), 18px);font-style:normal;font-weight:400\"><br><br><\/p>\n<\/div>\n<\/div>\n<\/div>\n\n\n\n<div class=\"wp-block-columns alignwide is-layout-flex wp-container-core-columns-is-layout-1fee05b7 wp-block-columns-is-layout-flex\" style=\"margin-bottom:0px;padding-top:0;padding-right:0;padding-bottom:0;padding-left:0\">\n<div class=\"wp-block-column is-vertically-aligned-center is-layout-flow wp-container-core-column-is-layout-c94f03dd wp-block-column-is-layout-flow\" style=\"padding-top:0px;padding-right:30px;padding-bottom:0px;padding-left:50px\">\n<h5 class=\"wp-block-heading has-text-color has-josefin-sans-font-family\" style=\"color:#000000;font-size:clamp(14.082px, 0.88rem + ((1vw - 3.2px) * 0.786), 21px);font-style:normal;font-weight:400;text-transform:none\"><strong>4. R\u00e9duire le stress li\u00e9 aux t\u00e2ches administratives<\/strong><\/h5>\n\n\n\n<p class=\"has-text-color has-josefin-sans-font-family\" style=\"color:#000000;padding-right:0px;font-size:clamp(14px, 0.875rem + ((1vw - 3.2px) * 0.455), 18px);font-style:normal;font-weight:400\">L\u2019accumulation des t\u00e2ches administratives peut devenir une source de stress importante pour les entrepreneurs.<br>Externaliser votre administratif permet de travailler plus sereinement et d\u2019\u00e9viter les retards ou les oublis.<\/p>\n\n\n\n<p class=\"has-text-color has-josefin-sans-font-family\" style=\"color:#000000;padding-right:0px;font-size:clamp(14px, 0.875rem + ((1vw - 3.2px) * 0.455), 18px);font-style:normal;font-weight:400\"><\/p>\n<\/div>\n\n\n\n<div class=\"wp-block-column is-layout-flow wp-container-core-column-is-layout-ca467d2c wp-block-column-is-layout-flow\" style=\"border-style:none;border-width:0px;padding-top:30px;padding-right:30px;padding-bottom:30px;padding-left:50px\">\n<h5 class=\"wp-block-heading has-text-color has-josefin-sans-font-family\" style=\"color:#000000;padding-top:var(--wp--preset--spacing--40);font-size:clamp(14.082px, 0.88rem + ((1vw - 3.2px) * 0.786), 21px);font-style:normal;font-weight:400;text-transform:none\"><strong>5. Un service local dans l&rsquo;Oise \/ le Val-d\u2019Oise \/ l&rsquo;Eure<\/strong><\/h5>\n\n\n\n<p class=\"has-text-color has-josefin-sans-font-family\" style=\"color:#000000;padding-right:0px;font-size:clamp(14px, 0.875rem + ((1vw - 3.2px) * 0.455), 18px);font-style:normal;font-weight:400\">Faire appel \u00e0 une assistante administrative bas\u00e9e dans l&rsquo;Oise \/ le Val-d\u2019Oise \/ l&rsquo;Eure permet de b\u00e9n\u00e9ficier d\u2019un service de proximit\u00e9, avec une bonne connaissance du tissu local.<br>Cela facilite les \u00e9changes et renforce la relation de confiance.<\/p>\n\n\n\n<p class=\"has-text-color has-josefin-sans-font-family\" style=\"color:#000000;padding-right:0px;font-size:clamp(14px, 0.875rem + ((1vw - 3.2px) * 0.455), 18px);font-style:normal;font-weight:400\"><br><\/p>\n<\/div>\n\n\n\n<div class=\"wp-block-column is-vertically-aligned-center is-layout-flow wp-container-core-column-is-layout-c94f03dd wp-block-column-is-layout-flow\" style=\"padding-top:0px;padding-right:30px;padding-bottom:0px;padding-left:50px\">\n<p class=\"has-text-color has-josefin-sans-font-family\" style=\"color:#000000;padding-right:40px;font-size:clamp(14px, 0.875rem + ((1vw - 3.2px) * 0.455), 18px);font-style:normal;font-weight:400\"><br><\/p>\n<\/div>\n<\/div>\n\n\n\n<div class=\"wp-block-group alignfull has-background has-global-padding is-layout-constrained wp-container-core-group-is-layout-2c575615 wp-block-group-is-layout-constrained\" style=\"background-color:#ffffff;margin-top:0px;margin-bottom:0px;padding-top:120px;padding-right:var(--wp--preset--spacing--80);padding-bottom:100px;padding-left:var(--wp--preset--spacing--80)\">\n<p class=\"has-text-align-left has-text-color\" style=\"color:#292f45;font-size:clamp(14px, 0.875rem + ((1vw - 3.2px) * 0.682), 20px);\">Externaliser sa gestion administrative est une solution efficace pour gagner du temps, am\u00e9liorer son organisation et d\u00e9velopper son activit\u00e9 en toute s\u00e9r\u00e9nit\u00e9.<br>Une assistante administrative ind\u00e9pendante vous accompagne au quotidien pour simplifier votre gestion administrative.<\/p>\n\n\n\n<p class=\"has-text-align-left has-text-color\" style=\"color:#292f45;font-size:clamp(14px, 0.875rem + ((1vw - 3.2px) * 0.682), 20px);\">Vous recherchez une assistante administrative proche pour vous accompagner dans votre gestion administrative ?<br>Je propose des prestations adapt\u00e9es aux entrepreneurs, ind\u00e9pendants et petites entreprises.<\/p>\n\n\n\n<div class=\"wp-block-buttons is-content-justification-center is-nowrap is-layout-flex wp-container-core-buttons-is-layout-3801a719 wp-block-buttons-is-layout-flex\" style=\"padding-right:0;padding-left:0\">\n<div class=\"wp-block-button has-custom-width wp-block-button__width-50\"><a class=\"wp-block-button__link has-text-color has-background has-link-color has-border-color has-medium-font-size has-text-align-center has-custom-font-size wp-element-button\" href=\"https:\/\/lmbynathpro.fr\/index.php\/formulaire-de-contact\/\" style=\"border-color:#010101;border-style:solid;border-width:1px;color:#ffffff;background-color:#000000;padding-top:var(--wp--preset--spacing--30);padding-right:var(--wp--preset--spacing--30);padding-bottom:var(--wp--preset--spacing--30);padding-left:var(--wp--preset--spacing--30)\"><strong>\ud83d\udc49 Contactez-moi pour \u00e9changer sur vos besoins<\/strong><\/a><\/div>\n<\/div>\n\n\n\n<p><\/p>\n<\/div>\n","protected":false},"excerpt":{"rendered":"<p>Faire appel \u00e0 une assistante administrative dans l&rsquo;Oise \/ le Val-d\u2019Oise \/ l&rsquo;Eure est une solution id\u00e9ale pour les entrepreneurs, ind\u00e9pendants, artisans et TPE qui souhaitent gagner du temps et optimiser leur gestion administrative.Entre la gestion des factures, des documents et des obligations administratives, il est parfois difficile de tout g\u00e9rer seul.D\u00e9couvrez pourquoi externaliser votre [&hellip;]<\/p>\n","protected":false},"author":1,"featured_media":0,"parent":0,"menu_order":0,"comment_status":"closed","ping_status":"closed","template":"","meta":{"footnotes":""},"class_list":["post-1123","page","type-page","status-publish","hentry"],"yoast_head":"<!-- This site is optimized with the Yoast SEO plugin v27.2 - https:\/\/yoast.com\/product\/yoast-seo-wordpress\/ -->\n<title>Blog LM By Nath Pro - Assistante administrative Oise \/ Val d&#039;Oise \/ Eure<\/title>\n<meta name=\"description\" content=\"Besoin d&#039;une assistante administrative dans l&#039;Oise \/ le Val d&#039;Oise \/ l&#039;Eure ? D\u00e9couvrez les avantages d\u2019externaliser votre administratif.\" \/>\n<meta name=\"robots\" content=\"index, follow, max-snippet:-1, max-image-preview:large, max-video-preview:-1\" \/>\n<link rel=\"canonical\" href=\"https:\/\/lmbynathpro.fr\/?page_id=1123\" \/>\n<meta property=\"og:locale\" content=\"fr_FR\" \/>\n<meta property=\"og:type\" content=\"article\" \/>\n<meta property=\"og:title\" content=\"Blog LM By Nath Pro - Assistante administrative Oise \/ Val d&#039;Oise \/ Eure\" \/>\n<meta property=\"og:description\" content=\"Besoin d&#039;une assistante administrative dans l&#039;Oise \/ le Val d&#039;Oise \/ l&#039;Eure ? D\u00e9couvrez les avantages d\u2019externaliser votre administratif.\" \/>\n<meta property=\"og:url\" content=\"https:\/\/lmbynathpro.fr\/?page_id=1123\" \/>\n<meta property=\"og:site_name\" content=\"LM By Nath Pro\" \/>\n<meta property=\"article:publisher\" content=\"https:\/\/www.facebook.com\/LMByNathPro\" \/>\n<meta property=\"article:modified_time\" content=\"2026-03-25T14:22:29+00:00\" \/>\n<meta property=\"og:image\" content=\"http:\/\/lmbynathpro.fr\/wp-content\/uploads\/2026\/03\/localisation.png\" \/>\n<meta name=\"twitter:card\" content=\"summary_large_image\" \/>\n<meta name=\"twitter:label1\" content=\"Dur\u00e9e de lecture estim\u00e9e\" \/>\n\t<meta name=\"twitter:data1\" content=\"2 minutes\" \/>\n<script type=\"application\/ld+json\" class=\"yoast-schema-graph\">{\"@context\":\"https:\/\/schema.org\",\"@graph\":[{\"@type\":\"WebPage\",\"@id\":\"https:\/\/lmbynathpro.fr\/?page_id=1123\",\"url\":\"https:\/\/lmbynathpro.fr\/?page_id=1123\",\"name\":\"Blog LM By Nath Pro - Assistante administrative Oise \/ Val d'Oise \/ Eure\",\"isPartOf\":{\"@id\":\"https:\/\/lmbynathpro.fr\/#website\"},\"primaryImageOfPage\":{\"@id\":\"https:\/\/lmbynathpro.fr\/?page_id=1123#primaryimage\"},\"image\":{\"@id\":\"https:\/\/lmbynathpro.fr\/?page_id=1123#primaryimage\"},\"thumbnailUrl\":\"http:\/\/lmbynathpro.fr\/wp-content\/uploads\/2026\/03\/localisation.png\",\"datePublished\":\"2026-03-23T15:00:03+00:00\",\"dateModified\":\"2026-03-25T14:22:29+00:00\",\"description\":\"Besoin d'une assistante administrative dans l'Oise \/ le Val d'Oise \/ l'Eure ? D\u00e9couvrez les avantages d\u2019externaliser votre administratif.\",\"breadcrumb\":{\"@id\":\"https:\/\/lmbynathpro.fr\/?page_id=1123#breadcrumb\"},\"inLanguage\":\"fr-FR\",\"potentialAction\":[{\"@type\":\"ReadAction\",\"target\":[\"https:\/\/lmbynathpro.fr\/?page_id=1123\"]}]},{\"@type\":\"ImageObject\",\"inLanguage\":\"fr-FR\",\"@id\":\"https:\/\/lmbynathpro.fr\/?page_id=1123#primaryimage\",\"url\":\"https:\/\/lmbynathpro.fr\/wp-content\/uploads\/2026\/03\/localisation.png\",\"contentUrl\":\"https:\/\/lmbynathpro.fr\/wp-content\/uploads\/2026\/03\/localisation.png\",\"width\":699,\"height\":456},{\"@type\":\"BreadcrumbList\",\"@id\":\"https:\/\/lmbynathpro.fr\/?page_id=1123#breadcrumb\",\"itemListElement\":[{\"@type\":\"ListItem\",\"position\":1,\"name\":\"Accueil\",\"item\":\"https:\/\/lmbynathpro.fr\/\"},{\"@type\":\"ListItem\",\"position\":2,\"name\":\"Pourquoi faire appel \u00e0 une assistante administrative dans l&rsquo;Oise \/ le Val-d\u2019Oise ?\"}]},{\"@type\":\"WebSite\",\"@id\":\"https:\/\/lmbynathpro.fr\/#website\",\"url\":\"https:\/\/lmbynathpro.fr\/\",\"name\":\"LM By Nath Pro\",\"description\":\"D\u00e9l\u00e9guez votre administratif, respirez... D\u00e9veloppez votre activit\u00e9 en toute s\u00e9r\u00e9nit\u00e9\",\"publisher\":{\"@id\":\"https:\/\/lmbynathpro.fr\/#organization\"},\"alternateName\":\"LM By Nath Pro\",\"potentialAction\":[{\"@type\":\"SearchAction\",\"target\":{\"@type\":\"EntryPoint\",\"urlTemplate\":\"https:\/\/lmbynathpro.fr\/?s={search_term_string}\"},\"query-input\":{\"@type\":\"PropertyValueSpecification\",\"valueRequired\":true,\"valueName\":\"search_term_string\"}}],\"inLanguage\":\"fr-FR\"},{\"@type\":\"Organization\",\"@id\":\"https:\/\/lmbynathpro.fr\/#organization\",\"name\":\"LM By Nath Pro\",\"url\":\"https:\/\/lmbynathpro.fr\/\",\"logo\":{\"@type\":\"ImageObject\",\"inLanguage\":\"fr-FR\",\"@id\":\"https:\/\/lmbynathpro.fr\/#\/schema\/logo\/image\/\",\"url\":\"https:\/\/lmbynathpro.fr\/wp-content\/uploads\/2026\/01\/photo.png\",\"contentUrl\":\"https:\/\/lmbynathpro.fr\/wp-content\/uploads\/2026\/01\/photo.png\",\"width\":427,\"height\":466,\"caption\":\"LM By Nath Pro\"},\"image\":{\"@id\":\"https:\/\/lmbynathpro.fr\/#\/schema\/logo\/image\/\"},\"sameAs\":[\"https:\/\/www.facebook.com\/LMByNathPro\",\"https:\/\/www.instagram.com\/lmbynathpro\/\",\"https:\/\/www.linkedin.com\/in\/nathalie-heduin-64a57a241\/\"]}]}<\/script>\n<!-- \/ Yoast SEO plugin. -->","yoast_head_json":{"title":"Blog LM By Nath Pro - Assistante administrative Oise \/ Val d'Oise \/ Eure","description":"Besoin d'une assistante administrative dans l'Oise \/ le Val d'Oise \/ l'Eure ? D\u00e9couvrez les avantages d\u2019externaliser votre administratif.","robots":{"index":"index","follow":"follow","max-snippet":"max-snippet:-1","max-image-preview":"max-image-preview:large","max-video-preview":"max-video-preview:-1"},"canonical":"https:\/\/lmbynathpro.fr\/?page_id=1123","og_locale":"fr_FR","og_type":"article","og_title":"Blog LM By Nath Pro - Assistante administrative Oise \/ Val d'Oise \/ Eure","og_description":"Besoin d'une assistante administrative dans l'Oise \/ le Val d'Oise \/ l'Eure ? D\u00e9couvrez les avantages d\u2019externaliser votre administratif.","og_url":"https:\/\/lmbynathpro.fr\/?page_id=1123","og_site_name":"LM By Nath Pro","article_publisher":"https:\/\/www.facebook.com\/LMByNathPro","article_modified_time":"2026-03-25T14:22:29+00:00","og_image":[{"url":"http:\/\/lmbynathpro.fr\/wp-content\/uploads\/2026\/03\/localisation.png","type":"","width":"","height":""}],"twitter_card":"summary_large_image","twitter_misc":{"Dur\u00e9e de lecture estim\u00e9e":"2 minutes"},"schema":{"@context":"https:\/\/schema.org","@graph":[{"@type":"WebPage","@id":"https:\/\/lmbynathpro.fr\/?page_id=1123","url":"https:\/\/lmbynathpro.fr\/?page_id=1123","name":"Blog LM By Nath Pro - Assistante administrative Oise \/ Val d'Oise \/ Eure","isPartOf":{"@id":"https:\/\/lmbynathpro.fr\/#website"},"primaryImageOfPage":{"@id":"https:\/\/lmbynathpro.fr\/?page_id=1123#primaryimage"},"image":{"@id":"https:\/\/lmbynathpro.fr\/?page_id=1123#primaryimage"},"thumbnailUrl":"http:\/\/lmbynathpro.fr\/wp-content\/uploads\/2026\/03\/localisation.png","datePublished":"2026-03-23T15:00:03+00:00","dateModified":"2026-03-25T14:22:29+00:00","description":"Besoin d'une assistante administrative dans l'Oise \/ le Val d'Oise \/ l'Eure ? D\u00e9couvrez les avantages d\u2019externaliser votre administratif.","breadcrumb":{"@id":"https:\/\/lmbynathpro.fr\/?page_id=1123#breadcrumb"},"inLanguage":"fr-FR","potentialAction":[{"@type":"ReadAction","target":["https:\/\/lmbynathpro.fr\/?page_id=1123"]}]},{"@type":"ImageObject","inLanguage":"fr-FR","@id":"https:\/\/lmbynathpro.fr\/?page_id=1123#primaryimage","url":"https:\/\/lmbynathpro.fr\/wp-content\/uploads\/2026\/03\/localisation.png","contentUrl":"https:\/\/lmbynathpro.fr\/wp-content\/uploads\/2026\/03\/localisation.png","width":699,"height":456},{"@type":"BreadcrumbList","@id":"https:\/\/lmbynathpro.fr\/?page_id=1123#breadcrumb","itemListElement":[{"@type":"ListItem","position":1,"name":"Accueil","item":"https:\/\/lmbynathpro.fr\/"},{"@type":"ListItem","position":2,"name":"Pourquoi faire appel \u00e0 une assistante administrative dans l&rsquo;Oise \/ le Val-d\u2019Oise ?"}]},{"@type":"WebSite","@id":"https:\/\/lmbynathpro.fr\/#website","url":"https:\/\/lmbynathpro.fr\/","name":"LM By Nath Pro","description":"D\u00e9l\u00e9guez votre administratif, respirez... D\u00e9veloppez votre activit\u00e9 en toute s\u00e9r\u00e9nit\u00e9","publisher":{"@id":"https:\/\/lmbynathpro.fr\/#organization"},"alternateName":"LM By Nath Pro","potentialAction":[{"@type":"SearchAction","target":{"@type":"EntryPoint","urlTemplate":"https:\/\/lmbynathpro.fr\/?s={search_term_string}"},"query-input":{"@type":"PropertyValueSpecification","valueRequired":true,"valueName":"search_term_string"}}],"inLanguage":"fr-FR"},{"@type":"Organization","@id":"https:\/\/lmbynathpro.fr\/#organization","name":"LM By Nath Pro","url":"https:\/\/lmbynathpro.fr\/","logo":{"@type":"ImageObject","inLanguage":"fr-FR","@id":"https:\/\/lmbynathpro.fr\/#\/schema\/logo\/image\/","url":"https:\/\/lmbynathpro.fr\/wp-content\/uploads\/2026\/01\/photo.png","contentUrl":"https:\/\/lmbynathpro.fr\/wp-content\/uploads\/2026\/01\/photo.png","width":427,"height":466,"caption":"LM By Nath Pro"},"image":{"@id":"https:\/\/lmbynathpro.fr\/#\/schema\/logo\/image\/"},"sameAs":["https:\/\/www.facebook.com\/LMByNathPro","https:\/\/www.instagram.com\/lmbynathpro\/","https:\/\/www.linkedin.com\/in\/nathalie-heduin-64a57a241\/"]}]}},"_links":{"self":[{"href":"https:\/\/lmbynathpro.fr\/index.php?rest_route=\/wp\/v2\/pages\/1123","targetHints":{"allow":["GET"]}}],"collection":[{"href":"https:\/\/lmbynathpro.fr\/index.php?rest_route=\/wp\/v2\/pages"}],"about":[{"href":"https:\/\/lmbynathpro.fr\/index.php?rest_route=\/wp\/v2\/types\/page"}],"author":[{"embeddable":true,"href":"https:\/\/lmbynathpro.fr\/index.php?rest_route=\/wp\/v2\/users\/1"}],"replies":[{"embeddable":true,"href":"https:\/\/lmbynathpro.fr\/index.php?rest_route=%2Fwp%2Fv2%2Fcomments&post=1123"}],"version-history":[{"count":6,"href":"https:\/\/lmbynathpro.fr\/index.php?rest_route=\/wp\/v2\/pages\/1123\/revisions"}],"predecessor-version":[{"id":1144,"href":"https:\/\/lmbynathpro.fr\/index.php?rest_route=\/wp\/v2\/pages\/1123\/revisions\/1144"}],"wp:attachment":[{"href":"https:\/\/lmbynathpro.fr\/index.php?rest_route=%2Fwp%2Fv2%2Fmedia&parent=1123"}],"curies":[{"name":"wp","href":"https:\/\/api.w.org\/{rel}","templated":true}]}}