{"id":1066,"date":"2026-03-23T14:01:48","date_gmt":"2026-03-23T14:01:48","guid":{"rendered":"https:\/\/lmbynathpro.fr\/?page_id=1066"},"modified":"2026-03-25T14:21:43","modified_gmt":"2026-03-25T14:21:43","slug":"comment-organiser-son-administratif-facilement-quand-on-est-entrepreneur","status":"publish","type":"page","link":"https:\/\/lmbynathpro.fr\/?page_id=1066","title":{"rendered":"Comment organiser son administratif facilement quand on est entrepreneur"},"content":{"rendered":"\n<div class=\"wp-block-cover alignfull is-light\" style=\"min-height:385px;aspect-ratio:unset;\"><img fetchpriority=\"high\" decoding=\"async\" width=\"600\" height=\"323\" class=\"wp-block-cover__image-background wp-image-1109 size-full\" alt=\"organisation administrative entrepreneur gestion documents\" src=\"https:\/\/lmbynathpro.fr\/wp-content\/uploads\/2026\/03\/organisation-1.webp\" style=\"object-position:41% 74%\" data-object-fit=\"cover\" data-object-position=\"41% 74%\" srcset=\"https:\/\/lmbynathpro.fr\/wp-content\/uploads\/2026\/03\/organisation-1.webp 600w, https:\/\/lmbynathpro.fr\/wp-content\/uploads\/2026\/03\/organisation-1-300x162.webp 300w\" sizes=\"(max-width: 600px) 100vw, 600px\" \/><span aria-hidden=\"true\" class=\"wp-block-cover__background has-background-dim\" style=\"background-color:#f3f3f3\"><\/span><div class=\"wp-block-cover__inner-container has-global-padding is-layout-constrained wp-container-core-cover-is-layout-4383d167 wp-block-cover-is-layout-constrained\">\n<div class=\"wp-block-group is-vertical is-layout-flex wp-container-core-group-is-layout-50fe2b03 wp-block-group-is-layout-flex\" style=\"padding-top:var(--wp--preset--spacing--50)\">\n<div class=\"wp-block-columns alignwide is-layout-flex wp-container-core-columns-is-layout-28f84493 wp-block-columns-is-layout-flex\">\n<div class=\"wp-block-column has-global-padding is-layout-constrained wp-container-core-column-is-layout-9146eb6a wp-block-column-is-layout-constrained\" style=\"padding-right:10px;padding-left:10px;flex-basis:100%\">\n<div class=\"wp-block-group is-content-justification-center is-nowrap is-layout-flex wp-container-core-group-is-layout-23441af8 wp-block-group-is-layout-flex\">\n<div class=\"wp-block-group has-large-font-size is-vertical is-content-justification-center is-nowrap is-layout-flex wp-container-core-group-is-layout-3fb090f2 wp-block-group-is-layout-flex\" style=\"padding-top:0;padding-right:20px;padding-bottom:10px;padding-left:5rem\">\n<p class=\"has-text-align-center has-text-color\" style=\"color:#000000;padding-top:0;padding-right:0;font-size:clamp(33.419px, 2.089rem + ((1vw - 3.2px) * 3.021), 60px);font-style:normal;font-weight:700\">Comment organiser son administratif facilement quand on est entrepreneur<\/p>\n<\/div>\n<\/div>\n<\/div>\n<\/div>\n<\/div>\n<\/div><\/div>\n\n\n\n<div class=\"wp-block-group alignfull has-background has-global-padding is-layout-constrained wp-container-core-group-is-layout-ba9d5560 wp-block-group-is-layout-constrained\" style=\"background-color:#ffffff;margin-top:0px;margin-bottom:0px;padding-top:100px;padding-right:var(--wp--preset--spacing--80);padding-bottom:50px;padding-left:var(--wp--preset--spacing--80)\">\n<p class=\"has-text-align-left has-text-color\" style=\"color:#292f45;font-size:clamp(14px, 0.875rem + ((1vw - 3.2px) * 0.682), 20px);\">Une bonne organisation administrative est essentielle pour les entrepreneurs, ind\u00e9pendants et petites entreprises. Une gestion mal structur\u00e9e peut rapidement entra\u00eener une perte de temps, des erreurs et du stress au quotidien.<br>Dans cet article, d\u00e9couvrez des conseils simples et efficaces pour organiser votre administratif facilement et optimiser la gestion de votre entreprise.<\/p>\n\n\n\n<p class=\"has-text-align-left has-text-color\" style=\"color:#292f45;font-size:clamp(14px, 0.875rem + ((1vw - 3.2px) * 0.682), 20px);\"><\/p>\n<\/div>\n\n\n\n<div class=\"wp-block-group alignwide has-global-padding is-layout-constrained wp-container-core-group-is-layout-eedb26da wp-block-group-is-layout-constrained\" style=\"padding-top:0px;padding-bottom:0px\">\n<div class=\"wp-block-columns alignwide is-layout-flex wp-container-core-columns-is-layout-1fee05b7 wp-block-columns-is-layout-flex\" style=\"margin-bottom:0px;padding-top:0;padding-right:0;padding-bottom:0;padding-left:0\">\n<div class=\"wp-block-column is-vertically-aligned-center is-layout-flow wp-container-core-column-is-layout-c94f03dd wp-block-column-is-layout-flow\" style=\"padding-top:0px;padding-right:30px;padding-bottom:0px;padding-left:50px\">\n<h5 class=\"wp-block-heading has-text-color has-josefin-sans-font-family\" style=\"color:#000000;padding-top:var(--wp--preset--spacing--50);font-size:clamp(14.082px, 0.88rem + ((1vw - 3.2px) * 0.786), 21px);font-style:normal;font-weight:400;text-transform:none\"><strong>1. Mettre en place un syst\u00e8me de classement clair<\/strong><\/h5>\n\n\n\n<p class=\"has-text-color has-josefin-sans-font-family\" style=\"color:#000000;padding-right:0px;font-size:clamp(14px, 0.875rem + ((1vw - 3.2px) * 0.455), 18px);font-style:normal;font-weight:400\">L\u2019organisation administrative commence par un bon classement des documents. Il est important de structurer vos fichiers de mani\u00e8re logique, que ce soit en version papier ou num\u00e9rique.<br>Par exemple, vous pouvez cr\u00e9er des cat\u00e9gories : factures clients, factures fournisseurs, devis, contrats et documents administratifs.<br>Un classement clair vous permet de retrouver rapidement vos documents et de gagner du temps.<\/p>\n<\/div>\n\n\n\n<div class=\"wp-block-column is-layout-flow wp-container-core-column-is-layout-ca467d2c wp-block-column-is-layout-flow\" style=\"border-style:none;border-width:0px;padding-top:30px;padding-right:30px;padding-bottom:30px;padding-left:50px\">\n<h5 class=\"wp-block-heading has-text-color has-josefin-sans-font-family\" style=\"color:#000000;padding-top:var(--wp--preset--spacing--30);font-size:clamp(14.082px, 0.88rem + ((1vw - 3.2px) * 0.786), 21px);font-style:normal;font-weight:400;text-transform:none\"><strong>2. Digitaliser ses documents administratifs<\/strong><\/h5>\n\n\n\n<p class=\"has-text-color has-josefin-sans-font-family\" style=\"color:#000000;padding-right:0px;font-size:clamp(14px, 0.875rem + ((1vw - 3.2px) * 0.455), 18px);font-style:normal;font-weight:400\">La digitalisation est aujourd\u2019hui indispensable pour optimiser sa gestion administrative. Scanner et enregistrer vos documents vous permet de les conserver en toute s\u00e9curit\u00e9 et d\u2019y acc\u00e9der facilement.<br>De plus, cela limite les pertes de documents et facilite leur partage avec votre comptable ou vos partenaires.<\/p>\n\n\n\n<p class=\"has-text-color has-josefin-sans-font-family\" style=\"color:#000000;padding-right:0px;font-size:clamp(14px, 0.875rem + ((1vw - 3.2px) * 0.455), 18px);font-style:normal;font-weight:400\"><br><br><\/p>\n<\/div>\n\n\n\n<div class=\"wp-block-column is-vertically-aligned-center is-layout-flow wp-container-core-column-is-layout-c94f03dd wp-block-column-is-layout-flow\" style=\"padding-top:0px;padding-right:30px;padding-bottom:0px;padding-left:50px\">\n<h5 class=\"wp-block-heading has-text-color has-josefin-sans-font-family\" style=\"color:#000000;padding-top:var(--wp--preset--spacing--60);font-size:clamp(14.082px, 0.88rem + ((1vw - 3.2px) * 0.786), 21px);font-style:normal;font-weight:400;text-transform:none\"><strong>3. Mettre en place une routine administrative<\/strong><\/h5>\n\n\n\n<p class=\"has-text-color has-josefin-sans-font-family\" style=\"color:#000000;padding-right:0px;font-size:clamp(14px, 0.875rem + ((1vw - 3.2px) * 0.455), 18px);font-style:normal;font-weight:400\">Consacrer un moment r\u00e9gulier \u00e0 votre administratif est essentiel pour \u00e9viter l\u2019accumulation des t\u00e2ches.<br>Par exemple, vous pouvez pr\u00e9voir :<\/p>\n\n\n\n<ul class=\"wp-block-list\">\n<li>30 minutes par jour<\/li>\n<\/ul>\n\n\n\n<ul class=\"wp-block-list\">\n<li>ou 1 \u00e0 2 heures par semaine<\/li>\n<\/ul>\n\n\n\n<p>Cette routine vous permet de garder une gestion fluide et d\u2019\u00e9viter le stress de derni\u00e8re minute.<\/p>\n\n\n\n<blockquote class=\"wp-block-quote has-border-color is-layout-flow wp-block-quote-is-layout-flow\" style=\"border-color:#ffffff\">\n<p><\/p>\n<\/blockquote>\n\n\n\n<p class=\"has-text-color has-josefin-sans-font-family\" style=\"color:#000000;padding-right:0px;font-size:clamp(14px, 0.875rem + ((1vw - 3.2px) * 0.455), 18px);font-style:normal;font-weight:400\"><br><br><\/p>\n<\/div>\n<\/div>\n<\/div>\n\n\n\n<div class=\"wp-block-columns alignwide is-layout-flex wp-container-core-columns-is-layout-1fee05b7 wp-block-columns-is-layout-flex\" style=\"margin-bottom:0px;padding-top:0;padding-right:0;padding-bottom:0;padding-left:0\">\n<div class=\"wp-block-column is-vertically-aligned-center is-layout-flow wp-container-core-column-is-layout-c94f03dd wp-block-column-is-layout-flow\" style=\"padding-top:0px;padding-right:30px;padding-bottom:0px;padding-left:50px\">\n<h5 class=\"wp-block-heading has-text-color has-josefin-sans-font-family\" style=\"color:#000000;font-size:clamp(14.082px, 0.88rem + ((1vw - 3.2px) * 0.786), 21px);font-style:normal;font-weight:400;text-transform:none\"><strong>4. Utiliser des outils de gestion adapt\u00e9s<\/strong><\/h5>\n\n\n\n<p class=\"has-text-color has-josefin-sans-font-family\" style=\"color:#000000;padding-right:0px;font-size:clamp(14px, 0.875rem + ((1vw - 3.2px) * 0.455), 18px);font-style:normal;font-weight:400\">De nombreux outils existent pour simplifier la gestion administrative des entrepreneurs. Ils permettent de g\u00e9rer les factures, suivre les paiements ou organiser les documents.<br>L\u2019utilisation d\u2019outils adapt\u00e9s permet d\u2019automatiser certaines t\u00e2ches et de gagner un temps pr\u00e9cieux au quotidien.<\/p>\n<\/div>\n\n\n\n<div class=\"wp-block-column is-layout-flow wp-container-core-column-is-layout-ca467d2c wp-block-column-is-layout-flow\" style=\"border-style:none;border-width:0px;padding-top:30px;padding-right:30px;padding-bottom:30px;padding-left:50px\">\n<h5 class=\"wp-block-heading has-text-color has-josefin-sans-font-family\" style=\"color:#000000;padding-top:var(--wp--preset--spacing--20);font-size:clamp(14.082px, 0.88rem + ((1vw - 3.2px) * 0.786), 21px);font-style:normal;font-weight:400;text-transform:none\"><strong>5. Anticiper la pr\u00e9paration comptable<\/strong><\/h5>\n\n\n\n<p class=\"has-text-color has-josefin-sans-font-family\" style=\"color:#000000;padding-right:0px;font-size:clamp(14px, 0.875rem + ((1vw - 3.2px) * 0.455), 18px);font-style:normal;font-weight:400\">Une bonne organisation administrative passe aussi par une pr\u00e9paration r\u00e9guli\u00e8re de vos documents comptables.<br>Classer vos factures, conserver vos justificatifs et v\u00e9rifier vos documents au fur et \u00e0 mesure permet de faciliter le travail du comptable et d\u2019\u00e9viter les erreurs.<\/p>\n\n\n\n<p class=\"has-text-color has-josefin-sans-font-family\" style=\"color:#000000;padding-right:0px;font-size:clamp(14px, 0.875rem + ((1vw - 3.2px) * 0.455), 18px);font-style:normal;font-weight:400\"><br><\/p>\n<\/div>\n\n\n\n<div class=\"wp-block-column is-vertically-aligned-center is-layout-flow wp-container-core-column-is-layout-c94f03dd wp-block-column-is-layout-flow\" style=\"padding-top:0px;padding-right:30px;padding-bottom:0px;padding-left:50px\">\n<p class=\"has-text-color has-josefin-sans-font-family\" style=\"color:#000000;padding-right:40px;font-size:clamp(14px, 0.875rem + ((1vw - 3.2px) * 0.455), 18px);font-style:normal;font-weight:400\"><br><\/p>\n<\/div>\n<\/div>\n\n\n\n<div class=\"wp-block-group alignfull has-background has-global-padding is-layout-constrained wp-container-core-group-is-layout-2c575615 wp-block-group-is-layout-constrained\" style=\"background-color:#ffffff;margin-top:0px;margin-bottom:0px;padding-top:120px;padding-right:var(--wp--preset--spacing--80);padding-bottom:100px;padding-left:var(--wp--preset--spacing--80)\">\n<p class=\"has-text-align-left has-text-color\" style=\"color:#292f45;font-size:clamp(14px, 0.875rem + ((1vw - 3.2px) * 0.682), 20px);\">Organiser son administratif est indispensable pour g\u00e9rer efficacement son activit\u00e9. En mettant en place des m\u00e9thodes simples et r\u00e9guli\u00e8res, vous pouvez gagner du temps, r\u00e9duire votre charge mentale et am\u00e9liorer votre productivit\u00e9.<br>Une organisation administrative efficace vous permet de vous concentrer pleinement sur le d\u00e9veloppement de votre entreprise.<\/p>\n\n\n\n<p class=\"has-text-align-left has-text-color\" style=\"color:#292f45;font-size:clamp(14px, 0.875rem + ((1vw - 3.2px) * 0.682), 20px);\">Vous avez besoin d\u2019aide pour organiser votre gestion administrative ?<br>En tant qu\u2019assistante administrative ind\u00e9pendante, je vous accompagne dans la mise en place d\u2019une organisation adapt\u00e9e \u00e0 votre activit\u00e9.<\/p>\n\n\n\n<div class=\"wp-block-buttons is-content-justification-center is-nowrap is-layout-flex wp-container-core-buttons-is-layout-3801a719 wp-block-buttons-is-layout-flex\" style=\"padding-right:0;padding-left:0\">\n<div class=\"wp-block-button has-custom-width wp-block-button__width-50\"><a class=\"wp-block-button__link has-text-color has-background has-link-color has-border-color has-medium-font-size has-text-align-center has-custom-font-size wp-element-button\" href=\"https:\/\/lmbynathpro.fr\/index.php\/formulaire-de-contact\/\" style=\"border-color:#010101;border-style:solid;border-width:1px;color:#ffffff;background-color:#000000;padding-top:var(--wp--preset--spacing--30);padding-right:var(--wp--preset--spacing--30);padding-bottom:var(--wp--preset--spacing--30);padding-left:var(--wp--preset--spacing--30)\"><strong>\ud83d\udc49 Contactez-moi pour \u00e9changer sur vos besoins.<\/strong><\/a><\/div>\n<\/div>\n<\/div>\n","protected":false},"excerpt":{"rendered":"<p>Une bonne organisation administrative est essentielle pour les entrepreneurs, ind\u00e9pendants et petites entreprises. Une gestion mal structur\u00e9e peut rapidement entra\u00eener une perte de temps, des erreurs et du stress au quotidien.Dans cet article, d\u00e9couvrez des conseils simples et efficaces pour organiser votre administratif facilement et optimiser la gestion de votre entreprise. 1. Mettre en place [&hellip;]<\/p>\n","protected":false},"author":1,"featured_media":0,"parent":0,"menu_order":0,"comment_status":"closed","ping_status":"closed","template":"","meta":{"footnotes":""},"class_list":["post-1066","page","type-page","status-publish","hentry"],"yoast_head":"<!-- This site is optimized with the Yoast SEO plugin v27.2 - https:\/\/yoast.com\/product\/yoast-seo-wordpress\/ -->\n<title>Blog LM By Nath Pro - Comment organiser facilement son administratif<\/title>\n<meta name=\"description\" content=\"D\u00e9couvrez comment organiser votre administratif facilement gr\u00e2ce \u00e0 des conseils simples et efficaces pour entrepreneurs, ind\u00e9pendants...\" \/>\n<meta name=\"robots\" content=\"index, follow, max-snippet:-1, max-image-preview:large, max-video-preview:-1\" \/>\n<link rel=\"canonical\" href=\"https:\/\/lmbynathpro.fr\/?page_id=1066\" \/>\n<meta property=\"og:locale\" content=\"fr_FR\" \/>\n<meta property=\"og:type\" content=\"article\" \/>\n<meta property=\"og:title\" content=\"Blog LM By Nath Pro - Comment organiser facilement son administratif\" \/>\n<meta property=\"og:description\" content=\"D\u00e9couvrez comment organiser votre administratif facilement gr\u00e2ce \u00e0 des conseils simples et efficaces pour entrepreneurs, ind\u00e9pendants...\" \/>\n<meta property=\"og:url\" content=\"https:\/\/lmbynathpro.fr\/?page_id=1066\" \/>\n<meta property=\"og:site_name\" content=\"LM By Nath Pro\" \/>\n<meta property=\"article:publisher\" content=\"https:\/\/www.facebook.com\/LMByNathPro\" \/>\n<meta property=\"article:modified_time\" content=\"2026-03-25T14:21:43+00:00\" \/>\n<meta property=\"og:image\" content=\"https:\/\/lmbynathpro.fr\/wp-content\/uploads\/2026\/03\/organisation-1.webp\" \/>\n<meta name=\"twitter:card\" content=\"summary_large_image\" \/>\n<meta name=\"twitter:label1\" content=\"Dur\u00e9e de lecture estim\u00e9e\" \/>\n\t<meta name=\"twitter:data1\" content=\"3 minutes\" \/>\n<script type=\"application\/ld+json\" class=\"yoast-schema-graph\">{\"@context\":\"https:\/\/schema.org\",\"@graph\":[{\"@type\":\"WebPage\",\"@id\":\"https:\/\/lmbynathpro.fr\/?page_id=1066\",\"url\":\"https:\/\/lmbynathpro.fr\/?page_id=1066\",\"name\":\"Blog LM By Nath Pro - Comment organiser facilement son administratif\",\"isPartOf\":{\"@id\":\"https:\/\/lmbynathpro.fr\/#website\"},\"primaryImageOfPage\":{\"@id\":\"https:\/\/lmbynathpro.fr\/?page_id=1066#primaryimage\"},\"image\":{\"@id\":\"https:\/\/lmbynathpro.fr\/?page_id=1066#primaryimage\"},\"thumbnailUrl\":\"https:\/\/lmbynathpro.fr\/wp-content\/uploads\/2026\/03\/organisation-1.webp\",\"datePublished\":\"2026-03-23T14:01:48+00:00\",\"dateModified\":\"2026-03-25T14:21:43+00:00\",\"description\":\"D\u00e9couvrez comment organiser votre administratif facilement gr\u00e2ce \u00e0 des conseils simples et efficaces pour entrepreneurs, ind\u00e9pendants...\",\"breadcrumb\":{\"@id\":\"https:\/\/lmbynathpro.fr\/?page_id=1066#breadcrumb\"},\"inLanguage\":\"fr-FR\",\"potentialAction\":[{\"@type\":\"ReadAction\",\"target\":[\"https:\/\/lmbynathpro.fr\/?page_id=1066\"]}]},{\"@type\":\"ImageObject\",\"inLanguage\":\"fr-FR\",\"@id\":\"https:\/\/lmbynathpro.fr\/?page_id=1066#primaryimage\",\"url\":\"https:\/\/lmbynathpro.fr\/wp-content\/uploads\/2026\/03\/organisation-1.webp\",\"contentUrl\":\"https:\/\/lmbynathpro.fr\/wp-content\/uploads\/2026\/03\/organisation-1.webp\",\"width\":600,\"height\":323},{\"@type\":\"BreadcrumbList\",\"@id\":\"https:\/\/lmbynathpro.fr\/?page_id=1066#breadcrumb\",\"itemListElement\":[{\"@type\":\"ListItem\",\"position\":1,\"name\":\"Accueil\",\"item\":\"https:\/\/lmbynathpro.fr\/\"},{\"@type\":\"ListItem\",\"position\":2,\"name\":\"Comment organiser son administratif facilement quand on est entrepreneur\"}]},{\"@type\":\"WebSite\",\"@id\":\"https:\/\/lmbynathpro.fr\/#website\",\"url\":\"https:\/\/lmbynathpro.fr\/\",\"name\":\"LM By Nath Pro\",\"description\":\"D\u00e9l\u00e9guez votre administratif, respirez... D\u00e9veloppez votre activit\u00e9 en toute s\u00e9r\u00e9nit\u00e9\",\"publisher\":{\"@id\":\"https:\/\/lmbynathpro.fr\/#organization\"},\"alternateName\":\"LM By Nath Pro\",\"potentialAction\":[{\"@type\":\"SearchAction\",\"target\":{\"@type\":\"EntryPoint\",\"urlTemplate\":\"https:\/\/lmbynathpro.fr\/?s={search_term_string}\"},\"query-input\":{\"@type\":\"PropertyValueSpecification\",\"valueRequired\":true,\"valueName\":\"search_term_string\"}}],\"inLanguage\":\"fr-FR\"},{\"@type\":\"Organization\",\"@id\":\"https:\/\/lmbynathpro.fr\/#organization\",\"name\":\"LM By Nath Pro\",\"url\":\"https:\/\/lmbynathpro.fr\/\",\"logo\":{\"@type\":\"ImageObject\",\"inLanguage\":\"fr-FR\",\"@id\":\"https:\/\/lmbynathpro.fr\/#\/schema\/logo\/image\/\",\"url\":\"https:\/\/lmbynathpro.fr\/wp-content\/uploads\/2026\/01\/photo.png\",\"contentUrl\":\"https:\/\/lmbynathpro.fr\/wp-content\/uploads\/2026\/01\/photo.png\",\"width\":427,\"height\":466,\"caption\":\"LM By Nath Pro\"},\"image\":{\"@id\":\"https:\/\/lmbynathpro.fr\/#\/schema\/logo\/image\/\"},\"sameAs\":[\"https:\/\/www.facebook.com\/LMByNathPro\",\"https:\/\/www.instagram.com\/lmbynathpro\/\",\"https:\/\/www.linkedin.com\/in\/nathalie-heduin-64a57a241\/\"]}]}<\/script>\n<!-- \/ Yoast SEO plugin. -->","yoast_head_json":{"title":"Blog LM By Nath Pro - Comment organiser facilement son administratif","description":"D\u00e9couvrez comment organiser votre administratif facilement gr\u00e2ce \u00e0 des conseils simples et efficaces pour entrepreneurs, ind\u00e9pendants...","robots":{"index":"index","follow":"follow","max-snippet":"max-snippet:-1","max-image-preview":"max-image-preview:large","max-video-preview":"max-video-preview:-1"},"canonical":"https:\/\/lmbynathpro.fr\/?page_id=1066","og_locale":"fr_FR","og_type":"article","og_title":"Blog LM By Nath Pro - Comment organiser facilement son administratif","og_description":"D\u00e9couvrez comment organiser votre administratif facilement gr\u00e2ce \u00e0 des conseils simples et efficaces pour entrepreneurs, ind\u00e9pendants...","og_url":"https:\/\/lmbynathpro.fr\/?page_id=1066","og_site_name":"LM By Nath Pro","article_publisher":"https:\/\/www.facebook.com\/LMByNathPro","article_modified_time":"2026-03-25T14:21:43+00:00","og_image":[{"url":"https:\/\/lmbynathpro.fr\/wp-content\/uploads\/2026\/03\/organisation-1.webp","type":"","width":"","height":""}],"twitter_card":"summary_large_image","twitter_misc":{"Dur\u00e9e de lecture estim\u00e9e":"3 minutes"},"schema":{"@context":"https:\/\/schema.org","@graph":[{"@type":"WebPage","@id":"https:\/\/lmbynathpro.fr\/?page_id=1066","url":"https:\/\/lmbynathpro.fr\/?page_id=1066","name":"Blog LM By Nath Pro - Comment organiser facilement son administratif","isPartOf":{"@id":"https:\/\/lmbynathpro.fr\/#website"},"primaryImageOfPage":{"@id":"https:\/\/lmbynathpro.fr\/?page_id=1066#primaryimage"},"image":{"@id":"https:\/\/lmbynathpro.fr\/?page_id=1066#primaryimage"},"thumbnailUrl":"https:\/\/lmbynathpro.fr\/wp-content\/uploads\/2026\/03\/organisation-1.webp","datePublished":"2026-03-23T14:01:48+00:00","dateModified":"2026-03-25T14:21:43+00:00","description":"D\u00e9couvrez comment organiser votre administratif facilement gr\u00e2ce \u00e0 des conseils simples et efficaces pour entrepreneurs, ind\u00e9pendants...","breadcrumb":{"@id":"https:\/\/lmbynathpro.fr\/?page_id=1066#breadcrumb"},"inLanguage":"fr-FR","potentialAction":[{"@type":"ReadAction","target":["https:\/\/lmbynathpro.fr\/?page_id=1066"]}]},{"@type":"ImageObject","inLanguage":"fr-FR","@id":"https:\/\/lmbynathpro.fr\/?page_id=1066#primaryimage","url":"https:\/\/lmbynathpro.fr\/wp-content\/uploads\/2026\/03\/organisation-1.webp","contentUrl":"https:\/\/lmbynathpro.fr\/wp-content\/uploads\/2026\/03\/organisation-1.webp","width":600,"height":323},{"@type":"BreadcrumbList","@id":"https:\/\/lmbynathpro.fr\/?page_id=1066#breadcrumb","itemListElement":[{"@type":"ListItem","position":1,"name":"Accueil","item":"https:\/\/lmbynathpro.fr\/"},{"@type":"ListItem","position":2,"name":"Comment organiser son administratif facilement quand on est entrepreneur"}]},{"@type":"WebSite","@id":"https:\/\/lmbynathpro.fr\/#website","url":"https:\/\/lmbynathpro.fr\/","name":"LM By Nath Pro","description":"D\u00e9l\u00e9guez votre administratif, respirez... D\u00e9veloppez votre activit\u00e9 en toute s\u00e9r\u00e9nit\u00e9","publisher":{"@id":"https:\/\/lmbynathpro.fr\/#organization"},"alternateName":"LM By Nath Pro","potentialAction":[{"@type":"SearchAction","target":{"@type":"EntryPoint","urlTemplate":"https:\/\/lmbynathpro.fr\/?s={search_term_string}"},"query-input":{"@type":"PropertyValueSpecification","valueRequired":true,"valueName":"search_term_string"}}],"inLanguage":"fr-FR"},{"@type":"Organization","@id":"https:\/\/lmbynathpro.fr\/#organization","name":"LM By Nath Pro","url":"https:\/\/lmbynathpro.fr\/","logo":{"@type":"ImageObject","inLanguage":"fr-FR","@id":"https:\/\/lmbynathpro.fr\/#\/schema\/logo\/image\/","url":"https:\/\/lmbynathpro.fr\/wp-content\/uploads\/2026\/01\/photo.png","contentUrl":"https:\/\/lmbynathpro.fr\/wp-content\/uploads\/2026\/01\/photo.png","width":427,"height":466,"caption":"LM By Nath Pro"},"image":{"@id":"https:\/\/lmbynathpro.fr\/#\/schema\/logo\/image\/"},"sameAs":["https:\/\/www.facebook.com\/LMByNathPro","https:\/\/www.instagram.com\/lmbynathpro\/","https:\/\/www.linkedin.com\/in\/nathalie-heduin-64a57a241\/"]}]}},"_links":{"self":[{"href":"https:\/\/lmbynathpro.fr\/index.php?rest_route=\/wp\/v2\/pages\/1066","targetHints":{"allow":["GET"]}}],"collection":[{"href":"https:\/\/lmbynathpro.fr\/index.php?rest_route=\/wp\/v2\/pages"}],"about":[{"href":"https:\/\/lmbynathpro.fr\/index.php?rest_route=\/wp\/v2\/types\/page"}],"author":[{"embeddable":true,"href":"https:\/\/lmbynathpro.fr\/index.php?rest_route=\/wp\/v2\/users\/1"}],"replies":[{"embeddable":true,"href":"https:\/\/lmbynathpro.fr\/index.php?rest_route=%2Fwp%2Fv2%2Fcomments&post=1066"}],"version-history":[{"count":14,"href":"https:\/\/lmbynathpro.fr\/index.php?rest_route=\/wp\/v2\/pages\/1066\/revisions"}],"predecessor-version":[{"id":1140,"href":"https:\/\/lmbynathpro.fr\/index.php?rest_route=\/wp\/v2\/pages\/1066\/revisions\/1140"}],"wp:attachment":[{"href":"https:\/\/lmbynathpro.fr\/index.php?rest_route=%2Fwp%2Fv2%2Fmedia&parent=1066"}],"curies":[{"name":"wp","href":"https:\/\/api.w.org\/{rel}","templated":true}]}}