{"id":1005,"date":"2026-03-23T11:02:31","date_gmt":"2026-03-23T11:02:31","guid":{"rendered":"https:\/\/lmbynathpro.fr\/?page_id=1005"},"modified":"2026-03-25T14:20:43","modified_gmt":"2026-03-25T14:20:43","slug":"5-taches-qui-font-perdre-du-temps-aux-entrepreneurs","status":"publish","type":"page","link":"https:\/\/lmbynathpro.fr\/?page_id=1005","title":{"rendered":"5 t\u00e2ches administratives qui font perdre du temps aux entrepreneurs"},"content":{"rendered":"\n<div class=\"wp-block-cover alignfull is-light\" style=\"min-height:385px;aspect-ratio:unset;\"><img fetchpriority=\"high\" decoding=\"async\" width=\"926\" height=\"615\" class=\"wp-block-cover__image-background wp-image-985 size-full\" alt=\"gestion-administrative-entrepreneur.jpg\n5 t\u00e2ches administratives qui font perdre du temps aux entrepreneurs \" src=\"http:\/\/lmbynathpro.fr\/wp-content\/uploads\/2026\/03\/perte-de-temps.png\" data-object-fit=\"cover\" srcset=\"https:\/\/lmbynathpro.fr\/wp-content\/uploads\/2026\/03\/perte-de-temps.png 926w, https:\/\/lmbynathpro.fr\/wp-content\/uploads\/2026\/03\/perte-de-temps-300x199.png 300w, https:\/\/lmbynathpro.fr\/wp-content\/uploads\/2026\/03\/perte-de-temps-768x510.png 768w\" sizes=\"(max-width: 926px) 100vw, 926px\" \/><span aria-hidden=\"true\" class=\"wp-block-cover__background has-background-dim-60 has-background-dim\" style=\"background-color:#f3f3f3\"><\/span><div class=\"wp-block-cover__inner-container has-global-padding is-layout-constrained wp-container-core-cover-is-layout-4383d167 wp-block-cover-is-layout-constrained\">\n<div class=\"wp-block-group is-vertical is-layout-flex wp-container-core-group-is-layout-50fe2b03 wp-block-group-is-layout-flex\" style=\"padding-top:var(--wp--preset--spacing--50)\">\n<div class=\"wp-block-columns alignwide is-layout-flex wp-container-core-columns-is-layout-28f84493 wp-block-columns-is-layout-flex\">\n<div class=\"wp-block-column has-global-padding is-layout-constrained wp-container-core-column-is-layout-9146eb6a wp-block-column-is-layout-constrained\" style=\"padding-right:10px;padding-left:10px;flex-basis:100%\">\n<div class=\"wp-block-group is-content-justification-center is-nowrap is-layout-flex wp-container-core-group-is-layout-23441af8 wp-block-group-is-layout-flex\">\n<div class=\"wp-block-group has-large-font-size is-vertical is-content-justification-center is-nowrap is-layout-flex wp-container-core-group-is-layout-3fb090f2 wp-block-group-is-layout-flex\" style=\"padding-top:0;padding-right:20px;padding-bottom:10px;padding-left:5rem\">\n<p class=\"has-text-align-center has-text-color\" style=\"color:#000000;padding-top:0;padding-right:0;font-size:clamp(33.419px, 2.089rem + ((1vw - 3.2px) * 3.021), 60px);font-style:normal;font-weight:700\">5 t\u00e2ches administratives qui font perdre du temps aux entrepreneurs<\/p>\n<\/div>\n<\/div>\n<\/div>\n<\/div>\n<\/div>\n<\/div><\/div>\n\n\n\n<div class=\"wp-block-group alignfull has-background has-global-padding is-layout-constrained wp-container-core-group-is-layout-c9af8629 wp-block-group-is-layout-constrained\" style=\"background-color:#ffffff;margin-top:0px;margin-bottom:0px;padding-top:100px;padding-right:var(--wp--preset--spacing--80);padding-bottom:50px;padding-left:var(--wp--preset--spacing--80)\">\n<p class=\"has-text-align-left has-text-color\" style=\"color:#292f45;font-size:clamp(14px, 0.875rem + ((1vw - 3.2px) * 0.682), 20px);\">La gestion administrative est souvent une source de perte de temps pour les entrepreneurs, ind\u00e9pendants et petites entreprises. Entre la gestion des factures, le classement des documents ou encore les relances clients, ces t\u00e2ches peuvent rapidement devenir chronophages.<br>Dans cet article, d\u00e9couvrez les principales t\u00e2ches administratives qui font perdre du temps aux entrepreneurs et comment optimiser votre organisation pour gagner en efficacit\u00e9.<\/p>\n<\/div>\n\n\n\n<div class=\"wp-block-group alignwide has-global-padding is-layout-constrained wp-container-core-group-is-layout-eedb26da wp-block-group-is-layout-constrained\" style=\"padding-top:0px;padding-bottom:0px\">\n<div class=\"wp-block-columns alignwide is-layout-flex wp-container-core-columns-is-layout-1fee05b7 wp-block-columns-is-layout-flex\" style=\"margin-bottom:0px;padding-top:0;padding-right:0;padding-bottom:0;padding-left:0\">\n<div class=\"wp-block-column is-vertically-aligned-center is-layout-flow wp-container-core-column-is-layout-c94f03dd wp-block-column-is-layout-flow\" style=\"padding-top:0px;padding-right:30px;padding-bottom:0px;padding-left:50px\">\n<h5 class=\"wp-block-heading has-text-color has-josefin-sans-font-family\" style=\"color:#000000;padding-top:var(--wp--preset--spacing--50);font-size:clamp(14.082px, 0.88rem + ((1vw - 3.2px) * 0.786), 21px);font-style:normal;font-weight:400;text-transform:none\"><strong>1. La gestion des factures et des devis<\/strong><\/h5>\n\n\n\n<p class=\"has-text-color has-josefin-sans-font-family\" style=\"color:#000000;padding-right:0px;font-size:clamp(14px, 0.875rem + ((1vw - 3.2px) * 0.455), 18px);font-style:normal;font-weight:400\">La cr\u00e9ation, l\u2019envoi et le suivi des factures et devis font partie des t\u00e2ches administratives les plus chronophages. Une mauvaise organisation peut entra\u00eener des oublis, des erreurs ou des retards de paiement.<br>Mettre en place un suivi rigoureux ou utiliser des outils de gestion permet de simplifier cette t\u00e2che et de gagner un temps pr\u00e9cieux.<\/p>\n\n\n\n<p class=\"has-text-color has-josefin-sans-font-family\" style=\"color:#000000;padding-right:0px;font-size:clamp(14px, 0.875rem + ((1vw - 3.2px) * 0.455), 18px);font-style:normal;font-weight:400\"><\/p>\n<\/div>\n\n\n\n<div class=\"wp-block-column is-layout-flow wp-container-core-column-is-layout-ca467d2c wp-block-column-is-layout-flow\" style=\"border-style:none;border-width:0px;padding-top:30px;padding-right:30px;padding-bottom:30px;padding-left:50px\">\n<h5 class=\"wp-block-heading has-text-color has-josefin-sans-font-family\" style=\"color:#000000;padding-top:var(--wp--preset--spacing--60);font-size:clamp(14.082px, 0.88rem + ((1vw - 3.2px) * 0.786), 21px);font-style:normal;font-weight:400;text-transform:none\"><strong>2. Le classement des documents<\/strong><\/h5>\n\n\n\n<p class=\"has-text-color has-josefin-sans-font-family\" style=\"color:#000000;padding-right:0px;font-size:clamp(14px, 0.875rem + ((1vw - 3.2px) * 0.455), 18px);font-style:normal;font-weight:400\">Le classement des documents administratifs est essentiel pour une bonne gestion d\u2019entreprise. Sans organisation claire, retrouver une facture ou un contrat peut rapidement devenir compliqu\u00e9.<br>Adopter un syst\u00e8me de classement structur\u00e9, qu\u2019il soit num\u00e9rique ou papier, permet d\u2019optimiser votre gestion administrative au quotidien.<\/p>\n\n\n\n<p class=\"has-text-color has-josefin-sans-font-family\" style=\"color:#000000;padding-right:0px;font-size:clamp(14px, 0.875rem + ((1vw - 3.2px) * 0.455), 18px);font-style:normal;font-weight:400\"><br><br><\/p>\n<\/div>\n\n\n\n<div class=\"wp-block-column is-vertically-aligned-center is-layout-flow wp-container-core-column-is-layout-c94f03dd wp-block-column-is-layout-flow\" style=\"padding-top:0px;padding-right:30px;padding-bottom:0px;padding-left:50px\">\n<h5 class=\"wp-block-heading has-text-color has-josefin-sans-font-family\" style=\"color:#000000;padding-top:0;font-size:clamp(14.082px, 0.88rem + ((1vw - 3.2px) * 0.786), 21px);font-style:normal;font-weight:400;text-transform:none\"><strong>3. La gestion des emails<\/strong><\/h5>\n\n\n\n<p class=\"has-text-color has-josefin-sans-font-family\" style=\"color:#000000;padding-right:0px;font-size:clamp(14px, 0.875rem + ((1vw - 3.2px) * 0.455), 18px);font-style:normal;font-weight:400\">Les emails professionnels peuvent repr\u00e9senter plusieurs heures de travail chaque semaine. Trier, r\u00e9pondre et organiser sa bo\u00eete mail demande du temps et de la concentration.<br>Mettre en place une m\u00e9thode de tri et d\u00e9finir des cr\u00e9neaux d\u00e9di\u00e9s \u00e0 la gestion des emails permet d\u2019am\u00e9liorer votre productivit\u00e9<\/p>\n\n\n\n<p class=\"has-text-color has-josefin-sans-font-family\" style=\"color:#000000;padding-right:0px;font-size:clamp(14px, 0.875rem + ((1vw - 3.2px) * 0.455), 18px);font-style:normal;font-weight:400\"><br><br><\/p>\n<\/div>\n<\/div>\n<\/div>\n\n\n\n<div class=\"wp-block-columns alignwide is-layout-flex wp-container-core-columns-is-layout-1fee05b7 wp-block-columns-is-layout-flex\" style=\"margin-bottom:0px;padding-top:0;padding-right:0;padding-bottom:0;padding-left:0\">\n<div class=\"wp-block-column is-vertically-aligned-center is-layout-flow wp-container-core-column-is-layout-c94f03dd wp-block-column-is-layout-flow\" style=\"padding-top:0px;padding-right:30px;padding-bottom:0px;padding-left:50px\">\n<h5 class=\"wp-block-heading has-text-color has-josefin-sans-font-family\" style=\"color:#000000;font-size:clamp(14.082px, 0.88rem + ((1vw - 3.2px) * 0.786), 21px);font-style:normal;font-weight:400;text-transform:none\"><strong>4. Les relances clients et le suivi des paiements<\/strong><\/h5>\n\n\n\n<p class=\"has-text-color has-josefin-sans-font-family\" style=\"color:#000000;padding-right:0px;font-size:clamp(14px, 0.875rem + ((1vw - 3.2px) * 0.455), 18px);font-style:normal;font-weight:400\">Les relances clients sont indispensables pour assurer une bonne tr\u00e9sorerie, mais elles sont souvent mises de c\u00f4t\u00e9. Cette t\u00e2che administrative demande du temps et de la r\u00e9gularit\u00e9.<br>Un suivi rigoureux des paiements permet d\u2019\u00e9viter les retards et d\u2019am\u00e9liorer la gestion financi\u00e8re de votre activit\u00e9.<\/p>\n\n\n\n<p class=\"has-text-color has-josefin-sans-font-family\" style=\"color:#000000;padding-right:0px;font-size:clamp(14px, 0.875rem + ((1vw - 3.2px) * 0.455), 18px);font-style:normal;font-weight:400\"><\/p>\n<\/div>\n\n\n\n<div class=\"wp-block-column is-layout-flow wp-container-core-column-is-layout-ca467d2c wp-block-column-is-layout-flow\" style=\"border-style:none;border-width:0px;padding-top:30px;padding-right:30px;padding-bottom:30px;padding-left:50px\">\n<h5 class=\"wp-block-heading has-text-color has-josefin-sans-font-family\" style=\"color:#000000;padding-top:var(--wp--preset--spacing--70);font-size:clamp(14.082px, 0.88rem + ((1vw - 3.2px) * 0.786), 21px);font-style:normal;font-weight:400;text-transform:none\"><strong>5. La pr\u00e9paration des documents pour le comptable<\/strong><\/h5>\n\n\n\n<p class=\"has-text-color has-josefin-sans-font-family\" style=\"color:#000000;padding-right:0px;font-size:clamp(14px, 0.875rem + ((1vw - 3.2px) * 0.455), 18px);font-style:normal;font-weight:400\">Pr\u00e9parer les documents pour le comptable peut devenir une t\u00e2che lourde si elle n\u2019est pas anticip\u00e9e. Rassembler les factures, les justificatifs et les relev\u00e9s bancaires prend du temps, surtout en fin de mois.<br>Une organisation r\u00e9guli\u00e8re permet de simplifier cette \u00e9tape et d\u2019\u00e9viter le stress.<\/p>\n\n\n\n<p class=\"has-text-color has-josefin-sans-font-family\" style=\"color:#000000;padding-right:0px;font-size:clamp(14px, 0.875rem + ((1vw - 3.2px) * 0.455), 18px);font-style:normal;font-weight:400\"><br><\/p>\n<\/div>\n\n\n\n<div class=\"wp-block-column is-vertically-aligned-center is-layout-flow wp-container-core-column-is-layout-c94f03dd wp-block-column-is-layout-flow\" style=\"padding-top:0px;padding-right:30px;padding-bottom:0px;padding-left:50px\">\n<p class=\"has-text-color has-josefin-sans-font-family\" style=\"color:#000000;padding-right:40px;font-size:clamp(14px, 0.875rem + ((1vw - 3.2px) * 0.455), 18px);font-style:normal;font-weight:400\"><br><\/p>\n<\/div>\n<\/div>\n\n\n\n<div class=\"wp-block-group alignfull has-background has-global-padding is-layout-constrained wp-container-core-group-is-layout-2c575615 wp-block-group-is-layout-constrained\" style=\"background-color:#ffffff;margin-top:0px;margin-bottom:0px;padding-top:120px;padding-right:var(--wp--preset--spacing--80);padding-bottom:100px;padding-left:var(--wp--preset--spacing--80)\">\n<p class=\"has-text-align-left has-text-color\" style=\"color:#292f45;font-size:clamp(14px, 0.875rem + ((1vw - 3.2px) * 0.682), 20px);\">La gestion administrative est indispensable, mais elle ne doit pas ralentir le d\u00e9veloppement de votre activit\u00e9. En optimisant votre organisation ou en externalisant certaines t\u00e2ches administratives, vous pouvez gagner du temps et vous concentrer sur l\u2019essentiel : votre c\u0153ur de m\u00e9tier.<\/p>\n\n\n\n<p class=\"has-text-align-left has-text-color\" style=\"color:#292f45;font-size:clamp(14px, 0.875rem + ((1vw - 3.2px) * 0.682), 20px);\">Vous souhaitez d\u00e9l\u00e9guer votre gestion administrative et gagner du temps au quotidien ?<br>En tant qu\u2019assistante administrative ind\u00e9pendante, je vous accompagne dans l\u2019organisation et le suivi de votre administratif.<\/p>\n\n\n\n<div class=\"wp-block-buttons is-content-justification-center is-nowrap is-layout-flex wp-container-core-buttons-is-layout-3801a719 wp-block-buttons-is-layout-flex\" style=\"padding-right:0;padding-left:0\">\n<div class=\"wp-block-button has-custom-width wp-block-button__width-50\"><a class=\"wp-block-button__link has-text-color has-background has-link-color has-border-color has-medium-font-size has-text-align-center has-custom-font-size wp-element-button\" href=\"https:\/\/lmbynathpro.fr\/index.php\/formulaire-de-contact\/\" style=\"border-color:#010101;border-style:solid;border-width:1px;color:#ffffff;background-color:#000000;padding-top:var(--wp--preset--spacing--30);padding-right:var(--wp--preset--spacing--30);padding-bottom:var(--wp--preset--spacing--30);padding-left:var(--wp--preset--spacing--30)\"><strong>\ud83d\udc49 Contactez-moi pour \u00e9changer sur vos besoins.<\/strong><\/a><\/div>\n<\/div>\n<\/div>\n","protected":false},"excerpt":{"rendered":"<p>La gestion administrative est souvent une source de perte de temps pour les entrepreneurs, ind\u00e9pendants et petites entreprises. Entre la gestion des factures, le classement des documents ou encore les relances clients, ces t\u00e2ches peuvent rapidement devenir chronophages.Dans cet article, d\u00e9couvrez les principales t\u00e2ches administratives qui font perdre du temps aux entrepreneurs et comment optimiser [&hellip;]<\/p>\n","protected":false},"author":1,"featured_media":985,"parent":0,"menu_order":0,"comment_status":"closed","ping_status":"closed","template":"","meta":{"footnotes":""},"class_list":["post-1005","page","type-page","status-publish","has-post-thumbnail","hentry"],"yoast_head":"<!-- This site is optimized with the Yoast SEO plugin v27.2 - https:\/\/yoast.com\/product\/yoast-seo-wordpress\/ -->\n<title>Blog LM By Nath Pro - 5 t\u00e2ches qui font perdre du temps aux entrepreneurs<\/title>\n<meta name=\"description\" content=\"Article de blog sur les 5 t\u00e2ches administratives qui font perdre du temps aux entrepreneurs. N&#039;en perdez plus et contactez-moi !\" \/>\n<meta name=\"robots\" content=\"index, follow, max-snippet:-1, max-image-preview:large, max-video-preview:-1\" \/>\n<link rel=\"canonical\" href=\"https:\/\/lmbynathpro.fr\/?page_id=1005\" \/>\n<meta property=\"og:locale\" content=\"fr_FR\" \/>\n<meta property=\"og:type\" content=\"article\" \/>\n<meta property=\"og:title\" content=\"Blog LM By Nath Pro - 5 t\u00e2ches qui font perdre du temps aux entrepreneurs\" \/>\n<meta property=\"og:description\" content=\"Article de blog sur les 5 t\u00e2ches administratives qui font perdre du temps aux entrepreneurs. N&#039;en perdez plus et contactez-moi !\" \/>\n<meta property=\"og:url\" content=\"https:\/\/lmbynathpro.fr\/?page_id=1005\" \/>\n<meta property=\"og:site_name\" content=\"LM By Nath Pro\" \/>\n<meta property=\"article:publisher\" content=\"https:\/\/www.facebook.com\/LMByNathPro\" \/>\n<meta property=\"article:modified_time\" content=\"2026-03-25T14:20:43+00:00\" \/>\n<meta property=\"og:image\" content=\"https:\/\/lmbynathpro.fr\/wp-content\/uploads\/2026\/03\/perte-de-temps.png\" \/>\n\t<meta property=\"og:image:width\" content=\"926\" \/>\n\t<meta property=\"og:image:height\" content=\"615\" \/>\n\t<meta property=\"og:image:type\" content=\"image\/png\" \/>\n<meta name=\"twitter:card\" content=\"summary_large_image\" \/>\n<meta name=\"twitter:label1\" content=\"Dur\u00e9e de lecture estim\u00e9e\" \/>\n\t<meta name=\"twitter:data1\" content=\"3 minutes\" \/>\n<script type=\"application\/ld+json\" class=\"yoast-schema-graph\">{\"@context\":\"https:\/\/schema.org\",\"@graph\":[{\"@type\":\"WebPage\",\"@id\":\"https:\/\/lmbynathpro.fr\/?page_id=1005\",\"url\":\"https:\/\/lmbynathpro.fr\/?page_id=1005\",\"name\":\"Blog LM By Nath Pro - 5 t\u00e2ches qui font perdre du temps aux entrepreneurs\",\"isPartOf\":{\"@id\":\"https:\/\/lmbynathpro.fr\/#website\"},\"primaryImageOfPage\":{\"@id\":\"https:\/\/lmbynathpro.fr\/?page_id=1005#primaryimage\"},\"image\":{\"@id\":\"https:\/\/lmbynathpro.fr\/?page_id=1005#primaryimage\"},\"thumbnailUrl\":\"https:\/\/lmbynathpro.fr\/wp-content\/uploads\/2026\/03\/perte-de-temps.png\",\"datePublished\":\"2026-03-23T11:02:31+00:00\",\"dateModified\":\"2026-03-25T14:20:43+00:00\",\"description\":\"Article de blog sur les 5 t\u00e2ches administratives qui font perdre du temps aux entrepreneurs. N'en perdez plus et contactez-moi !\",\"breadcrumb\":{\"@id\":\"https:\/\/lmbynathpro.fr\/?page_id=1005#breadcrumb\"},\"inLanguage\":\"fr-FR\",\"potentialAction\":[{\"@type\":\"ReadAction\",\"target\":[\"https:\/\/lmbynathpro.fr\/?page_id=1005\"]}]},{\"@type\":\"ImageObject\",\"inLanguage\":\"fr-FR\",\"@id\":\"https:\/\/lmbynathpro.fr\/?page_id=1005#primaryimage\",\"url\":\"https:\/\/lmbynathpro.fr\/wp-content\/uploads\/2026\/03\/perte-de-temps.png\",\"contentUrl\":\"https:\/\/lmbynathpro.fr\/wp-content\/uploads\/2026\/03\/perte-de-temps.png\",\"width\":926,\"height\":615},{\"@type\":\"BreadcrumbList\",\"@id\":\"https:\/\/lmbynathpro.fr\/?page_id=1005#breadcrumb\",\"itemListElement\":[{\"@type\":\"ListItem\",\"position\":1,\"name\":\"Accueil\",\"item\":\"https:\/\/lmbynathpro.fr\/\"},{\"@type\":\"ListItem\",\"position\":2,\"name\":\"5 t\u00e2ches administratives qui font perdre du temps aux entrepreneurs\"}]},{\"@type\":\"WebSite\",\"@id\":\"https:\/\/lmbynathpro.fr\/#website\",\"url\":\"https:\/\/lmbynathpro.fr\/\",\"name\":\"LM By Nath Pro\",\"description\":\"D\u00e9l\u00e9guez votre administratif, respirez... D\u00e9veloppez votre activit\u00e9 en toute s\u00e9r\u00e9nit\u00e9\",\"publisher\":{\"@id\":\"https:\/\/lmbynathpro.fr\/#organization\"},\"alternateName\":\"LM By Nath Pro\",\"potentialAction\":[{\"@type\":\"SearchAction\",\"target\":{\"@type\":\"EntryPoint\",\"urlTemplate\":\"https:\/\/lmbynathpro.fr\/?s={search_term_string}\"},\"query-input\":{\"@type\":\"PropertyValueSpecification\",\"valueRequired\":true,\"valueName\":\"search_term_string\"}}],\"inLanguage\":\"fr-FR\"},{\"@type\":\"Organization\",\"@id\":\"https:\/\/lmbynathpro.fr\/#organization\",\"name\":\"LM By Nath Pro\",\"url\":\"https:\/\/lmbynathpro.fr\/\",\"logo\":{\"@type\":\"ImageObject\",\"inLanguage\":\"fr-FR\",\"@id\":\"https:\/\/lmbynathpro.fr\/#\/schema\/logo\/image\/\",\"url\":\"https:\/\/lmbynathpro.fr\/wp-content\/uploads\/2026\/01\/photo.png\",\"contentUrl\":\"https:\/\/lmbynathpro.fr\/wp-content\/uploads\/2026\/01\/photo.png\",\"width\":427,\"height\":466,\"caption\":\"LM By Nath Pro\"},\"image\":{\"@id\":\"https:\/\/lmbynathpro.fr\/#\/schema\/logo\/image\/\"},\"sameAs\":[\"https:\/\/www.facebook.com\/LMByNathPro\",\"https:\/\/www.instagram.com\/lmbynathpro\/\",\"https:\/\/www.linkedin.com\/in\/nathalie-heduin-64a57a241\/\"]}]}<\/script>\n<!-- \/ Yoast SEO plugin. -->","yoast_head_json":{"title":"Blog LM By Nath Pro - 5 t\u00e2ches qui font perdre du temps aux entrepreneurs","description":"Article de blog sur les 5 t\u00e2ches administratives qui font perdre du temps aux entrepreneurs. N'en perdez plus et contactez-moi !","robots":{"index":"index","follow":"follow","max-snippet":"max-snippet:-1","max-image-preview":"max-image-preview:large","max-video-preview":"max-video-preview:-1"},"canonical":"https:\/\/lmbynathpro.fr\/?page_id=1005","og_locale":"fr_FR","og_type":"article","og_title":"Blog LM By Nath Pro - 5 t\u00e2ches qui font perdre du temps aux entrepreneurs","og_description":"Article de blog sur les 5 t\u00e2ches administratives qui font perdre du temps aux entrepreneurs. N'en perdez plus et contactez-moi !","og_url":"https:\/\/lmbynathpro.fr\/?page_id=1005","og_site_name":"LM By Nath Pro","article_publisher":"https:\/\/www.facebook.com\/LMByNathPro","article_modified_time":"2026-03-25T14:20:43+00:00","og_image":[{"width":926,"height":615,"url":"https:\/\/lmbynathpro.fr\/wp-content\/uploads\/2026\/03\/perte-de-temps.png","type":"image\/png"}],"twitter_card":"summary_large_image","twitter_misc":{"Dur\u00e9e de lecture estim\u00e9e":"3 minutes"},"schema":{"@context":"https:\/\/schema.org","@graph":[{"@type":"WebPage","@id":"https:\/\/lmbynathpro.fr\/?page_id=1005","url":"https:\/\/lmbynathpro.fr\/?page_id=1005","name":"Blog LM By Nath Pro - 5 t\u00e2ches qui font perdre du temps aux entrepreneurs","isPartOf":{"@id":"https:\/\/lmbynathpro.fr\/#website"},"primaryImageOfPage":{"@id":"https:\/\/lmbynathpro.fr\/?page_id=1005#primaryimage"},"image":{"@id":"https:\/\/lmbynathpro.fr\/?page_id=1005#primaryimage"},"thumbnailUrl":"https:\/\/lmbynathpro.fr\/wp-content\/uploads\/2026\/03\/perte-de-temps.png","datePublished":"2026-03-23T11:02:31+00:00","dateModified":"2026-03-25T14:20:43+00:00","description":"Article de blog sur les 5 t\u00e2ches administratives qui font perdre du temps aux entrepreneurs. N'en perdez plus et contactez-moi !","breadcrumb":{"@id":"https:\/\/lmbynathpro.fr\/?page_id=1005#breadcrumb"},"inLanguage":"fr-FR","potentialAction":[{"@type":"ReadAction","target":["https:\/\/lmbynathpro.fr\/?page_id=1005"]}]},{"@type":"ImageObject","inLanguage":"fr-FR","@id":"https:\/\/lmbynathpro.fr\/?page_id=1005#primaryimage","url":"https:\/\/lmbynathpro.fr\/wp-content\/uploads\/2026\/03\/perte-de-temps.png","contentUrl":"https:\/\/lmbynathpro.fr\/wp-content\/uploads\/2026\/03\/perte-de-temps.png","width":926,"height":615},{"@type":"BreadcrumbList","@id":"https:\/\/lmbynathpro.fr\/?page_id=1005#breadcrumb","itemListElement":[{"@type":"ListItem","position":1,"name":"Accueil","item":"https:\/\/lmbynathpro.fr\/"},{"@type":"ListItem","position":2,"name":"5 t\u00e2ches administratives qui font perdre du temps aux entrepreneurs"}]},{"@type":"WebSite","@id":"https:\/\/lmbynathpro.fr\/#website","url":"https:\/\/lmbynathpro.fr\/","name":"LM By Nath Pro","description":"D\u00e9l\u00e9guez votre administratif, respirez... D\u00e9veloppez votre activit\u00e9 en toute s\u00e9r\u00e9nit\u00e9","publisher":{"@id":"https:\/\/lmbynathpro.fr\/#organization"},"alternateName":"LM By Nath Pro","potentialAction":[{"@type":"SearchAction","target":{"@type":"EntryPoint","urlTemplate":"https:\/\/lmbynathpro.fr\/?s={search_term_string}"},"query-input":{"@type":"PropertyValueSpecification","valueRequired":true,"valueName":"search_term_string"}}],"inLanguage":"fr-FR"},{"@type":"Organization","@id":"https:\/\/lmbynathpro.fr\/#organization","name":"LM By Nath Pro","url":"https:\/\/lmbynathpro.fr\/","logo":{"@type":"ImageObject","inLanguage":"fr-FR","@id":"https:\/\/lmbynathpro.fr\/#\/schema\/logo\/image\/","url":"https:\/\/lmbynathpro.fr\/wp-content\/uploads\/2026\/01\/photo.png","contentUrl":"https:\/\/lmbynathpro.fr\/wp-content\/uploads\/2026\/01\/photo.png","width":427,"height":466,"caption":"LM By Nath Pro"},"image":{"@id":"https:\/\/lmbynathpro.fr\/#\/schema\/logo\/image\/"},"sameAs":["https:\/\/www.facebook.com\/LMByNathPro","https:\/\/www.instagram.com\/lmbynathpro\/","https:\/\/www.linkedin.com\/in\/nathalie-heduin-64a57a241\/"]}]}},"_links":{"self":[{"href":"https:\/\/lmbynathpro.fr\/index.php?rest_route=\/wp\/v2\/pages\/1005","targetHints":{"allow":["GET"]}}],"collection":[{"href":"https:\/\/lmbynathpro.fr\/index.php?rest_route=\/wp\/v2\/pages"}],"about":[{"href":"https:\/\/lmbynathpro.fr\/index.php?rest_route=\/wp\/v2\/types\/page"}],"author":[{"embeddable":true,"href":"https:\/\/lmbynathpro.fr\/index.php?rest_route=\/wp\/v2\/users\/1"}],"replies":[{"embeddable":true,"href":"https:\/\/lmbynathpro.fr\/index.php?rest_route=%2Fwp%2Fv2%2Fcomments&post=1005"}],"version-history":[{"count":58,"href":"https:\/\/lmbynathpro.fr\/index.php?rest_route=\/wp\/v2\/pages\/1005\/revisions"}],"predecessor-version":[{"id":1139,"href":"https:\/\/lmbynathpro.fr\/index.php?rest_route=\/wp\/v2\/pages\/1005\/revisions\/1139"}],"wp:featuredmedia":[{"embeddable":true,"href":"https:\/\/lmbynathpro.fr\/index.php?rest_route=\/wp\/v2\/media\/985"}],"wp:attachment":[{"href":"https:\/\/lmbynathpro.fr\/index.php?rest_route=%2Fwp%2Fv2%2Fmedia&parent=1005"}],"curies":[{"name":"wp","href":"https:\/\/api.w.org\/{rel}","templated":true}]}}